{"id":2567,"date":"2010-09-29T09:17:35","date_gmt":"2010-09-29T06:17:35","guid":{"rendered":"https:\/\/rukajarvenlomamajat.fi\/uusi\/activities\/activities-summer\/kalastus-ja-metsastys\/"},"modified":"2022-07-14T10:11:07","modified_gmt":"2022-07-14T07:11:07","slug":"fishing","status":"publish","type":"page","link":"https:\/\/rukajarvenlomamajat.fi\/ru\/activities\/activities-summer\/fishing\/","title":{"rendered":"Fishing"},"content":{"rendered":"<div>\n<h1>Fishing<\/h1>\n<p>Straight from your holiday cottage lakeshore, the clear waters of Lake Rukaj\u00e4rvi or Lake Vuosselij\u00e4rvi invite you to go for independent fishing trips. The waters are abundant with fish which can be caught with rods, traps or nets. You can also try troll fishing from a boat. The main catch are whitefish, vendace, freshwater trout, perch, pike, and grayling. We sell fishing licences.<\/p>\n<p>The famous Kuusamo rivers Kitkajoki, Oulankajoki and Kuusinkijoki lure you with their clear waters, gorgeous views, and abundant catch. A separate licence is required for river fishing.<\/p>\n<p>There is an opportunity to grill the day&#8217;s catch. A separate smoking box with wood chips can be used in the grills.<\/p>\n<\/div>\n<ul>\n<li>\n<p>        <img decoding=\"async\" src=\"\/wp-content\/uploads\/2021\/06\/kalastus_haavi.jpg\" alt=\"\"><\/p>\n<h3>kalastus_haavi<\/h3>\n<\/li>\n<li>\n<p>        <img decoding=\"async\" src=\"\/wp-content\/uploads\/2021\/06\/rukajarvenlomamajat-laavulla-kalalla.jpg\" alt=\"\"><\/p>\n<h3>rukajarvenlomamajat-laavulla-kalalla<\/h3>\n<\/li>\n<li>\n<p>        <img decoding=\"async\" src=\"\/wp-content\/uploads\/2021\/08\/jarvilohi.jpg\" alt=\"\"><\/p>\n<h3>jarvilohi<\/h3>\n<\/li>\n<li>\n<p>        <img decoding=\"async\" src=\"\/wp-content\/uploads\/2021\/08\/ahvenpilkilla-1015.jpg\" alt=\"\"><\/p>\n<h3>ahvenpilkilla-1015<\/h3>\n<\/li>\n<li>\n<p>        <img decoding=\"async\" src=\"\/wp-content\/uploads\/2021\/08\/rukajarvenlomamajat-kalasaalis.jpg\" alt=\"\"><\/p>\n<h3>rukajarvenlomamajat-kalasaalis<\/h3>\n<\/li>\n<li>\n<p>        <img decoding=\"async\" src=\"\/wp-content\/uploads\/2021\/08\/kalassa-jyravalla-poika.jpg\" alt=\"\"><\/p>\n<h3>kalassa-jyravalla-poika<\/h3>\n<\/li>\n<li>\n<p>        <img decoding=\"async\" src=\"\/wp-content\/uploads\/2021\/08\/kalastaja.jpg\" alt=\"\"><\/p>\n<h3>kalastaja<\/h3>\n<\/li>\n<li>\n<p>        <img decoding=\"async\" src=\"\/wp-content\/uploads\/2021\/08\/kalastaja2.jpg\" alt=\"\"><\/p>\n<h3>kalastaja2<\/h3>\n<\/li>\n<li>\n<p>        <img decoding=\"async\" src=\"\/wp-content\/uploads\/2021\/08\/kalastus6.jpg\" alt=\"\"><\/p>\n<h3>kalastus6<\/h3>\n<\/li>\n<li>\n<p>        <img decoding=\"async\" src=\"\/wp-content\/uploads\/2021\/08\/kalastus63.jpg\" alt=\"\"><\/p>\n<h3>kalastus63<\/h3>\n<\/li>\n<li>\n<p>        <img decoding=\"async\" src=\"\/wp-content\/uploads\/2021\/08\/kalastus64.jpg\" alt=\"\"><\/p>\n<h3>kalastus64<\/h3>\n<\/li>\n<li>\n<p>        <img decoding=\"async\" src=\"\/wp-content\/uploads\/2021\/08\/lintulammen_laavulla_1_20120326_1031891316.jpg\" alt=\"\"><\/p>\n<h3>lintulammen_laavulla_1_20120326_1031891316<\/h3>\n<\/li>\n<li>\n<p>        <img decoding=\"async\" src=\"\/wp-content\/uploads\/2021\/08\/metsastys45.jpg\" alt=\"\"><\/p>\n<h3>metsastys45<\/h3>\n<\/li>\n<li>\n<p>        <img decoding=\"async\" src=\"\/wp-content\/uploads\/2021\/08\/metsastys46.jpg\" alt=\"\"><\/p>\n<h3>metsastys46<\/h3>\n<\/li>\n<li>\n<p>        <img decoding=\"async\" src=\"\/wp-content\/uploads\/2021\/08\/metsastys47.jpg\" alt=\"\"><\/p>\n<h3>metsastys47<\/h3>\n<\/li>\n<li>\n<p>        <img decoding=\"async\" src=\"\/wp-content\/uploads\/2021\/08\/metsastys48.jpg\" alt=\"\"><\/p>\n<h3>metsastys48<\/h3>\n<\/li>\n<li>\n<p>        <img decoding=\"async\" src=\"\/wp-content\/uploads\/2021\/08\/metsot.jpg\" alt=\"\"><\/p>\n<h3>metsot<\/h3>\n<\/li>\n<li>\n<p>        <img decoding=\"async\" src=\"\/wp-content\/uploads\/2021\/08\/kalastus-jyravalla.jpg\" alt=\"\"><\/p>\n<h3>kalastus-jyravalla<\/h3>\n<\/li>\n<li>\n<p>        <img decoding=\"async\" src=\"\/wp-content\/uploads\/2021\/08\/kitkan-taimen.jpg\" alt=\"\"><\/p>\n<h3>kitkan-taimen<\/h3>\n<\/li>\n<li>\n<p>        <img decoding=\"async\" src=\"\/wp-content\/uploads\/2021\/08\/nuotiolla-koiran-kanssa.jpg\" alt=\"\"><\/p>\n<h3>nuotiolla-koiran-kanssa<\/h3>\n<\/li>\n<\/ul>\n<p><!--more--><br \/>\n<!-- {\"type\":\"layout\",\"children\":[{\"type\":\"section\",\"props\":{\"style\":\"default\",\"width\":\"default\",\"vertical_align\":\"middle\",\"title_position\":\"top-left\",\"title_rotation\":\"left\",\"title_breakpoint\":\"xl\",\"image_position\":\"center-center\"},\"children\":[{\"type\":\"row\",\"children\":[{\"type\":\"column\",\"props\":{\"image_position\":\"center-center\",\"media_overlay_gradient\":\"\",\"position_sticky_breakpoint\":\"m\"},\"children\":[{\"type\":\"text\",\"props\":{\"margin\":\"default\",\"column_breakpoint\":\"m\",\"content\":\"\n\n<h1>Fishing<\\\/h1>\\n\n\n<p>Straight from your holiday cottage lakeshore, the clear waters of Lake Rukaj\\u00e4rvi or Lake Vuosselij\\u00e4rvi invite you to go for independent fishing trips. The waters are abundant with fish which can be caught with rods, traps or nets. You can also try troll fishing from a boat. The main catch are whitefish, vendace, freshwater trout, perch, pike, and grayling. We sell fishing licences.<\\\/p>\\n\n\n<p>The famous Kuusamo rivers Kitkajoki, Oulankajoki and Kuusinkijoki lure you with their clear waters, gorgeous views, and abundant catch. A separate licence is required for river fishing.<\\\/p>\\n\n\n<p>There is an opportunity to grill the day's catch. A separate smoking box with wood chips can be used in the grills.<\\\/p>\"}},{\"type\":\"gallery\",\"props\":{\"show_title\":false,\"show_meta\":true,\"show_content\":true,\"show_link\":true,\"show_hover_image\":true,\"grid_default\":\"2\",\"grid_medium\":\"4\",\"filter_style\":\"tab\",\"filter_all\":true,\"filter_position\":\"top\",\"filter_align\":\"left\",\"filter_grid_width\":\"auto\",\"filter_grid_breakpoint\":\"m\",\"overlay_mode\":\"cover\",\"overlay_hover\":false,\"overlay_style\":\"\",\"text_color\":\"light\",\"overlay_position\":\"center\",\"overlay_transition\":\"fade\",\"title_hover_style\":\"reset\",\"title_element\":\"h3\",\"meta_style\":\"meta\",\"meta_align\":\"below-title\",\"meta_element\":\"div\",\"link_text\":\"\",\"link_style\":\"default\",\"text_align\":\"center\",\"margin\":\"default\",\"item_animation\":true,\"grid_small\":\"3\",\"grid_large\":\"6\",\"grid_xlarge\":\"6\",\"grid_column_gap\":\"small\",\"grid_row_gap\":\"small\",\"lightbox\":true,\"image_width\":\"500\",\"image_height\":\"500\",\"image_transition\":\"scale-up\",\"lightbox_image_orientation\":true,\"grid_masonry\":false,\"overlay_link\":true},\"children\":[{\"type\":\"gallery_item\",\"props\":{\"title\":\"kalastus_haavi\",\"image\":\"wp-content\\\/uploads\\\/2021\\\/06\\\/kalastus_haavi.jpg\"}},{\"type\":\"gallery_item\",\"props\":{\"title\":\"rukajarvenlomamajat-laavulla-kalalla\",\"image\":\"wp-content\\\/uploads\\\/2021\\\/06\\\/rukajarvenlomamajat-laavulla-kalalla.jpg\"}},{\"type\":\"gallery_item\",\"props\":{\"title\":\"jarvilohi\",\"image\":\"wp-content\\\/uploads\\\/2021\\\/08\\\/jarvilohi.jpg\"}},{\"type\":\"gallery_item\",\"props\":{\"title\":\"ahvenpilkilla-1015\",\"image\":\"wp-content\\\/uploads\\\/2021\\\/08\\\/ahvenpilkilla-1015.jpg\"}},{\"type\":\"gallery_item\",\"props\":{\"title\":\"rukajarvenlomamajat-kalasaalis\",\"image\":\"wp-content\\\/uploads\\\/2021\\\/08\\\/rukajarvenlomamajat-kalasaalis.jpg\"}},{\"type\":\"gallery_item\",\"props\":{\"title\":\"kalassa-jyravalla-poika\",\"image\":\"wp-content\\\/uploads\\\/2021\\\/08\\\/kalassa-jyravalla-poika.jpg\"}},{\"type\":\"gallery_item\",\"props\":{\"title\":\"kalastaja\",\"image\":\"wp-content\\\/uploads\\\/2021\\\/08\\\/kalastaja.jpg\"}},{\"type\":\"gallery_item\",\"props\":{\"title\":\"kalastaja2\",\"image\":\"wp-content\\\/uploads\\\/2021\\\/08\\\/kalastaja2.jpg\"}},{\"type\":\"gallery_item\",\"props\":{\"title\":\"kalastus6\",\"image\":\"wp-content\\\/uploads\\\/2021\\\/08\\\/kalastus6.jpg\"}},{\"type\":\"gallery_item\",\"props\":{\"title\":\"kalastus63\",\"image\":\"wp-content\\\/uploads\\\/2021\\\/08\\\/kalastus63.jpg\"}},{\"type\":\"gallery_item\",\"props\":{\"title\":\"kalastus64\",\"image\":\"wp-content\\\/uploads\\\/2021\\\/08\\\/kalastus64.jpg\"}},{\"type\":\"gallery_item\",\"props\":{\"title\":\"lintulammen_laavulla_1_20120326_1031891316\",\"image\":\"wp-content\\\/uploads\\\/2021\\\/08\\\/lintulammen_laavulla_1_20120326_1031891316.jpg\"}},{\"type\":\"gallery_item\",\"props\":{\"title\":\"metsastys45\",\"image\":\"wp-content\\\/uploads\\\/2021\\\/08\\\/metsastys45.jpg\"}},{\"type\":\"gallery_item\",\"props\":{\"title\":\"metsastys46\",\"image\":\"wp-content\\\/uploads\\\/2021\\\/08\\\/metsastys46.jpg\"}},{\"type\":\"gallery_item\",\"props\":{\"title\":\"metsastys47\",\"image\":\"wp-content\\\/uploads\\\/2021\\\/08\\\/metsastys47.jpg\"}},{\"type\":\"gallery_item\",\"props\":{\"title\":\"metsastys48\",\"image\":\"wp-content\\\/uploads\\\/2021\\\/08\\\/metsastys48.jpg\"}},{\"type\":\"gallery_item\",\"props\":{\"title\":\"metsot\",\"image\":\"wp-content\\\/uploads\\\/2021\\\/08\\\/metsot.jpg\"}},{\"type\":\"gallery_item\",\"props\":{\"title\":\"kalastus-jyravalla\",\"image\":\"wp-content\\\/uploads\\\/2021\\\/08\\\/kalastus-jyravalla.jpg\"}},{\"type\":\"gallery_item\",\"props\":{\"title\":\"kitkan-taimen\",\"image\":\"wp-content\\\/uploads\\\/2021\\\/08\\\/kitkan-taimen.jpg\"}},{\"type\":\"gallery_item\",\"props\":{\"title\":\"nuotiolla-koiran-kanssa\",\"image\":\"wp-content\\\/uploads\\\/2021\\\/08\\\/nuotiolla-koiran-kanssa.jpg\"}}],\"modified\":\"2021-06-14T08:31:49.400Z\",\"name\":\"galleria 2\"}]}]}]}],\"version\":\"2.7.22\"} --><\/p>\n","protected":false},"excerpt":{"rendered":"<p>Fishing Straight from your holiday cottage lakeshore, the clear waters of Lake Rukaj\u00e4rvi or Lake Vuosselij\u00e4rvi invite you to go for independent fishing trips. The waters are abundant with fish which can be caught with rods, traps or nets. You can also try troll fishing from a boat. The main catch are whitefish, vendace, freshwater [&hellip;]<\/p>\n","protected":false},"author":1,"featured_media":0,"parent":2554,"menu_order":6,"comment_status":"closed","ping_status":"closed","template":"","meta":{"footnotes":""},"class_list":["post-2567","page","type-page","status-publish","hentry"],"yoast_head":"<!-- This site is optimized with the Yoast SEO plugin v27.3 - https:\/\/yoast.com\/product\/yoast-seo-wordpress\/ -->\n<title>Fishing - Rukaj\u00e4rven lomamajat, Kuusamo<\/title>\n<meta name=\"description\" content=\"Straight from your holiday cottage lakeshore, the clear waters of Lake Rukaj\u00e4rvi or Lake Vuosselij\u00e4rvi invite you to go for independent fishing trips.\" \/>\n<meta name=\"robots\" content=\"index, follow, max-snippet:-1, max-image-preview:large, max-video-preview:-1\" \/>\n<link rel=\"canonical\" href=\"https:\/\/rukajarvenlomamajat.fi\/ru\/activities\/activities-summer\/fishing\/\" \/>\n<meta property=\"og:locale\" content=\"ru_RU\" \/>\n<meta property=\"og:type\" content=\"article\" \/>\n<meta property=\"og:title\" content=\"Fishing - Rukaj\u00e4rven lomamajat, Kuusamo\" \/>\n<meta property=\"og:description\" content=\"Straight from your holiday cottage lakeshore, the clear waters of Lake Rukaj\u00e4rvi or Lake Vuosselij\u00e4rvi invite you to go for independent fishing trips.\" \/>\n<meta property=\"og:url\" content=\"https:\/\/rukajarvenlomamajat.fi\/ru\/activities\/activities-summer\/fishing\/\" \/>\n<meta property=\"og:site_name\" content=\"Rukaj\u00e4rven lomamajat, Kuusamo\" \/>\n<meta property=\"article:modified_time\" content=\"2022-07-14T07:11:07+00:00\" \/>\n<meta name=\"twitter:card\" content=\"summary_large_image\" \/>\n<meta name=\"twitter:label1\" content=\"\u041f\u0440\u0438\u043c\u0435\u0440\u043d\u043e\u0435 \u0432\u0440\u0435\u043c\u044f \u0434\u043b\u044f \u0447\u0442\u0435\u043d\u0438\u044f\" \/>\n\t<meta name=\"twitter:data1\" content=\"1 \u043c\u0438\u043d\u0443\u0442\u0430\" \/>\n<script type=\"application\/ld+json\" class=\"yoast-schema-graph\">{\"@context\":\"https:\\\/\\\/schema.org\",\"@graph\":[{\"@type\":\"WebPage\",\"@id\":\"https:\\\/\\\/rukajarvenlomamajat.fi\\\/ru\\\/activities\\\/activities-summer\\\/fishing\\\/\",\"url\":\"https:\\\/\\\/rukajarvenlomamajat.fi\\\/ru\\\/activities\\\/activities-summer\\\/fishing\\\/\",\"name\":\"Fishing - Rukaj\u00e4rven lomamajat, Kuusamo\",\"isPartOf\":{\"@id\":\"https:\\\/\\\/rukajarvenlomamajat.fi\\\/ru\\\/#website\"},\"datePublished\":\"2010-09-29T06:17:35+00:00\",\"dateModified\":\"2022-07-14T07:11:07+00:00\",\"description\":\"Straight from your holiday cottage lakeshore, the clear waters of Lake Rukaj\u00e4rvi or Lake Vuosselij\u00e4rvi invite you to go for independent fishing trips.\",\"breadcrumb\":{\"@id\":\"https:\\\/\\\/rukajarvenlomamajat.fi\\\/ru\\\/activities\\\/activities-summer\\\/fishing\\\/#breadcrumb\"},\"inLanguage\":\"ru-RU\",\"potentialAction\":[{\"@type\":\"ReadAction\",\"target\":[\"https:\\\/\\\/rukajarvenlomamajat.fi\\\/ru\\\/activities\\\/activities-summer\\\/fishing\\\/\"]}]},{\"@type\":\"BreadcrumbList\",\"@id\":\"https:\\\/\\\/rukajarvenlomamajat.fi\\\/ru\\\/activities\\\/activities-summer\\\/fishing\\\/#breadcrumb\",\"itemListElement\":[{\"@type\":\"ListItem\",\"position\":1,\"name\":\"Etusivu\",\"item\":\"https:\\\/\\\/rukajarvenlomamajat.fi\\\/ru\\\/\"},{\"@type\":\"ListItem\",\"position\":2,\"name\":\"Activities\",\"item\":\"https:\\\/\\\/rukajarvenlomamajat.fi\\\/ru\\\/activities\\\/\"},{\"@type\":\"ListItem\",\"position\":3,\"name\":\"Activities Summer\",\"item\":\"https:\\\/\\\/rukajarvenlomamajat.fi\\\/ru\\\/activities\\\/activities-summer\\\/\"},{\"@type\":\"ListItem\",\"position\":4,\"name\":\"Fishing\"}]},{\"@type\":\"WebSite\",\"@id\":\"https:\\\/\\\/rukajarvenlomamajat.fi\\\/ru\\\/#website\",\"url\":\"https:\\\/\\\/rukajarvenlomamajat.fi\\\/ru\\\/\",\"name\":\"Rukaj\u00e4rven lomamajat, Kuusamo\",\"description\":\"Viihtyisi\u00e4 ja tasokkaita m\u00f6kkej\u00e4 Rukalla j\u00e4rven rannalla\",\"potentialAction\":[{\"@type\":\"SearchAction\",\"target\":{\"@type\":\"EntryPoint\",\"urlTemplate\":\"https:\\\/\\\/rukajarvenlomamajat.fi\\\/ru\\\/?s={search_term_string}\"},\"query-input\":{\"@type\":\"PropertyValueSpecification\",\"valueRequired\":true,\"valueName\":\"search_term_string\"}}],\"inLanguage\":\"ru-RU\"}]}<\/script>\n<!-- \/ Yoast SEO plugin. -->","yoast_head_json":{"title":"Fishing - Rukaj\u00e4rven lomamajat, Kuusamo","description":"Straight from your holiday cottage lakeshore, the clear waters of Lake Rukaj\u00e4rvi or Lake Vuosselij\u00e4rvi invite you to go for independent fishing trips.","robots":{"index":"index","follow":"follow","max-snippet":"max-snippet:-1","max-image-preview":"max-image-preview:large","max-video-preview":"max-video-preview:-1"},"canonical":"https:\/\/rukajarvenlomamajat.fi\/ru\/activities\/activities-summer\/fishing\/","og_locale":"ru_RU","og_type":"article","og_title":"Fishing - Rukaj\u00e4rven lomamajat, Kuusamo","og_description":"Straight from your holiday cottage lakeshore, the clear waters of Lake Rukaj\u00e4rvi or Lake Vuosselij\u00e4rvi invite you to go for independent fishing trips.","og_url":"https:\/\/rukajarvenlomamajat.fi\/ru\/activities\/activities-summer\/fishing\/","og_site_name":"Rukaj\u00e4rven lomamajat, Kuusamo","article_modified_time":"2022-07-14T07:11:07+00:00","twitter_card":"summary_large_image","twitter_misc":{"\u041f\u0440\u0438\u043c\u0435\u0440\u043d\u043e\u0435 \u0432\u0440\u0435\u043c\u044f \u0434\u043b\u044f \u0447\u0442\u0435\u043d\u0438\u044f":"1 \u043c\u0438\u043d\u0443\u0442\u0430"},"schema":{"@context":"https:\/\/schema.org","@graph":[{"@type":"WebPage","@id":"https:\/\/rukajarvenlomamajat.fi\/ru\/activities\/activities-summer\/fishing\/","url":"https:\/\/rukajarvenlomamajat.fi\/ru\/activities\/activities-summer\/fishing\/","name":"Fishing - Rukaj\u00e4rven lomamajat, Kuusamo","isPartOf":{"@id":"https:\/\/rukajarvenlomamajat.fi\/ru\/#website"},"datePublished":"2010-09-29T06:17:35+00:00","dateModified":"2022-07-14T07:11:07+00:00","description":"Straight from your holiday cottage lakeshore, the clear waters of Lake Rukaj\u00e4rvi or Lake Vuosselij\u00e4rvi invite you to go for independent fishing trips.","breadcrumb":{"@id":"https:\/\/rukajarvenlomamajat.fi\/ru\/activities\/activities-summer\/fishing\/#breadcrumb"},"inLanguage":"ru-RU","potentialAction":[{"@type":"ReadAction","target":["https:\/\/rukajarvenlomamajat.fi\/ru\/activities\/activities-summer\/fishing\/"]}]},{"@type":"BreadcrumbList","@id":"https:\/\/rukajarvenlomamajat.fi\/ru\/activities\/activities-summer\/fishing\/#breadcrumb","itemListElement":[{"@type":"ListItem","position":1,"name":"Etusivu","item":"https:\/\/rukajarvenlomamajat.fi\/ru\/"},{"@type":"ListItem","position":2,"name":"Activities","item":"https:\/\/rukajarvenlomamajat.fi\/ru\/activities\/"},{"@type":"ListItem","position":3,"name":"Activities Summer","item":"https:\/\/rukajarvenlomamajat.fi\/ru\/activities\/activities-summer\/"},{"@type":"ListItem","position":4,"name":"Fishing"}]},{"@type":"WebSite","@id":"https:\/\/rukajarvenlomamajat.fi\/ru\/#website","url":"https:\/\/rukajarvenlomamajat.fi\/ru\/","name":"Rukaj\u00e4rven lomamajat, Kuusamo","description":"Viihtyisi\u00e4 ja tasokkaita m\u00f6kkej\u00e4 Rukalla j\u00e4rven rannalla","potentialAction":[{"@type":"SearchAction","target":{"@type":"EntryPoint","urlTemplate":"https:\/\/rukajarvenlomamajat.fi\/ru\/?s={search_term_string}"},"query-input":{"@type":"PropertyValueSpecification","valueRequired":true,"valueName":"search_term_string"}}],"inLanguage":"ru-RU"}]}},"_links":{"self":[{"href":"https:\/\/rukajarvenlomamajat.fi\/ru\/wp-json\/wp\/v2\/pages\/2567","targetHints":{"allow":["GET"]}}],"collection":[{"href":"https:\/\/rukajarvenlomamajat.fi\/ru\/wp-json\/wp\/v2\/pages"}],"about":[{"href":"https:\/\/rukajarvenlomamajat.fi\/ru\/wp-json\/wp\/v2\/types\/page"}],"author":[{"embeddable":true,"href":"https:\/\/rukajarvenlomamajat.fi\/ru\/wp-json\/wp\/v2\/users\/1"}],"replies":[{"embeddable":true,"href":"https:\/\/rukajarvenlomamajat.fi\/ru\/wp-json\/wp\/v2\/comments?post=2567"}],"version-history":[{"count":1,"href":"https:\/\/rukajarvenlomamajat.fi\/ru\/wp-json\/wp\/v2\/pages\/2567\/revisions"}],"predecessor-version":[{"id":3615,"href":"https:\/\/rukajarvenlomamajat.fi\/ru\/wp-json\/wp\/v2\/pages\/2567\/revisions\/3615"}],"up":[{"embeddable":true,"href":"https:\/\/rukajarvenlomamajat.fi\/ru\/wp-json\/wp\/v2\/pages\/2554"}],"wp:attachment":[{"href":"https:\/\/rukajarvenlomamajat.fi\/ru\/wp-json\/wp\/v2\/media?parent=2567"}],"curies":[{"name":"wp","href":"https:\/\/api.w.org\/{rel}","templated":true}]}}