{"id":2190,"date":"2018-10-08T12:51:04","date_gmt":"2018-10-08T09:51:04","guid":{"rendered":"https:\/\/rukajarvenlomamajat.fi\/uusi\/saunalautta-rukan-rento\/"},"modified":"2023-07-03T11:08:48","modified_gmt":"2023-07-03T08:08:48","slug":"floating-sauna","status":"publish","type":"page","link":"https:\/\/rukajarvenlomamajat.fi\/en\/floating-sauna\/","title":{"rendered":"Floating Sauna"},"content":{"rendered":"<div>\n<div class=\"video-container\"><iframe src=\"https:\/\/www.youtube.com\/embed\/swb82daHez0?autoplay=1&#038;loop=1&#038;playlist=swb82daHez0\" frameborder=\"0\" allow=\"accelerometer; autoplay; encrypted-media; gyroscope; \" allowfullscreen=\"allowfullscreen\"><\/iframe><\/div>\n<\/div>\n<div>\n<p><strong>Experience a Floating Sauna and Breathtaking Views of Northern Finland in Middle of a Lake<\/strong><\/p>\n<p>Have a sauna experience you will never forget! On floating sauna Rukan Rento you can enjoy the heat of a traditional Finnish sauna, dip for a swim and have a barbeque. On the top floor of the sauna you find the sun terrace, where you can relax and lay on the sun.<\/p>\n<p>Using the floating sauna is easy. The sauna leaves from the harbor of Rukan Rento. The captain of the sauna drives the sauna to buoy 600 meters from the lake shore. The sauna will be parked at the buoy, which is firmly attached to the bottom of the lake. The water depth is around 8 meters. After the floating sauna is parked, the captain leaves and you will be able to enjoy the magical views and heat of the sauna in private.The sauna stove heats up on traditional way, with firewood, so you will experience the sweetest \u201cl\u00f6yly\u201d, spirit of sauna! The sauna benches fits 5 people at any one time. If you are visiting the floating sauna with a bigger group, others can tan on the upper terrace or enjoy swimming meanwhile. We are happy to answer to any questions about the use of sauna.<\/p>\n<p>We recommend rental period of at least 3-4 hours on the floating sauna to make the most of the facilities. It is always possible to stay longer, should you wish to.The floating sauna is extremely safe to use: it has been built following all the safety requirements stated by law. The sauna has a flushing toilet and a shower which uses lake water. All the sewage is collected to a sewage tank. The electricity is produced by eco-friendly solar energy.<\/p>\n<p>The floating sauna operates between 10AM-10PM.The floating sauna operates on open water season only.<\/p>\n<p><strong>Equipment of the floating sauna:<\/strong><\/p>\n<ul>\n<li>sauna stove heated by firewood<\/li>\n<li>dressing room<\/li>\n<li>a shower and flushing toilet<\/li>\n<li>gas barbeque<\/li>\n<li>tableware<\/li>\n<li>fridge<\/li>\n<\/ul>\n<p>The floating sauna is accepted by the Finnish Transport Safety Agency. The sauna has life boats and life jackets for 12 persons. There is also a first aid kit on board.<br \/>Use of the floating sauna is subject to weather conditions. In the case of too strong winds or should the customer prefer, it is possible to have a sauna and swim on the Sauna Harbor.<\/p>\n<\/div>\n<p><img decoding=\"async\" src=\"https:\/\/rukajarvenlomamajat.fi\/wp-content\/uploads\/2021\/06\/Saunalautta-logo.jpg\" alt=\"Saunalautta Rukan Rento \"><\/p>\n<div>\n<h3>Prices<\/h3>\n<p>3h &#8211; Sauna on the buoy 320 \u20ac, max. 6 persons\u00a0<br \/>3h &#8211; Sauna on the buoy 390 \u20ac, max. 12 persons\u00a0<br \/>Extra hour 90 \u20ac<\/p>\n<p>When you want to book or need more information, please give us a call <a href=\"tel:+358400389621\">+358 400 389 621<\/a>.\u00a0<\/p>\n<p><strong>Weather conditions permitting<br \/><\/strong>In the case of too strong winds or if the customers wants, it is possible to have a sauna and swim on the Sauna Harbor. In that case a 100 EUR discount from the total price applies.<\/p>\n<\/div>\n<ul>\n<li>\n<p>        <img decoding=\"async\" src=\"\/wp-content\/uploads\/2021\/06\/rukajarven-lomamajat-saunalautta5.jpg\" alt=\"\"><\/p>\n<h3>rukajarven-lomamajat-saunalautta5<\/h3>\n<\/li>\n<li>\n<p>        <img decoding=\"async\" src=\"\/wp-content\/uploads\/2021\/08\/rukajarvenlomamajat-saunalautta-jarvella2.jpg\" alt=\"\"><\/p>\n<h3>rukajarvenlomamajat-saunalautta-jarvella2<\/h3>\n<\/li>\n<li>\n<p>        <img decoding=\"async\" src=\"\/wp-content\/uploads\/2021\/06\/rukajarvenlomamajat-saunalautta.jpg\" alt=\"\"><\/p>\n<h3>rukajarvenlomamajat-saunalautta<\/h3>\n<\/li>\n<li>\n<p>        <img decoding=\"async\" src=\"\/wp-content\/uploads\/2021\/06\/saunalautta-terassi.jpg\" alt=\"\"><\/p>\n<h3>saunalautta-terassi<\/h3>\n<\/li>\n<li>\n<p>        <img decoding=\"async\" src=\"\/wp-content\/uploads\/2021\/06\/saunalautta-portaat-terassille.jpg\" alt=\"\"><\/p>\n<h3>saunalautta-portaat-terassille<\/h3>\n<\/li>\n<li>\n<p>        <img decoding=\"async\" src=\"\/wp-content\/uploads\/2021\/06\/saunalautta-lauteet.jpg\" alt=\"\"><\/p>\n<h3>saunalautta-lauteet<\/h3>\n<\/li>\n<li>\n<p>        <img decoding=\"async\" src=\"\/wp-content\/uploads\/2021\/06\/saunalautta-wc.jpg\" alt=\"\"><\/p>\n<h3>saunalautta-wc<\/h3>\n<\/li>\n<li>\n<p>        <img decoding=\"async\" src=\"\/wp-content\/uploads\/2021\/06\/saunalautanterassi.jpg\" alt=\"\"><\/p>\n<h3>saunalautanterassi<\/h3>\n<\/li>\n<\/ul>\n<p><!--more--><br \/>\n<!-- {\"children\":[{\"type\":\"section\",\"props\":{\"image\":\"https:\\\/\\\/rukajarvenlomamajat.fi\\\/wp-content\\\/uploads\\\/2021\\\/06\\\/musta-bg.jpg\",\"image_position\":\"center-center\",\"image_size\":\"cover\",\"padding\":\"none\",\"style\":\"secondary\",\"text_color\":\"light\",\"title_breakpoint\":\"xl\",\"title_position\":\"top-left\",\"title_rotation\":\"left\",\"vertical_align\":\"middle\",\"width\":\"\"},\"children\":[{\"type\":\"row\",\"children\":[{\"type\":\"column\",\"props\":{\"image_position\":\"center-center\",\"position_sticky_breakpoint\":\"m\"},\"children\":[{\"type\":\"text\",\"props\":{\"column_breakpoint\":\"m\",\"content\":\"\n\n<div class=\\\"video-container\\\"><iframe src=\\\"https:\\\/\\\/www.youtube.com\\\/embed\\\/swb82daHez0?autoplay=1&loop=1&playlist=swb82daHez0\\\" frameborder=\\\"0\\\" allow=\\\"accelerometer; autoplay; encrypted-media; gyroscope; \\\" allowfullscreen=\\\"allowfullscreen\\\"><\\\/iframe><\\\/div>\",\"margin\":\"default\",\"text_align\":\"center\"}}]}]}],\"modified\":\"2021-06-14T07:42:48.607Z\",\"name\":\"hero\"},{\"type\":\"section\",\"props\":{\"image_position\":\"center-center\",\"style\":\"default\",\"title_breakpoint\":\"xl\",\"title_position\":\"top-left\",\"title_rotation\":\"left\",\"vertical_align\":\"middle\",\"width\":\"default\"},\"children\":[{\"type\":\"row\",\"props\":{\"layout\":\"2-3,1-3\"},\"children\":[{\"type\":\"column\",\"props\":{\"image_position\":\"center-center\",\"position_sticky_breakpoint\":\"m\",\"width_medium\":\"2-3\"},\"children\":[{\"type\":\"text\",\"props\":{\"column_breakpoint\":\"m\",\"content\":\"\n\n<p><strong>Experience a Floating Sauna and Breathtaking Views of Northern Finland in Middle of a Lake<\\\/strong><\\\/p>\\n\n\n<p>Have a sauna experience you will never forget! On floating sauna Rukan Rento you can enjoy the heat of a traditional Finnish sauna, dip for a swim and have a barbeque. On the top floor of the sauna you find the sun terrace, where you can relax and lay on the sun.<\\\/p>\\n\n\n<p>Using the floating sauna is easy. The sauna leaves from the harbor of Rukan Rento. The captain of the sauna drives the sauna to buoy 600 meters from the lake shore. The sauna will be parked at the buoy, which is firmly attached to the bottom of the lake. The water depth is around 8 meters. After the floating sauna is parked, the captain leaves and you will be able to enjoy the magical views and heat of the sauna in private.The sauna stove heats up on traditional way, with firewood, so you will experience the sweetest \\u201cl\\u00f6yly\\u201d, spirit of sauna! The sauna benches fits 5 people at any one time. If you are visiting the floating sauna with a bigger group, others can tan on the upper terrace or enjoy swimming meanwhile. We are happy to answer to any questions about the use of sauna.<\\\/p>\\n\n\n<p>We recommend rental period of at least 3-4 hours on the floating sauna to make the most of the facilities. It is always possible to stay longer, should you wish to.The floating sauna is extremely safe to use: it has been built following all the safety requirements stated by law. The sauna has a flushing toilet and a shower which uses lake water. All the sewage is collected to a sewage tank. The electricity is produced by eco-friendly solar energy.<\\\/p>\\n\n\n<p>The floating sauna operates between 10AM-10PM.The floating sauna operates on open water season only.<\\\/p>\\n\n\n<p><strong>Equipment of the floating sauna:<\\\/strong><\\\/p>\\n\n\n<ul>\\n\n\n<li>sauna stove heated by firewood<\\\/li>\\n\n\n<li>dressing room<\\\/li>\\n\n\n<li>a shower and flushing toilet<\\\/li>\\n\n\n<li>gas barbeque<\\\/li>\\n\n\n<li>tableware<\\\/li>\\n\n\n<li>fridge<\\\/li>\\n<\\\/ul>\\n\n\n<p>The floating sauna is accepted by the Finnish Transport Safety Agency. The sauna has life boats and life jackets for 12 persons. There is also a first aid kit on board.<br \\\/>Use of the floating sauna is subject to weather conditions. In the case of too strong winds or should the customer prefer, it is possible to have a sauna and swim on the Sauna Harbor.<\\\/p>\",\"margin\":\"default\"}}]},{\"type\":\"column\",\"props\":{\"image_position\":\"center-center\",\"position_sticky_breakpoint\":\"m\",\"width_medium\":\"1-3\"},\"children\":[{\"type\":\"image\",\"props\":{\"image\":\"https:\\\/\\\/rukajarvenlomamajat.fi\\\/wp-content\\\/uploads\\\/2021\\\/06\\\/Saunalautta-logo.jpg\",\"image_alt\":\"Saunalautta Rukan Rento \",\"image_height\":\"180\",\"image_svg_color\":\"emphasis\",\"margin\":\"default\",\"text_align\":\"center\",\"visibility\":\"m\"}},{\"type\":\"text\",\"props\":{\"column_breakpoint\":\"m\",\"content\":\"\n\n<h3>Prices<\\\/h3>\\n\n\n<p>3h - Sauna on the buoy 320 \\u20ac, max. 6 persons\\u00a0<br \\\/>3h - Sauna on the buoy 390 \\u20ac, max. 12 persons\\u00a0<br \\\/>Extra hour 90 \\u20ac<\\\/p>\\n\n\n<p>When you want to book or need more information, please give us a call <a href=\\\"tel:+358400389621\\\">+358 400 389 621<\\\/a>.\\u00a0<\\\/p>\\n\n\n<p><strong>Weather conditions permitting<br \\\/><\\\/strong>In the case of too strong winds or if the customers wants, it is possible to have a sauna and swim on the Sauna Harbor. In that case a 100 EUR discount from the total price applies.<\\\/p>\",\"margin\":\"default\"}},{\"type\":\"button\",\"props\":{\"grid_column_gap\":\"small\",\"grid_row_gap\":\"small\",\"margin\":\"default\",\"status\":\"disabled\"},\"children\":[{\"type\":\"button_item\",\"props\":{\"button_style\":\"primary\",\"content\":\"Book online\",\"icon_align\":\"left\",\"link\":\"https:\\\/\\\/rukajarvenlomamajat.sportum.info\\\/?yksittainentuote=true&portaali_id=231&teema_id=2117&tuote_myyja_yritys=12821&id=27525&kieli=UKN\",\"link_target\":\"blank\"}}]}]}]},{\"type\":\"row\",\"children\":[{\"type\":\"column\",\"props\":{\"image_position\":\"center-center\",\"position_sticky_breakpoint\":\"m\"},\"children\":[{\"type\":\"gallery\",\"props\":{\"filter_align\":\"left\",\"filter_all\":true,\"filter_grid_breakpoint\":\"m\",\"filter_grid_width\":\"auto\",\"filter_position\":\"top\",\"filter_style\":\"tab\",\"grid_column_gap\":\"small\",\"grid_default\":\"1\",\"grid_masonry\":false,\"grid_medium\":\"4\",\"grid_row_gap\":\"small\",\"grid_small\":\"2\",\"image_height\":\"533\",\"image_transition\":\"scale-up\",\"image_width\":\"800\",\"item_animation\":true,\"lightbox\":true,\"link_style\":\"link-text\",\"link_text\":\"\",\"margin\":\"default\",\"meta_align\":\"below-title\",\"meta_element\":\"div\",\"meta_style\":\"text-meta\",\"overlay_hover\":false,\"overlay_link\":true,\"overlay_mode\":\"cover\",\"overlay_position\":\"center\",\"overlay_style\":\"\",\"overlay_transition\":\"fade\",\"parallax_easing\":\"1\",\"show_content\":true,\"show_hover_image\":true,\"show_link\":true,\"show_meta\":true,\"show_title\":false,\"text_align\":\"center\",\"text_color\":\"light\",\"title_element\":\"h3\",\"title_hover_style\":\"reset\"},\"children\":[{\"type\":\"gallery_item\",\"props\":{\"image\":\"wp-content\\\/uploads\\\/2021\\\/06\\\/rukajarven-lomamajat-saunalautta5.jpg\",\"title\":\"rukajarven-lomamajat-saunalautta5\"}},{\"type\":\"gallery_item\",\"props\":{\"image\":\"wp-content\\\/uploads\\\/2021\\\/08\\\/rukajarvenlomamajat-saunalautta-jarvella2.jpg\",\"title\":\"rukajarvenlomamajat-saunalautta-jarvella2\"}},{\"type\":\"gallery_item\",\"props\":{\"image\":\"wp-content\\\/uploads\\\/2021\\\/06\\\/rukajarvenlomamajat-saunalautta.jpg\",\"title\":\"rukajarvenlomamajat-saunalautta\"}},{\"type\":\"gallery_item\",\"props\":{\"image\":\"wp-content\\\/uploads\\\/2021\\\/06\\\/saunalautta-terassi.jpg\",\"title\":\"saunalautta-terassi\"}},{\"type\":\"gallery_item\",\"props\":{\"image\":\"wp-content\\\/uploads\\\/2021\\\/06\\\/saunalautta-portaat-terassille.jpg\",\"title\":\"saunalautta-portaat-terassille\"}},{\"type\":\"gallery_item\",\"props\":{\"image\":\"wp-content\\\/uploads\\\/2021\\\/06\\\/saunalautta-lauteet.jpg\",\"title\":\"saunalautta-lauteet\"}},{\"type\":\"gallery_item\",\"props\":{\"image\":\"wp-content\\\/uploads\\\/2021\\\/06\\\/saunalautta-wc.jpg\",\"title\":\"saunalautta-wc\"}},{\"type\":\"gallery_item\",\"props\":{\"image\":\"wp-content\\\/uploads\\\/2021\\\/06\\\/saunalautanterassi.jpg\",\"title\":\"saunalautanterassi\"}}]}]}]}]}],\"version\":\"4.0.6\",\"type\":\"layout\"} --><\/p>\n","protected":false},"excerpt":{"rendered":"<p>Experience a Floating Sauna and Breathtaking Views of Northern Finland in Middle of a Lake Have a sauna experience you will never forget! On floating sauna Rukan Rento you can enjoy the heat of a traditional Finnish sauna, dip for a swim and have a barbeque. On the top floor of the sauna you find [&hellip;]<\/p>\n","protected":false},"author":1,"featured_media":105,"parent":0,"menu_order":0,"comment_status":"closed","ping_status":"closed","template":"","meta":{"footnotes":""},"class_list":["post-2190","page","type-page","status-publish","has-post-thumbnail","hentry"],"yoast_head":"<!-- This site is optimized with the Yoast SEO plugin v27.2 - https:\/\/yoast.com\/product\/yoast-seo-wordpress\/ -->\n<title>Floating Sauna - Rukaj\u00e4rven lomamajat, Kuusamo<\/title>\n<meta name=\"description\" content=\"On floating sauna you can enjoy the heat of a traditional Finnish sauna, dip for a swim and have a barbeque. On the top floor you find the sun terrace.\" \/>\n<meta name=\"robots\" content=\"index, follow, max-snippet:-1, max-image-preview:large, max-video-preview:-1\" \/>\n<link rel=\"canonical\" href=\"https:\/\/rukajarvenlomamajat.fi\/en\/floating-sauna\/\" \/>\n<meta property=\"og:locale\" content=\"en_US\" \/>\n<meta property=\"og:type\" content=\"article\" \/>\n<meta property=\"og:title\" content=\"Floating Sauna - Rukaj\u00e4rven lomamajat, Kuusamo\" \/>\n<meta property=\"og:description\" content=\"On floating sauna you can enjoy the heat of a traditional Finnish sauna, dip for a swim and have a barbeque. On the top floor you find the sun terrace.\" \/>\n<meta property=\"og:url\" content=\"https:\/\/rukajarvenlomamajat.fi\/en\/floating-sauna\/\" \/>\n<meta property=\"og:site_name\" content=\"Rukaj\u00e4rven lomamajat, Kuusamo\" \/>\n<meta property=\"article:modified_time\" content=\"2023-07-03T08:08:48+00:00\" \/>\n<meta property=\"og:image\" content=\"https:\/\/rukajarvenlomamajat.fi\/wp-content\/uploads\/2018\/10\/rukajarven-lomamajat-saunalautta-ylakuva-logolla.jpg\" \/>\n\t<meta property=\"og:image:width\" content=\"1024\" \/>\n\t<meta property=\"og:image:height\" content=\"388\" \/>\n\t<meta property=\"og:image:type\" content=\"image\/jpeg\" \/>\n<meta name=\"twitter:card\" content=\"summary_large_image\" \/>\n<meta name=\"twitter:label1\" content=\"Est. reading time\" \/>\n\t<meta name=\"twitter:data1\" content=\"2 minutes\" \/>\n<script type=\"application\/ld+json\" class=\"yoast-schema-graph\">{\"@context\":\"https:\/\/schema.org\",\"@graph\":[{\"@type\":\"WebPage\",\"@id\":\"https:\/\/rukajarvenlomamajat.fi\/en\/floating-sauna\/\",\"url\":\"https:\/\/rukajarvenlomamajat.fi\/en\/floating-sauna\/\",\"name\":\"Floating Sauna - Rukaj\u00e4rven lomamajat, Kuusamo\",\"isPartOf\":{\"@id\":\"https:\/\/rukajarvenlomamajat.fi\/en\/#website\"},\"primaryImageOfPage\":{\"@id\":\"https:\/\/rukajarvenlomamajat.fi\/en\/floating-sauna\/#primaryimage\"},\"image\":{\"@id\":\"https:\/\/rukajarvenlomamajat.fi\/en\/floating-sauna\/#primaryimage\"},\"thumbnailUrl\":\"https:\/\/rukajarvenlomamajat.fi\/wp-content\/uploads\/2018\/10\/rukajarven-lomamajat-saunalautta-ylakuva-logolla.jpg\",\"datePublished\":\"2018-10-08T09:51:04+00:00\",\"dateModified\":\"2023-07-03T08:08:48+00:00\",\"description\":\"On floating sauna you can enjoy the heat of a traditional Finnish sauna, dip for a swim and have a barbeque. On the top floor you find the sun terrace.\",\"breadcrumb\":{\"@id\":\"https:\/\/rukajarvenlomamajat.fi\/en\/floating-sauna\/#breadcrumb\"},\"inLanguage\":\"en-US\",\"potentialAction\":[{\"@type\":\"ReadAction\",\"target\":[\"https:\/\/rukajarvenlomamajat.fi\/en\/floating-sauna\/\"]}]},{\"@type\":\"ImageObject\",\"inLanguage\":\"en-US\",\"@id\":\"https:\/\/rukajarvenlomamajat.fi\/en\/floating-sauna\/#primaryimage\",\"url\":\"https:\/\/rukajarvenlomamajat.fi\/wp-content\/uploads\/2018\/10\/rukajarven-lomamajat-saunalautta-ylakuva-logolla.jpg\",\"contentUrl\":\"https:\/\/rukajarvenlomamajat.fi\/wp-content\/uploads\/2018\/10\/rukajarven-lomamajat-saunalautta-ylakuva-logolla.jpg\",\"width\":1024,\"height\":388},{\"@type\":\"BreadcrumbList\",\"@id\":\"https:\/\/rukajarvenlomamajat.fi\/en\/floating-sauna\/#breadcrumb\",\"itemListElement\":[{\"@type\":\"ListItem\",\"position\":1,\"name\":\"Etusivu\",\"item\":\"https:\/\/rukajarvenlomamajat.fi\/en\/\"},{\"@type\":\"ListItem\",\"position\":2,\"name\":\"Floating Sauna\"}]},{\"@type\":\"WebSite\",\"@id\":\"https:\/\/rukajarvenlomamajat.fi\/en\/#website\",\"url\":\"https:\/\/rukajarvenlomamajat.fi\/en\/\",\"name\":\"Rukaj\u00e4rven lomamajat, Kuusamo\",\"description\":\"Viihtyisi\u00e4 ja tasokkaita m\u00f6kkej\u00e4 Rukalla j\u00e4rven rannalla\",\"potentialAction\":[{\"@type\":\"SearchAction\",\"target\":{\"@type\":\"EntryPoint\",\"urlTemplate\":\"https:\/\/rukajarvenlomamajat.fi\/en\/?s={search_term_string}\"},\"query-input\":{\"@type\":\"PropertyValueSpecification\",\"valueRequired\":true,\"valueName\":\"search_term_string\"}}],\"inLanguage\":\"en-US\"}]}<\/script>\n<!-- \/ Yoast SEO plugin. -->","yoast_head_json":{"title":"Floating Sauna - Rukaj\u00e4rven lomamajat, Kuusamo","description":"On floating sauna you can enjoy the heat of a traditional Finnish sauna, dip for a swim and have a barbeque. On the top floor you find the sun terrace.","robots":{"index":"index","follow":"follow","max-snippet":"max-snippet:-1","max-image-preview":"max-image-preview:large","max-video-preview":"max-video-preview:-1"},"canonical":"https:\/\/rukajarvenlomamajat.fi\/en\/floating-sauna\/","og_locale":"en_US","og_type":"article","og_title":"Floating Sauna - Rukaj\u00e4rven lomamajat, Kuusamo","og_description":"On floating sauna you can enjoy the heat of a traditional Finnish sauna, dip for a swim and have a barbeque. On the top floor you find the sun terrace.","og_url":"https:\/\/rukajarvenlomamajat.fi\/en\/floating-sauna\/","og_site_name":"Rukaj\u00e4rven lomamajat, Kuusamo","article_modified_time":"2023-07-03T08:08:48+00:00","og_image":[{"width":1024,"height":388,"url":"https:\/\/rukajarvenlomamajat.fi\/wp-content\/uploads\/2018\/10\/rukajarven-lomamajat-saunalautta-ylakuva-logolla.jpg","type":"image\/jpeg"}],"twitter_card":"summary_large_image","twitter_misc":{"Est. reading time":"2 minutes"},"schema":{"@context":"https:\/\/schema.org","@graph":[{"@type":"WebPage","@id":"https:\/\/rukajarvenlomamajat.fi\/en\/floating-sauna\/","url":"https:\/\/rukajarvenlomamajat.fi\/en\/floating-sauna\/","name":"Floating Sauna - Rukaj\u00e4rven lomamajat, Kuusamo","isPartOf":{"@id":"https:\/\/rukajarvenlomamajat.fi\/en\/#website"},"primaryImageOfPage":{"@id":"https:\/\/rukajarvenlomamajat.fi\/en\/floating-sauna\/#primaryimage"},"image":{"@id":"https:\/\/rukajarvenlomamajat.fi\/en\/floating-sauna\/#primaryimage"},"thumbnailUrl":"https:\/\/rukajarvenlomamajat.fi\/wp-content\/uploads\/2018\/10\/rukajarven-lomamajat-saunalautta-ylakuva-logolla.jpg","datePublished":"2018-10-08T09:51:04+00:00","dateModified":"2023-07-03T08:08:48+00:00","description":"On floating sauna you can enjoy the heat of a traditional Finnish sauna, dip for a swim and have a barbeque. On the top floor you find the sun terrace.","breadcrumb":{"@id":"https:\/\/rukajarvenlomamajat.fi\/en\/floating-sauna\/#breadcrumb"},"inLanguage":"en-US","potentialAction":[{"@type":"ReadAction","target":["https:\/\/rukajarvenlomamajat.fi\/en\/floating-sauna\/"]}]},{"@type":"ImageObject","inLanguage":"en-US","@id":"https:\/\/rukajarvenlomamajat.fi\/en\/floating-sauna\/#primaryimage","url":"https:\/\/rukajarvenlomamajat.fi\/wp-content\/uploads\/2018\/10\/rukajarven-lomamajat-saunalautta-ylakuva-logolla.jpg","contentUrl":"https:\/\/rukajarvenlomamajat.fi\/wp-content\/uploads\/2018\/10\/rukajarven-lomamajat-saunalautta-ylakuva-logolla.jpg","width":1024,"height":388},{"@type":"BreadcrumbList","@id":"https:\/\/rukajarvenlomamajat.fi\/en\/floating-sauna\/#breadcrumb","itemListElement":[{"@type":"ListItem","position":1,"name":"Etusivu","item":"https:\/\/rukajarvenlomamajat.fi\/en\/"},{"@type":"ListItem","position":2,"name":"Floating Sauna"}]},{"@type":"WebSite","@id":"https:\/\/rukajarvenlomamajat.fi\/en\/#website","url":"https:\/\/rukajarvenlomamajat.fi\/en\/","name":"Rukaj\u00e4rven lomamajat, Kuusamo","description":"Viihtyisi\u00e4 ja tasokkaita m\u00f6kkej\u00e4 Rukalla j\u00e4rven rannalla","potentialAction":[{"@type":"SearchAction","target":{"@type":"EntryPoint","urlTemplate":"https:\/\/rukajarvenlomamajat.fi\/en\/?s={search_term_string}"},"query-input":{"@type":"PropertyValueSpecification","valueRequired":true,"valueName":"search_term_string"}}],"inLanguage":"en-US"}]}},"_links":{"self":[{"href":"https:\/\/rukajarvenlomamajat.fi\/en\/wp-json\/wp\/v2\/pages\/2190","targetHints":{"allow":["GET"]}}],"collection":[{"href":"https:\/\/rukajarvenlomamajat.fi\/en\/wp-json\/wp\/v2\/pages"}],"about":[{"href":"https:\/\/rukajarvenlomamajat.fi\/en\/wp-json\/wp\/v2\/types\/page"}],"author":[{"embeddable":true,"href":"https:\/\/rukajarvenlomamajat.fi\/en\/wp-json\/wp\/v2\/users\/1"}],"replies":[{"embeddable":true,"href":"https:\/\/rukajarvenlomamajat.fi\/en\/wp-json\/wp\/v2\/comments?post=2190"}],"version-history":[{"count":6,"href":"https:\/\/rukajarvenlomamajat.fi\/en\/wp-json\/wp\/v2\/pages\/2190\/revisions"}],"predecessor-version":[{"id":3937,"href":"https:\/\/rukajarvenlomamajat.fi\/en\/wp-json\/wp\/v2\/pages\/2190\/revisions\/3937"}],"wp:featuredmedia":[{"embeddable":true,"href":"https:\/\/rukajarvenlomamajat.fi\/en\/wp-json\/wp\/v2\/media\/105"}],"wp:attachment":[{"href":"https:\/\/rukajarvenlomamajat.fi\/en\/wp-json\/wp\/v2\/media?parent=2190"}],"curies":[{"name":"wp","href":"https:\/\/api.w.org\/{rel}","templated":true}]}}