{"id":2182,"date":"2016-03-17T13:11:07","date_gmt":"2016-03-17T11:11:07","guid":{"rendered":"https:\/\/rukajarvenlomamajat.fi\/uusi\/activities\/summer\/lintulammen-laavu-kuusamo\/"},"modified":"2021-08-17T08:43:18","modified_gmt":"2021-08-17T05:43:18","slug":"lintulampi-picnic-site","status":"publish","type":"page","link":"https:\/\/rukajarvenlomamajat.fi\/en\/activities\/summer\/lintulampi-picnic-site\/","title":{"rendered":"Lintulampi Picnic Site"},"content":{"rendered":"<h1>Lintulampi Picnic Site<\/h1>\n<div>\n<p><strong>Our customers are welcome to use our private picnic site within an easy distance in the middle of the woods.<\/strong><\/p>\n<p>There is a campfire site, a salmon pond (3 ha) and boat, and a toilet.<\/p>\n<p>The picnic site is an excellent destination for a day trip, a place to enjoy the peace and quiet of the woods. You can make a pot of campfire coffee and cook sausages or salmon in the glow of the fire.<\/p>\n<p>Feel the true tranquillity of the wilderness!<\/p>\n<\/div>\n<p><!--more--><br \/>\n<!-- {\"type\":\"layout\",\"children\":[{\"type\":\"section\",\"props\":{\"style\":\"default\",\"width\":\"default\",\"vertical_align\":\"middle\",\"title_position\":\"top-left\",\"title_rotation\":\"left\",\"title_breakpoint\":\"xl\",\"image_position\":\"center-center\",\"image\":\"https:\\\/\\\/rukajarvenlomamajat.fi\\\/wp-content\\\/uploads\\\/2021\\\/04\\\/laavu4.jpg\",\"image_size\":\"cover\",\"height\":\"full\",\"padding\":\"none\"},\"children\":[{\"type\":\"row\",\"children\":[{\"type\":\"column\",\"props\":{\"image_position\":\"center-center\",\"media_overlay_gradient\":\"\"},\"children\":[]}]}]},{\"type\":\"section\",\"props\":{\"style\":\"default\",\"width\":\"default\",\"vertical_align\":\"middle\",\"title_position\":\"top-left\",\"title_rotation\":\"left\",\"title_breakpoint\":\"xl\",\"image_position\":\"center-center\"},\"children\":[{\"type\":\"row\",\"children\":[{\"type\":\"column\",\"props\":{\"image_position\":\"center-center\",\"media_overlay_gradient\":\"\"},\"children\":[{\"type\":\"headline\",\"props\":{\"title_element\":\"h1\",\"content\":\"Lintulampi Picnic Site\",\"title_style\":\"h1\"}},{\"type\":\"text\",\"props\":{\"margin\":\"default\",\"column_breakpoint\":\"m\",\"content\":\"\n\n<p><strong>Our customers are welcome to use our private picnic site within an easy distance in the middle of the woods.<\\\/strong><\\\/p>\\n\n\n<p>There is a campfire site, a salmon pond (3 ha) and boat, and a toilet.<\\\/p>\\n\n\n<p>The picnic site is an excellent destination for a day trip, a place to enjoy the peace and quiet of the woods. You can make a pot of campfire coffee and cook sausages or salmon in the glow of the fire.<\\\/p>\\n\n\n<p>Feel the true tranquillity of the wilderness!<\\\/p>\"}}]}]}]}],\"version\":\"2.4.10\"} --><\/p>\n","protected":false},"excerpt":{"rendered":"<p>Lintulampi Picnic Site Our customers are welcome to use our private picnic site within an easy distance in the middle of the woods. There is a campfire site, a salmon pond (3 ha) and boat, and a toilet. The picnic site is an excellent destination for a day trip, a place to enjoy the peace [&hellip;]<\/p>\n","protected":false},"author":1,"featured_media":81,"parent":17,"menu_order":1,"comment_status":"closed","ping_status":"closed","template":"","meta":{"footnotes":""},"class_list":["post-2182","page","type-page","status-publish","has-post-thumbnail","hentry"],"yoast_head":"<!-- This site is optimized with the Yoast SEO plugin v27.3 - https:\/\/yoast.com\/product\/yoast-seo-wordpress\/ -->\n<title>Lintulampi Picnic Site - Rukaj\u00e4rven lomamajat, Kuusamo<\/title>\n<meta name=\"description\" content=\"Our customers are welcome to use our private picnic site within an easy distance in the middle of the woods.\" \/>\n<meta name=\"robots\" content=\"index, follow, max-snippet:-1, max-image-preview:large, max-video-preview:-1\" \/>\n<link rel=\"canonical\" href=\"https:\/\/rukajarvenlomamajat.fi\/en\/activities\/summer\/lintulampi-picnic-site\/\" \/>\n<meta property=\"og:locale\" content=\"en_US\" \/>\n<meta property=\"og:type\" content=\"article\" \/>\n<meta property=\"og:title\" content=\"Lintulampi Picnic Site - Rukaj\u00e4rven lomamajat, Kuusamo\" \/>\n<meta property=\"og:description\" content=\"Our customers are welcome to use our private picnic site within an easy distance in the middle of the woods.\" \/>\n<meta property=\"og:url\" content=\"https:\/\/rukajarvenlomamajat.fi\/en\/activities\/summer\/lintulampi-picnic-site\/\" \/>\n<meta property=\"og:site_name\" content=\"Rukaj\u00e4rven lomamajat, Kuusamo\" \/>\n<meta property=\"article:modified_time\" content=\"2021-08-17T05:43:18+00:00\" \/>\n<meta property=\"og:image\" content=\"https:\/\/rukajarvenlomamajat.fi\/wp-content\/uploads\/2016\/03\/laavu4-matala.jpg\" \/>\n\t<meta property=\"og:image:width\" content=\"1024\" \/>\n\t<meta property=\"og:image:height\" content=\"388\" \/>\n\t<meta property=\"og:image:type\" content=\"image\/jpeg\" \/>\n<meta name=\"twitter:card\" content=\"summary_large_image\" \/>\n<script type=\"application\/ld+json\" class=\"yoast-schema-graph\">{\"@context\":\"https:\\\/\\\/schema.org\",\"@graph\":[{\"@type\":\"WebPage\",\"@id\":\"https:\\\/\\\/rukajarvenlomamajat.fi\\\/en\\\/activities\\\/summer\\\/lintulampi-picnic-site\\\/\",\"url\":\"https:\\\/\\\/rukajarvenlomamajat.fi\\\/en\\\/activities\\\/summer\\\/lintulampi-picnic-site\\\/\",\"name\":\"Lintulampi Picnic Site - Rukaj\u00e4rven lomamajat, Kuusamo\",\"isPartOf\":{\"@id\":\"https:\\\/\\\/rukajarvenlomamajat.fi\\\/en\\\/#website\"},\"primaryImageOfPage\":{\"@id\":\"https:\\\/\\\/rukajarvenlomamajat.fi\\\/en\\\/activities\\\/summer\\\/lintulampi-picnic-site\\\/#primaryimage\"},\"image\":{\"@id\":\"https:\\\/\\\/rukajarvenlomamajat.fi\\\/en\\\/activities\\\/summer\\\/lintulampi-picnic-site\\\/#primaryimage\"},\"thumbnailUrl\":\"https:\\\/\\\/rukajarvenlomamajat.fi\\\/wp-content\\\/uploads\\\/2016\\\/03\\\/laavu4-matala.jpg\",\"datePublished\":\"2016-03-17T11:11:07+00:00\",\"dateModified\":\"2021-08-17T05:43:18+00:00\",\"description\":\"Our customers are welcome to use our private picnic site within an easy distance in the middle of the woods.\",\"breadcrumb\":{\"@id\":\"https:\\\/\\\/rukajarvenlomamajat.fi\\\/en\\\/activities\\\/summer\\\/lintulampi-picnic-site\\\/#breadcrumb\"},\"inLanguage\":\"en-US\",\"potentialAction\":[{\"@type\":\"ReadAction\",\"target\":[\"https:\\\/\\\/rukajarvenlomamajat.fi\\\/en\\\/activities\\\/summer\\\/lintulampi-picnic-site\\\/\"]}]},{\"@type\":\"ImageObject\",\"inLanguage\":\"en-US\",\"@id\":\"https:\\\/\\\/rukajarvenlomamajat.fi\\\/en\\\/activities\\\/summer\\\/lintulampi-picnic-site\\\/#primaryimage\",\"url\":\"https:\\\/\\\/rukajarvenlomamajat.fi\\\/wp-content\\\/uploads\\\/2016\\\/03\\\/laavu4-matala.jpg\",\"contentUrl\":\"https:\\\/\\\/rukajarvenlomamajat.fi\\\/wp-content\\\/uploads\\\/2016\\\/03\\\/laavu4-matala.jpg\",\"width\":1024,\"height\":388},{\"@type\":\"BreadcrumbList\",\"@id\":\"https:\\\/\\\/rukajarvenlomamajat.fi\\\/en\\\/activities\\\/summer\\\/lintulampi-picnic-site\\\/#breadcrumb\",\"itemListElement\":[{\"@type\":\"ListItem\",\"position\":1,\"name\":\"Etusivu\",\"item\":\"https:\\\/\\\/rukajarvenlomamajat.fi\\\/en\\\/\"},{\"@type\":\"ListItem\",\"position\":2,\"name\":\"Activities\",\"item\":\"https:\\\/\\\/rukajarvenlomamajat.fi\\\/en\\\/activities\\\/\"},{\"@type\":\"ListItem\",\"position\":3,\"name\":\"Activities in Summer\",\"item\":\"https:\\\/\\\/rukajarvenlomamajat.fi\\\/en\\\/activities\\\/summer\\\/\"},{\"@type\":\"ListItem\",\"position\":4,\"name\":\"Lintulampi Picnic Site\"}]},{\"@type\":\"WebSite\",\"@id\":\"https:\\\/\\\/rukajarvenlomamajat.fi\\\/en\\\/#website\",\"url\":\"https:\\\/\\\/rukajarvenlomamajat.fi\\\/en\\\/\",\"name\":\"Rukaj\u00e4rven lomamajat, Kuusamo\",\"description\":\"Viihtyisi\u00e4 ja tasokkaita m\u00f6kkej\u00e4 Rukalla j\u00e4rven rannalla\",\"potentialAction\":[{\"@type\":\"SearchAction\",\"target\":{\"@type\":\"EntryPoint\",\"urlTemplate\":\"https:\\\/\\\/rukajarvenlomamajat.fi\\\/en\\\/?s={search_term_string}\"},\"query-input\":{\"@type\":\"PropertyValueSpecification\",\"valueRequired\":true,\"valueName\":\"search_term_string\"}}],\"inLanguage\":\"en-US\"}]}<\/script>\n<!-- \/ Yoast SEO plugin. -->","yoast_head_json":{"title":"Lintulampi Picnic Site - Rukaj\u00e4rven lomamajat, Kuusamo","description":"Our customers are welcome to use our private picnic site within an easy distance in the middle of the woods.","robots":{"index":"index","follow":"follow","max-snippet":"max-snippet:-1","max-image-preview":"max-image-preview:large","max-video-preview":"max-video-preview:-1"},"canonical":"https:\/\/rukajarvenlomamajat.fi\/en\/activities\/summer\/lintulampi-picnic-site\/","og_locale":"en_US","og_type":"article","og_title":"Lintulampi Picnic Site - Rukaj\u00e4rven lomamajat, Kuusamo","og_description":"Our customers are welcome to use our private picnic site within an easy distance in the middle of the woods.","og_url":"https:\/\/rukajarvenlomamajat.fi\/en\/activities\/summer\/lintulampi-picnic-site\/","og_site_name":"Rukaj\u00e4rven lomamajat, Kuusamo","article_modified_time":"2021-08-17T05:43:18+00:00","og_image":[{"width":1024,"height":388,"url":"https:\/\/rukajarvenlomamajat.fi\/wp-content\/uploads\/2016\/03\/laavu4-matala.jpg","type":"image\/jpeg"}],"twitter_card":"summary_large_image","schema":{"@context":"https:\/\/schema.org","@graph":[{"@type":"WebPage","@id":"https:\/\/rukajarvenlomamajat.fi\/en\/activities\/summer\/lintulampi-picnic-site\/","url":"https:\/\/rukajarvenlomamajat.fi\/en\/activities\/summer\/lintulampi-picnic-site\/","name":"Lintulampi Picnic Site - Rukaj\u00e4rven lomamajat, Kuusamo","isPartOf":{"@id":"https:\/\/rukajarvenlomamajat.fi\/en\/#website"},"primaryImageOfPage":{"@id":"https:\/\/rukajarvenlomamajat.fi\/en\/activities\/summer\/lintulampi-picnic-site\/#primaryimage"},"image":{"@id":"https:\/\/rukajarvenlomamajat.fi\/en\/activities\/summer\/lintulampi-picnic-site\/#primaryimage"},"thumbnailUrl":"https:\/\/rukajarvenlomamajat.fi\/wp-content\/uploads\/2016\/03\/laavu4-matala.jpg","datePublished":"2016-03-17T11:11:07+00:00","dateModified":"2021-08-17T05:43:18+00:00","description":"Our customers are welcome to use our private picnic site within an easy distance in the middle of the woods.","breadcrumb":{"@id":"https:\/\/rukajarvenlomamajat.fi\/en\/activities\/summer\/lintulampi-picnic-site\/#breadcrumb"},"inLanguage":"en-US","potentialAction":[{"@type":"ReadAction","target":["https:\/\/rukajarvenlomamajat.fi\/en\/activities\/summer\/lintulampi-picnic-site\/"]}]},{"@type":"ImageObject","inLanguage":"en-US","@id":"https:\/\/rukajarvenlomamajat.fi\/en\/activities\/summer\/lintulampi-picnic-site\/#primaryimage","url":"https:\/\/rukajarvenlomamajat.fi\/wp-content\/uploads\/2016\/03\/laavu4-matala.jpg","contentUrl":"https:\/\/rukajarvenlomamajat.fi\/wp-content\/uploads\/2016\/03\/laavu4-matala.jpg","width":1024,"height":388},{"@type":"BreadcrumbList","@id":"https:\/\/rukajarvenlomamajat.fi\/en\/activities\/summer\/lintulampi-picnic-site\/#breadcrumb","itemListElement":[{"@type":"ListItem","position":1,"name":"Etusivu","item":"https:\/\/rukajarvenlomamajat.fi\/en\/"},{"@type":"ListItem","position":2,"name":"Activities","item":"https:\/\/rukajarvenlomamajat.fi\/en\/activities\/"},{"@type":"ListItem","position":3,"name":"Activities in Summer","item":"https:\/\/rukajarvenlomamajat.fi\/en\/activities\/summer\/"},{"@type":"ListItem","position":4,"name":"Lintulampi Picnic Site"}]},{"@type":"WebSite","@id":"https:\/\/rukajarvenlomamajat.fi\/en\/#website","url":"https:\/\/rukajarvenlomamajat.fi\/en\/","name":"Rukaj\u00e4rven lomamajat, Kuusamo","description":"Viihtyisi\u00e4 ja tasokkaita m\u00f6kkej\u00e4 Rukalla j\u00e4rven rannalla","potentialAction":[{"@type":"SearchAction","target":{"@type":"EntryPoint","urlTemplate":"https:\/\/rukajarvenlomamajat.fi\/en\/?s={search_term_string}"},"query-input":{"@type":"PropertyValueSpecification","valueRequired":true,"valueName":"search_term_string"}}],"inLanguage":"en-US"}]}},"_links":{"self":[{"href":"https:\/\/rukajarvenlomamajat.fi\/en\/wp-json\/wp\/v2\/pages\/2182","targetHints":{"allow":["GET"]}}],"collection":[{"href":"https:\/\/rukajarvenlomamajat.fi\/en\/wp-json\/wp\/v2\/pages"}],"about":[{"href":"https:\/\/rukajarvenlomamajat.fi\/en\/wp-json\/wp\/v2\/types\/page"}],"author":[{"embeddable":true,"href":"https:\/\/rukajarvenlomamajat.fi\/en\/wp-json\/wp\/v2\/users\/1"}],"replies":[{"embeddable":true,"href":"https:\/\/rukajarvenlomamajat.fi\/en\/wp-json\/wp\/v2\/comments?post=2182"}],"version-history":[{"count":0,"href":"https:\/\/rukajarvenlomamajat.fi\/en\/wp-json\/wp\/v2\/pages\/2182\/revisions"}],"up":[{"embeddable":true,"href":"https:\/\/rukajarvenlomamajat.fi\/en\/wp-json\/wp\/v2\/pages\/17"}],"wp:featuredmedia":[{"embeddable":true,"href":"https:\/\/rukajarvenlomamajat.fi\/en\/wp-json\/wp\/v2\/media\/81"}],"wp:attachment":[{"href":"https:\/\/rukajarvenlomamajat.fi\/en\/wp-json\/wp\/v2\/media?parent=2182"}],"curies":[{"name":"wp","href":"https:\/\/api.w.org\/{rel}","templated":true}]}}