{"id":2168,"date":"2010-09-02T12:55:32","date_gmt":"2010-09-02T09:55:32","guid":{"rendered":"https:\/\/rukajarvenlomamajat.fi\/uusi\/activities\/aktiviteetit-talvella\/"},"modified":"2021-08-17T08:32:25","modified_gmt":"2021-08-17T05:32:25","slug":"winter","status":"publish","type":"page","link":"https:\/\/rukajarvenlomamajat.fi\/en\/activities\/winter\/","title":{"rendered":"Activities in Winter"},"content":{"rendered":"<h1>Activities in Winter<\/h1>\n<div>\n<p>There are dozens of different <a href=\"https:\/\/www.ruka.fi\/en\">slalom slopes<\/a>, suitable for the beginner as well as for the expert skier. There are 35 slopes and 22 lifts altogether.<\/p>\n<p>There are also hundreds of kilometres of extremely well groomed cross-country ski tracks at your disposal, ranging from easy scenic routes to more challenging tracks which take you over the felltops.<\/p>\n<p>You can snowmobile independently on the Ruka area routes.\u00a0<\/p>\n<p>Ice-fishing waters are within an easy reach from Rukaj\u00e4rven Lomamajat and Villa Saaruanniemi. Lakes Rukaj\u00e4rvi and Vuosseli or other nearby ponds have clear water and their fish are really tasty. It is also possible to accompany the host to a fishing trip and see how net fishing is done in winter.<\/p>\n<p>Our snow-covered wilderness is here waiting for you!<\/p>\n<\/div>\n<p><a href=\"https:\/\/www.ruka.fi\/moottorikelkkailu\"><img decoding=\"async\" src=\"https:\/\/rukajarvenlomamajat.fi\/wp-content\/uploads\/2021\/06\/ruka-kuusamo_moottorikelkkailua_sporthouseruka_2021_harritarvainen.jpg\" alt=\"moottorikelkkailu\"><\/a><\/p>\n<div>\n<h3>Ruka Ski Resort<\/h3>\n<p>Only 10 minutes away<\/p>\n<div>\n<div class=\"uk-margin-medium\" property=\"text\">\n<p><span>Ruka is a paradise for the snow enthusiast and suitable for the beginner as well as for the expert skier. There are 35 slopes and 22 lifts altogether<\/span><\/p>\n<ul>\n<li><a href=\"https:\/\/ski.ruka.fi\/en\/price-list\" target=\"_blank\" rel=\"noopener\">Ski Passes<\/a><\/li>\n<li><a href=\"https:\/\/ski.ruka.fi\/en\/slopes\" target=\"_blank\" rel=\"noopener\">Ski Lift Opening Hours<\/a><br \/><a href=\"https:\/\/www.ruka.fi\/rinnepalvelut\" target=\"_blank\" rel=\"noopener\"><\/a><\/li>\n<li><a href=\"https:\/\/ski.ruka.fi\/en\/pisterental\" target=\"_blank\" rel=\"noopener\">Piste Rental Shop<\/a><\/li>\n<li><a href=\"http:\/\/www.panoraama.com\/ruka\/rinnekartta\/index_frame.php?lev=1777&amp;lang=eng&amp;list=1\" target=\"_blank\" rel=\"noopener\">Slope Map<\/a><\/li>\n<li><a href=\"https:\/\/new.ruka.fi\/en\/ski-school\" target=\"_blank\" rel=\"noopener\">Ski School<\/a><\/li>\n<\/ul>\n<\/div>\n<\/div>\n<\/div>\n<p><a href=\"https:\/\/www.ruka.fi\"><img decoding=\"async\" src=\"https:\/\/rukajarvenlomamajat.fi\/wp-content\/uploads\/2021\/04\/ruka-kuusamo-logo.jpg\" alt=\"Ruka Kuusamo\"><\/a><\/p>\n<ul>\n<li>\n<p>        <img decoding=\"async\" src=\"\/wp-content\/uploads\/2021\/06\/ruka-kuusamo_lumikenkaily_rukaskiresort.jpg\" alt=\"\"><\/p>\n<h3>ruka-kuusamo_lumikenkaily_rukaskiresort<\/h3>\n<\/li>\n<li>\n<p>        <img decoding=\"async\" src=\"\/wp-content\/uploads\/2021\/06\/ruka-kuusamo_kuntivaara_lumikenkaily_2021_harritarvainen.jpg\" alt=\"\"><\/p>\n<h3>ruka-kuusamo_kuntivaara_lumikenkaily_2021_harritarvainen<\/h3>\n<\/li>\n<li>\n<p>        <img decoding=\"async\" src=\"\/wp-content\/uploads\/2021\/06\/ruka-kuusamo_VillageExpress_VeeraVihervaara.jpg\" alt=\"\"><\/p>\n<h3>ruka-kuusamo_VillageExpress_VeeraVihervaara<\/h3>\n<\/li>\n<li>\n<p>        <img decoding=\"async\" src=\"\/wp-content\/uploads\/2021\/06\/ruka-kuusamo_lammintupa_huskyt_vauhdissa_2021_harritarvainen.jpg\" alt=\"\"><\/p>\n<h3>ruka-kuusamo_lammintupa_huskyt_vauhdissa_2021_harritarvainen<\/h3>\n<\/li>\n<li>\n<p>        <img decoding=\"async\" src=\"\/wp-content\/uploads\/2021\/06\/ruka-kuusamo_poroajelu_kujalanporotila_2019.jpg\" alt=\"\"><\/p>\n<h3>ruka-kuusamo_poroajelu_kujalanporotila_2019<\/h3>\n<\/li>\n<li>\n<p>        <img decoding=\"async\" src=\"\/wp-content\/uploads\/2021\/06\/ruka-kuusamo_laskettelija_rukaskiresort.jpg\" alt=\"\"><\/p>\n<h3>ruka-kuusamo_laskettelija_rukaskiresort<\/h3>\n<\/li>\n<li>\n<p>        <img decoding=\"async\" src=\"\/wp-content\/uploads\/2021\/06\/kid_on_snowboard_ruka_ski_resort.jpg\" alt=\"\"><\/p>\n<h3>kid_on_snowboard_ruka_ski_resort<\/h3>\n<\/li>\n<li>\n<p>        <img decoding=\"async\" src=\"\/wp-content\/uploads\/2021\/06\/Ruka-kuusamo_tuolihissi.jpg\" alt=\"\"><\/p>\n<h3>Ruka-kuusamo_tuolihissi<\/h3>\n<\/li>\n<\/ul>\n<p><!--more--><br \/>\n<!-- {\"children\":[{\"type\":\"section\",\"props\":{\"style\":\"default\",\"width\":\"\",\"vertical_align\":\"middle\",\"title_position\":\"top-left\",\"title_rotation\":\"left\",\"title_breakpoint\":\"xl\",\"image_position\":\"center-center\",\"padding\":\"xlarge\",\"image\":\"https:\\\/\\\/rukajarvenlomamajat.fi\\\/wp-content\\\/uploads\\\/2021\\\/06\\\/ruka-kuusamo_konttainen_helmi21_sallakarhumaa.jpg\",\"image_size\":\"cover\",\"text_color\":\"light\"},\"children\":[{\"type\":\"row\",\"children\":[{\"type\":\"column\",\"props\":{\"image_position\":\"center-center\",\"media_overlay_gradient\":\"\"},\"children\":[]}]}],\"modified\":\"2021-06-14T07:42:48.607Z\",\"name\":\"hero\"},{\"type\":\"section\",\"props\":{\"style\":\"default\",\"width\":\"default\",\"vertical_align\":\"middle\",\"title_position\":\"top-left\",\"title_rotation\":\"left\",\"title_breakpoint\":\"xl\",\"image_position\":\"center-center\"},\"children\":[{\"type\":\"row\",\"props\":{\"layout\":\"1-2,1-2\"},\"children\":[{\"type\":\"column\",\"props\":{\"image_position\":\"center-center\",\"media_overlay_gradient\":\"\",\"width_medium\":\"1-2\"},\"children\":[{\"type\":\"headline\",\"props\":{\"title_element\":\"h1\",\"content\":\"Activities in Winter\",\"title_style\":\"h1\",\"animation\":\"fade\"}},{\"type\":\"text\",\"props\":{\"margin\":\"default\",\"column_breakpoint\":\"m\",\"content\":\"\n\n<p>There are dozens of different <a href=\\\"https:\\\/\\\/www.ruka.fi\\\/en\\\">slalom slopes<\\\/a>, suitable for the beginner as well as for the expert skier. There are 35 slopes and 22 lifts altogether.<\\\/p>\\n\n\n<p>There are also hundreds of kilometres of extremely well groomed cross-country ski tracks at your disposal, ranging from easy scenic routes to more challenging tracks which take you over the felltops.<\\\/p>\\n\n\n<p>You can snowmobile independently on the Ruka area routes.\\u00a0<\\\/p>\\n\n\n<p>Ice-fishing waters are within an easy reach from Rukaj\\u00e4rven Lomamajat and Villa Saaruanniemi. Lakes Rukaj\\u00e4rvi and Vuosseli or other nearby ponds have clear water and their fish are really tasty. It is also possible to accompany the host to a fishing trip and see how net fishing is done in winter.<\\\/p>\\n\n\n<p>Our snow-covered wilderness is here waiting for you!<\\\/p>\"}}]},{\"type\":\"column\",\"props\":{\"image_position\":\"center-center\",\"media_overlay_gradient\":\"\",\"width_medium\":\"1-2\"},\"children\":[{\"type\":\"image\",\"props\":{\"margin\":\"default\",\"image_svg_color\":\"emphasis\",\"image\":\"https:\\\/\\\/rukajarvenlomamajat.fi\\\/wp-content\\\/uploads\\\/2021\\\/06\\\/ruka-kuusamo_moottorikelkkailua_sporthouseruka_2021_harritarvainen.jpg\",\"image_alt\":\"moottorikelkkailu\",\"link\":\"https:\\\/\\\/www.ruka.fi\\\/moottorikelkkailu\",\"link_target\":\"blank\"}}]}]}]},{\"type\":\"section\",\"props\":{\"style\":\"default\",\"width\":\"default\",\"vertical_align\":\"middle\",\"title_position\":\"top-left\",\"title_rotation\":\"left\",\"title_breakpoint\":\"xl\",\"image_position\":\"center-center\",\"image\":\"https:\\\/\\\/rukajarvenlomamajat.fi\\\/wp-content\\\/uploads\\\/2021\\\/06\\\/ruka-kuusamo_ilmakuva_rukaskiresort.jpg\",\"image_size\":\"cover\",\"media_overlay\":\"rgba(255, 255, 255, 0.55)\",\"padding\":\"large\"},\"children\":[{\"type\":\"row\",\"props\":{\"layout\":\"2-3,1-3\"},\"children\":[{\"type\":\"column\",\"props\":{\"image_position\":\"center-center\",\"media_overlay_gradient\":\"\",\"width_medium\":\"2-3\"},\"children\":[{\"type\":\"panel\",\"props\":{\"link_text\":\"Read more\",\"title_hover_style\":\"reset\",\"title_element\":\"h3\",\"title_align\":\"top\",\"title_grid_width\":\"1-2\",\"title_grid_breakpoint\":\"m\",\"meta_style\":\"h6\",\"meta_align\":\"below-title\",\"meta_element\":\"div\",\"content_column_breakpoint\":\"m\",\"icon_width\":80,\"image_align\":\"top\",\"image_grid_width\":\"1-2\",\"image_grid_breakpoint\":\"m\",\"image_svg_color\":\"emphasis\",\"link_style\":\"default\",\"margin\":\"default\",\"content\":\"\n\n<div class=\\\"uk-margin-medium\\\" property=\\\"text\\\">\\n\n\n<p><span>Ruka is a paradise for the snow enthusiast and suitable for the beginner as well as for the expert skier. There are 35 slopes and 22 lifts altogether<\\\/span><\\\/p>\\n\n\n<ul>\\n\n\n<li><a href=\\\"https:\\\/\\\/ski.ruka.fi\\\/en\\\/price-list\\\" target=\\\"_blank\\\" rel=\\\"noopener\\\">Ski Passes<\\\/a><\\\/li>\\n\n\n<li><a href=\\\"https:\\\/\\\/ski.ruka.fi\\\/en\\\/slopes\\\" target=\\\"_blank\\\" rel=\\\"noopener\\\">Ski Lift Opening Hours<\\\/a><br \\\/><a href=\\\"https:\\\/\\\/www.ruka.fi\\\/rinnepalvelut\\\" target=\\\"_blank\\\" rel=\\\"noopener\\\"><\\\/a><\\\/li>\\n\n\n<li><a href=\\\"https:\\\/\\\/ski.ruka.fi\\\/en\\\/pisterental\\\" target=\\\"_blank\\\" rel=\\\"noopener\\\">Piste Rental Shop<\\\/a><\\\/li>\\n\n\n<li><a href=\\\"http:\\\/\\\/www.panoraama.com\\\/ruka\\\/rinnekartta\\\/index_frame.php?lev=1777&amp;lang=eng&amp;list=1\\\" target=\\\"_blank\\\" rel=\\\"noopener\\\">Slope Map<\\\/a><\\\/li>\\n\n\n<li><a href=\\\"https:\\\/\\\/new.ruka.fi\\\/en\\\/ski-school\\\" target=\\\"_blank\\\" rel=\\\"noopener\\\">Ski School<\\\/a><\\\/li>\\n<\\\/ul>\\n<\\\/div>\",\"title\":\"Ruka Ski Resort\",\"panel_style\":\"card-default\",\"maxwidth\":\"large\",\"panel_size\":\"small\",\"meta\":\"Only 10 minutes away\",\"meta_margin\":\"small\",\"block_align_breakpoint\":\"m\",\"block_align_fallback\":\"center\"}}]},{\"type\":\"column\",\"props\":{\"image_position\":\"center-center\",\"media_overlay_gradient\":\"\",\"width_medium\":\"1-3\"},\"children\":[{\"type\":\"image\",\"props\":{\"margin\":\"default\",\"image_svg_color\":\"emphasis\",\"image\":\"https:\\\/\\\/rukajarvenlomamajat.fi\\\/wp-content\\\/uploads\\\/2021\\\/04\\\/ruka-kuusamo-logo.jpg\",\"image_alt\":\"Ruka Kuusamo\",\"link\":\"https:\\\/\\\/www.ruka.fi\",\"link_target\":\"blank\",\"text_align\":\"right\",\"text_align_breakpoint\":\"m\",\"text_align_fallback\":\"center\"}}]}]}]},{\"type\":\"section\",\"props\":{\"style\":\"default\",\"width\":\"default\",\"vertical_align\":\"middle\",\"title_position\":\"top-left\",\"title_rotation\":\"left\",\"title_breakpoint\":\"xl\",\"image_position\":\"center-center\"},\"children\":[{\"type\":\"row\",\"children\":[{\"type\":\"column\",\"props\":{\"image_position\":\"center-center\",\"media_overlay_gradient\":\"\"},\"children\":[{\"type\":\"gallery\",\"props\":{\"show_title\":false,\"show_meta\":true,\"show_content\":true,\"show_link\":true,\"show_hover_image\":true,\"grid_default\":\"1\",\"grid_medium\":\"4\",\"filter_style\":\"tab\",\"filter_all\":true,\"filter_position\":\"top\",\"filter_align\":\"left\",\"filter_grid_width\":\"auto\",\"filter_grid_breakpoint\":\"m\",\"overlay_mode\":\"cover\",\"overlay_hover\":false,\"overlay_style\":\"\",\"text_color\":\"light\",\"overlay_position\":\"center\",\"overlay_transition\":\"fade\",\"title_hover_style\":\"reset\",\"title_element\":\"h3\",\"meta_style\":\"meta\",\"meta_align\":\"below-title\",\"meta_element\":\"div\",\"link_text\":\"\",\"link_style\":\"link-text\",\"text_align\":\"center\",\"margin\":\"default\",\"item_animation\":\"\",\"grid_column_gap\":\"small\",\"grid_row_gap\":\"small\",\"grid_small\":\"2\",\"grid_masonry\":false,\"image_width\":\"800\",\"image_height\":\"533\",\"image_transition\":\"scale-up\",\"lightbox\":true,\"overlay_link\":true},\"children\":[{\"type\":\"gallery_item\",\"props\":{\"title\":\"ruka-kuusamo_lumikenkaily_rukaskiresort\",\"image\":\"wp-content\\\/uploads\\\/2021\\\/06\\\/ruka-kuusamo_lumikenkaily_rukaskiresort.jpg\"}},{\"type\":\"gallery_item\",\"props\":{\"title\":\"ruka-kuusamo_kuntivaara_lumikenkaily_2021_harritarvainen\",\"image\":\"wp-content\\\/uploads\\\/2021\\\/06\\\/ruka-kuusamo_kuntivaara_lumikenkaily_2021_harritarvainen.jpg\"}},{\"type\":\"gallery_item\",\"props\":{\"title\":\"ruka-kuusamo_VillageExpress_VeeraVihervaara\",\"image\":\"wp-content\\\/uploads\\\/2021\\\/06\\\/ruka-kuusamo_VillageExpress_VeeraVihervaara.jpg\"}},{\"type\":\"gallery_item\",\"props\":{\"title\":\"ruka-kuusamo_lammintupa_huskyt_vauhdissa_2021_harritarvainen\",\"image\":\"wp-content\\\/uploads\\\/2021\\\/06\\\/ruka-kuusamo_lammintupa_huskyt_vauhdissa_2021_harritarvainen.jpg\"}},{\"type\":\"gallery_item\",\"props\":{\"title\":\"ruka-kuusamo_poroajelu_kujalanporotila_2019\",\"image\":\"wp-content\\\/uploads\\\/2021\\\/06\\\/ruka-kuusamo_poroajelu_kujalanporotila_2019.jpg\"}},{\"type\":\"gallery_item\",\"props\":{\"title\":\"ruka-kuusamo_laskettelija_rukaskiresort\",\"image\":\"wp-content\\\/uploads\\\/2021\\\/06\\\/ruka-kuusamo_laskettelija_rukaskiresort.jpg\"}},{\"type\":\"gallery_item\",\"props\":{\"title\":\"kid_on_snowboard_ruka_ski_resort\",\"image\":\"wp-content\\\/uploads\\\/2021\\\/06\\\/kid_on_snowboard_ruka_ski_resort.jpg\"}},{\"type\":\"gallery_item\",\"props\":{\"title\":\"Ruka-kuusamo_tuolihissi\",\"image\":\"wp-content\\\/uploads\\\/2021\\\/06\\\/Ruka-kuusamo_tuolihissi.jpg\"}}]}]}]}]}],\"version\":\"2.4.10\",\"type\":\"layout\"} --><\/p>\n","protected":false},"excerpt":{"rendered":"<p>Activities in Winter There are dozens of different slalom slopes, suitable for the beginner as well as for the expert skier. There are 35 slopes and 22 lifts altogether. There are also hundreds of kilometres of extremely well groomed cross-country ski tracks at your disposal, ranging from easy scenic routes to more challenging tracks which [&hellip;]<\/p>\n","protected":false},"author":1,"featured_media":1979,"parent":2147,"menu_order":8,"comment_status":"closed","ping_status":"closed","template":"","meta":{"footnotes":""},"class_list":["post-2168","page","type-page","status-publish","has-post-thumbnail","hentry"],"yoast_head":"<!-- This site is optimized with the Yoast SEO plugin v27.3 - https:\/\/yoast.com\/product\/yoast-seo-wordpress\/ -->\n<title>Activities in Winter - Rukaj\u00e4rven lomamajat, Kuusamo<\/title>\n<meta name=\"description\" content=\"Ruka is a paradise for the snow enthusiast. Dozens of different slalom slopes, hundreds of kilometres cross-country ski tracks. You can snowmobile independently\" \/>\n<meta name=\"robots\" content=\"index, follow, max-snippet:-1, max-image-preview:large, max-video-preview:-1\" \/>\n<link rel=\"canonical\" href=\"https:\/\/rukajarvenlomamajat.fi\/en\/activities\/winter\/\" \/>\n<meta property=\"og:locale\" content=\"en_US\" \/>\n<meta property=\"og:type\" content=\"article\" \/>\n<meta property=\"og:title\" content=\"Activities in Winter - Rukaj\u00e4rven lomamajat, Kuusamo\" \/>\n<meta property=\"og:description\" content=\"Ruka is a paradise for the snow enthusiast. Dozens of different slalom slopes, hundreds of kilometres cross-country ski tracks. You can snowmobile independently\" \/>\n<meta property=\"og:url\" content=\"https:\/\/rukajarvenlomamajat.fi\/en\/activities\/winter\/\" \/>\n<meta property=\"og:site_name\" content=\"Rukaj\u00e4rven lomamajat, Kuusamo\" \/>\n<meta property=\"article:modified_time\" content=\"2021-08-17T05:32:25+00:00\" \/>\n<meta property=\"og:image\" content=\"https:\/\/rukajarvenlomamajat.fi\/wp-content\/uploads\/2021\/08\/lumikenkaily-ruka-kuusamo.jpg\" \/>\n\t<meta property=\"og:image:width\" content=\"2200\" \/>\n\t<meta property=\"og:image:height\" content=\"1200\" \/>\n\t<meta property=\"og:image:type\" content=\"image\/jpeg\" \/>\n<meta name=\"twitter:card\" content=\"summary_large_image\" \/>\n<meta name=\"twitter:label1\" content=\"Est. reading time\" \/>\n\t<meta name=\"twitter:data1\" content=\"1 minute\" \/>\n<script type=\"application\/ld+json\" class=\"yoast-schema-graph\">{\"@context\":\"https:\\\/\\\/schema.org\",\"@graph\":[{\"@type\":\"WebPage\",\"@id\":\"https:\\\/\\\/rukajarvenlomamajat.fi\\\/en\\\/activities\\\/winter\\\/\",\"url\":\"https:\\\/\\\/rukajarvenlomamajat.fi\\\/en\\\/activities\\\/winter\\\/\",\"name\":\"Activities in Winter - Rukaj\u00e4rven lomamajat, Kuusamo\",\"isPartOf\":{\"@id\":\"https:\\\/\\\/rukajarvenlomamajat.fi\\\/en\\\/#website\"},\"primaryImageOfPage\":{\"@id\":\"https:\\\/\\\/rukajarvenlomamajat.fi\\\/en\\\/activities\\\/winter\\\/#primaryimage\"},\"image\":{\"@id\":\"https:\\\/\\\/rukajarvenlomamajat.fi\\\/en\\\/activities\\\/winter\\\/#primaryimage\"},\"thumbnailUrl\":\"https:\\\/\\\/rukajarvenlomamajat.fi\\\/wp-content\\\/uploads\\\/2021\\\/08\\\/lumikenkaily-ruka-kuusamo.jpg\",\"datePublished\":\"2010-09-02T09:55:32+00:00\",\"dateModified\":\"2021-08-17T05:32:25+00:00\",\"description\":\"Ruka is a paradise for the snow enthusiast. Dozens of different slalom slopes, hundreds of kilometres cross-country ski tracks. You can snowmobile independently\",\"breadcrumb\":{\"@id\":\"https:\\\/\\\/rukajarvenlomamajat.fi\\\/en\\\/activities\\\/winter\\\/#breadcrumb\"},\"inLanguage\":\"en-US\",\"potentialAction\":[{\"@type\":\"ReadAction\",\"target\":[\"https:\\\/\\\/rukajarvenlomamajat.fi\\\/en\\\/activities\\\/winter\\\/\"]}]},{\"@type\":\"ImageObject\",\"inLanguage\":\"en-US\",\"@id\":\"https:\\\/\\\/rukajarvenlomamajat.fi\\\/en\\\/activities\\\/winter\\\/#primaryimage\",\"url\":\"https:\\\/\\\/rukajarvenlomamajat.fi\\\/wp-content\\\/uploads\\\/2021\\\/08\\\/lumikenkaily-ruka-kuusamo.jpg\",\"contentUrl\":\"https:\\\/\\\/rukajarvenlomamajat.fi\\\/wp-content\\\/uploads\\\/2021\\\/08\\\/lumikenkaily-ruka-kuusamo.jpg\",\"width\":2200,\"height\":1200,\"caption\":\"lumikenk\u00e4ily\u00e4\"},{\"@type\":\"BreadcrumbList\",\"@id\":\"https:\\\/\\\/rukajarvenlomamajat.fi\\\/en\\\/activities\\\/winter\\\/#breadcrumb\",\"itemListElement\":[{\"@type\":\"ListItem\",\"position\":1,\"name\":\"Etusivu\",\"item\":\"https:\\\/\\\/rukajarvenlomamajat.fi\\\/en\\\/\"},{\"@type\":\"ListItem\",\"position\":2,\"name\":\"Activities\",\"item\":\"https:\\\/\\\/rukajarvenlomamajat.fi\\\/en\\\/activities\\\/\"},{\"@type\":\"ListItem\",\"position\":3,\"name\":\"Activities in Winter\"}]},{\"@type\":\"WebSite\",\"@id\":\"https:\\\/\\\/rukajarvenlomamajat.fi\\\/en\\\/#website\",\"url\":\"https:\\\/\\\/rukajarvenlomamajat.fi\\\/en\\\/\",\"name\":\"Rukaj\u00e4rven lomamajat, Kuusamo\",\"description\":\"Viihtyisi\u00e4 ja tasokkaita m\u00f6kkej\u00e4 Rukalla j\u00e4rven rannalla\",\"potentialAction\":[{\"@type\":\"SearchAction\",\"target\":{\"@type\":\"EntryPoint\",\"urlTemplate\":\"https:\\\/\\\/rukajarvenlomamajat.fi\\\/en\\\/?s={search_term_string}\"},\"query-input\":{\"@type\":\"PropertyValueSpecification\",\"valueRequired\":true,\"valueName\":\"search_term_string\"}}],\"inLanguage\":\"en-US\"}]}<\/script>\n<!-- \/ Yoast SEO plugin. -->","yoast_head_json":{"title":"Activities in Winter - Rukaj\u00e4rven lomamajat, Kuusamo","description":"Ruka is a paradise for the snow enthusiast. Dozens of different slalom slopes, hundreds of kilometres cross-country ski tracks. You can snowmobile independently","robots":{"index":"index","follow":"follow","max-snippet":"max-snippet:-1","max-image-preview":"max-image-preview:large","max-video-preview":"max-video-preview:-1"},"canonical":"https:\/\/rukajarvenlomamajat.fi\/en\/activities\/winter\/","og_locale":"en_US","og_type":"article","og_title":"Activities in Winter - Rukaj\u00e4rven lomamajat, Kuusamo","og_description":"Ruka is a paradise for the snow enthusiast. Dozens of different slalom slopes, hundreds of kilometres cross-country ski tracks. You can snowmobile independently","og_url":"https:\/\/rukajarvenlomamajat.fi\/en\/activities\/winter\/","og_site_name":"Rukaj\u00e4rven lomamajat, Kuusamo","article_modified_time":"2021-08-17T05:32:25+00:00","og_image":[{"width":2200,"height":1200,"url":"https:\/\/rukajarvenlomamajat.fi\/wp-content\/uploads\/2021\/08\/lumikenkaily-ruka-kuusamo.jpg","type":"image\/jpeg"}],"twitter_card":"summary_large_image","twitter_misc":{"Est. reading time":"1 minute"},"schema":{"@context":"https:\/\/schema.org","@graph":[{"@type":"WebPage","@id":"https:\/\/rukajarvenlomamajat.fi\/en\/activities\/winter\/","url":"https:\/\/rukajarvenlomamajat.fi\/en\/activities\/winter\/","name":"Activities in Winter - Rukaj\u00e4rven lomamajat, Kuusamo","isPartOf":{"@id":"https:\/\/rukajarvenlomamajat.fi\/en\/#website"},"primaryImageOfPage":{"@id":"https:\/\/rukajarvenlomamajat.fi\/en\/activities\/winter\/#primaryimage"},"image":{"@id":"https:\/\/rukajarvenlomamajat.fi\/en\/activities\/winter\/#primaryimage"},"thumbnailUrl":"https:\/\/rukajarvenlomamajat.fi\/wp-content\/uploads\/2021\/08\/lumikenkaily-ruka-kuusamo.jpg","datePublished":"2010-09-02T09:55:32+00:00","dateModified":"2021-08-17T05:32:25+00:00","description":"Ruka is a paradise for the snow enthusiast. Dozens of different slalom slopes, hundreds of kilometres cross-country ski tracks. You can snowmobile independently","breadcrumb":{"@id":"https:\/\/rukajarvenlomamajat.fi\/en\/activities\/winter\/#breadcrumb"},"inLanguage":"en-US","potentialAction":[{"@type":"ReadAction","target":["https:\/\/rukajarvenlomamajat.fi\/en\/activities\/winter\/"]}]},{"@type":"ImageObject","inLanguage":"en-US","@id":"https:\/\/rukajarvenlomamajat.fi\/en\/activities\/winter\/#primaryimage","url":"https:\/\/rukajarvenlomamajat.fi\/wp-content\/uploads\/2021\/08\/lumikenkaily-ruka-kuusamo.jpg","contentUrl":"https:\/\/rukajarvenlomamajat.fi\/wp-content\/uploads\/2021\/08\/lumikenkaily-ruka-kuusamo.jpg","width":2200,"height":1200,"caption":"lumikenk\u00e4ily\u00e4"},{"@type":"BreadcrumbList","@id":"https:\/\/rukajarvenlomamajat.fi\/en\/activities\/winter\/#breadcrumb","itemListElement":[{"@type":"ListItem","position":1,"name":"Etusivu","item":"https:\/\/rukajarvenlomamajat.fi\/en\/"},{"@type":"ListItem","position":2,"name":"Activities","item":"https:\/\/rukajarvenlomamajat.fi\/en\/activities\/"},{"@type":"ListItem","position":3,"name":"Activities in Winter"}]},{"@type":"WebSite","@id":"https:\/\/rukajarvenlomamajat.fi\/en\/#website","url":"https:\/\/rukajarvenlomamajat.fi\/en\/","name":"Rukaj\u00e4rven lomamajat, Kuusamo","description":"Viihtyisi\u00e4 ja tasokkaita m\u00f6kkej\u00e4 Rukalla j\u00e4rven rannalla","potentialAction":[{"@type":"SearchAction","target":{"@type":"EntryPoint","urlTemplate":"https:\/\/rukajarvenlomamajat.fi\/en\/?s={search_term_string}"},"query-input":{"@type":"PropertyValueSpecification","valueRequired":true,"valueName":"search_term_string"}}],"inLanguage":"en-US"}]}},"_links":{"self":[{"href":"https:\/\/rukajarvenlomamajat.fi\/en\/wp-json\/wp\/v2\/pages\/2168","targetHints":{"allow":["GET"]}}],"collection":[{"href":"https:\/\/rukajarvenlomamajat.fi\/en\/wp-json\/wp\/v2\/pages"}],"about":[{"href":"https:\/\/rukajarvenlomamajat.fi\/en\/wp-json\/wp\/v2\/types\/page"}],"author":[{"embeddable":true,"href":"https:\/\/rukajarvenlomamajat.fi\/en\/wp-json\/wp\/v2\/users\/1"}],"replies":[{"embeddable":true,"href":"https:\/\/rukajarvenlomamajat.fi\/en\/wp-json\/wp\/v2\/comments?post=2168"}],"version-history":[{"count":0,"href":"https:\/\/rukajarvenlomamajat.fi\/en\/wp-json\/wp\/v2\/pages\/2168\/revisions"}],"up":[{"embeddable":true,"href":"https:\/\/rukajarvenlomamajat.fi\/en\/wp-json\/wp\/v2\/pages\/2147"}],"wp:featuredmedia":[{"embeddable":true,"href":"https:\/\/rukajarvenlomamajat.fi\/en\/wp-json\/wp\/v2\/media\/1979"}],"wp:attachment":[{"href":"https:\/\/rukajarvenlomamajat.fi\/en\/wp-json\/wp\/v2\/media?parent=2168"}],"curies":[{"name":"wp","href":"https:\/\/api.w.org\/{rel}","templated":true}]}}