{"id":2147,"date":"2010-09-01T14:48:50","date_gmt":"2010-09-01T11:48:50","guid":{"rendered":"https:\/\/rukajarvenlomamajat.fi\/uusi\/aktiviteetit\/"},"modified":"2021-08-12T15:40:56","modified_gmt":"2021-08-12T12:40:56","slug":"activities","status":"publish","type":"page","link":"https:\/\/rukajarvenlomamajat.fi\/en\/activities\/","title":{"rendered":"Activities"},"content":{"rendered":"<ul>\n<li>\n<p>        <img decoding=\"async\" src=\"\/wp-content\/uploads\/2021\/08\/rukajarvenlomamajat-saunalautta-iso.jpg\" alt=\"\"><\/p>\n<h3>rukajarvenlomamajat-saunalautta-iso<\/h3>\n<\/li>\n<li>\n<p>        <img decoding=\"async\" src=\"\/wp-content\/uploads\/2021\/06\/ruka-kuusamo_konttainen_helmi21_sallakarhumaa.jpg\" alt=\"\"><\/p>\n<h3>ruka-kuusamo_konttainen_helmi21_sallakarhumaa<\/h3>\n<\/li>\n<li>\n<p>        <img decoding=\"async\" src=\"\/wp-content\/uploads\/2021\/08\/lumikenkaily-ruka-kuusamo.jpg\" alt=\"\"><\/p>\n<h3>lumikenkaily-ruka-kuusamo<\/h3>\n<\/li>\n<li>\n<p>        <img decoding=\"async\" src=\"\/wp-content\/uploads\/2021\/06\/ruka-kuusamo_2020_harritarvainen.jpg.jpg\" alt=\"\"><\/p>\n<h3>ruka-kuusamo_2020_harritarvainen.jpg<\/h3>\n<\/li>\n<li>\n<p>        <img decoding=\"async\" src=\"\/wp-content\/uploads\/2021\/06\/pyoraily-rukalla.jpg\" alt=\"\"><\/p>\n<h3>pyoraily-rukalla<\/h3>\n<\/li>\n<\/ul>\n<h1>Activities<\/h1>\n<div>\n<p>Rukaj\u00e4rven Lomamajat is an ideal place for keeping fit and recharging your batteries.<\/p>\n<p>The Ruka &#8211; Kuusamo area offers excellent opportunities for lots and lots of activities.<\/p>\n<\/p>\n<\/div>\n<ul>\n<li>\n<p>        <img decoding=\"async\" src=\"https:\/\/rukajarvenlomamajat.fi\/wp-content\/uploads\/2021\/06\/rukajarvenlomamajat-rantatuolit.jpg\" alt=\"Ranta\"><\/p>\n<h3>Summer<\/h3>\n<div>\n<p>Safe beach for children, a tranquil spot for some sunbathing, boats, fishing tackle, volleyball net and dartboard.<\/p>\n<p>All the magnificent hiking and biking routes of Kuusamo. <span>Water rafting on a rubber raft on river Kitkajoki, <\/span>Nature photography and bird watching and much more!<\/p>\n<\/div>\n<p><a href=\"\/en\/activities\/summer\">Read more<\/a><\/p>\n<\/li>\n<li>\n<p>        <img decoding=\"async\" src=\"https:\/\/rukajarvenlomamajat.fi\/wp-content\/uploads\/2021\/06\/ruka-kuusamo_VillageExpress_VeeraVihervaara.jpg\" alt=\"\"><\/p>\n<h3>Winter<\/h3>\n<div>\n<p><span>Ruka is a paradise for the snow enthusiast. There are dozens of different slalom slopes, suitable for the beginner as well as for the expert skier.\u00a0<\/span><\/p>\n<p><span>You can snowmobile independently on the Ruka area routes.\u00a0 Or try ice fishing or cross-country skiing!<\/span><\/p>\n<div id=\"tm-main\" class=\"tm-block-main uk-block uk-block-default\">\n<div class=\"uk-container uk-container-center\">\n<div class=\"tm-middle uk-grid\" data-uk-grid-match=\"\" data-uk-grid-margin=\"\">\n<div class=\"tm-main uk-width-medium-1-1 uk-row-first\"><main id=\"tm-content\" class=\"tm-content\"><\/p>\n<article class=\"uk-article \">\n<div class=\"tm-article-content uk-margin\">\n<p>Our snow-covered wilderness is here waiting for you!<\/p>\n<\/div>\n<\/article>\n<p><\/main><\/div>\n<\/div>\n<\/div>\n<\/div>\n<\/div>\n<p><a href=\"\/en\/activities\/winter\/\">Read more<\/a><\/p>\n<\/li>\n<li>\n<p>        <img decoding=\"async\" src=\"https:\/\/rukajarvenlomamajat.fi\/wp-content\/uploads\/2021\/06\/rukajarvenlomamajat-laavulla-kalalla.jpg\" alt=\"\"><\/p>\n<h3>Fishing<\/h3>\n<div>\n<p><span>Straight from your holiday cottage lakeshore, the clear waters of Lake Rukaj\u00e4rvi or Lake Vuosselij\u00e4rvi invite you to go for independent fishing trips all year round. The waters are abundant with fish which can be caught with rods, traps or nets. You can also try troll fishing from a boat.<\/span><\/p>\n<\/div>\n<p><a href=\"\/en\/activities\/fishing\">Read more<\/a><\/p>\n<\/li>\n<li>\n<p>        <img decoding=\"async\" src=\"https:\/\/rukajarvenlomamajat.fi\/wp-content\/uploads\/2021\/06\/rukajarvenlomamajat-saunalautta.jpg\" alt=\"\"><\/p>\n<h3>Floating Sauna<\/h3>\n<div>\n<p><span>Have a sauna experience you will never forget! On floating sauna Rukan Rento you can enjoy the heat of a traditional Finnish sauna, dip for a swim and have a barbeque. On the top floor of the sauna you find the sun terrace, where you can relax and lay on the sun. Only summer time.<\/span><\/p>\n<\/div>\n<p><a href=\"\/floating-sauna\/\">Read more<\/a><\/p>\n<\/li>\n<\/ul>\n<p><!--more--><br \/>\n<!-- {\"type\":\"layout\",\"children\":[{\"type\":\"section\",\"props\":{\"style\":\"secondary\",\"width\":\"\",\"vertical_align\":\"middle\",\"title_position\":\"top-left\",\"title_rotation\":\"left\",\"title_breakpoint\":\"xl\",\"image_position\":\"center-center\",\"padding\":\"none\"},\"children\":[{\"type\":\"row\",\"children\":[{\"type\":\"column\",\"props\":{\"image_position\":\"center-center\",\"media_overlay_gradient\":\"\"},\"children\":[{\"type\":\"slideshow\",\"props\":{\"show_title\":false,\"show_meta\":true,\"show_content\":true,\"show_link\":true,\"show_thumbnail\":true,\"slideshow_min_height\":\"\",\"slideshow_autoplay_pause\":false,\"nav\":\"\",\"nav_position\":\"bottom-center\",\"nav_position_margin\":\"medium\",\"nav_align\":\"center\",\"nav_breakpoint\":\"s\",\"thumbnav_width\":\"100\",\"thumbnav_height\":\"75\",\"thumbnav_svg_color\":\"emphasis\",\"slidenav\":\"default\",\"slidenav_margin\":\"medium\",\"slidenav_breakpoint\":\"s\",\"slidenav_outside_breakpoint\":\"xl\",\"overlay_position\":\"center-left\",\"overlay_animation\":\"parallax\",\"title_element\":\"h3\",\"meta_style\":\"meta\",\"meta_align\":\"below-title\",\"meta_element\":\"div\",\"link_text\":\"Read more\",\"link_style\":\"default\",\"margin\":\"default\",\"slideshow_max_height\":\"\",\"slideshow_autoplay\":true,\"slidenav_hover\":true,\"slidenav_large\":true,\"slideshow_height\":\"full\",\"visibility\":\"m\",\"slideshow_animation\":\"fade\",\"slideshow_velocity\":\"0.3\"},\"children\":[{\"type\":\"slideshow_item\",\"props\":{\"title\":\"rukajarvenlomamajat-saunalautta-iso\",\"image\":\"wp-content\\\/uploads\\\/2021\\\/08\\\/rukajarvenlomamajat-saunalautta-iso.jpg\"}},{\"type\":\"slideshow_item\",\"props\":{\"title\":\"ruka-kuusamo_konttainen_helmi21_sallakarhumaa\",\"image\":\"wp-content\\\/uploads\\\/2021\\\/06\\\/ruka-kuusamo_konttainen_helmi21_sallakarhumaa.jpg\"}},{\"type\":\"slideshow_item\",\"props\":{\"title\":\"lumikenkaily-ruka-kuusamo\",\"image\":\"wp-content\\\/uploads\\\/2021\\\/08\\\/lumikenkaily-ruka-kuusamo.jpg\"}},{\"type\":\"slideshow_item\",\"props\":{\"title\":\"ruka-kuusamo_2020_harritarvainen.jpg\",\"image\":\"wp-content\\\/uploads\\\/2021\\\/06\\\/ruka-kuusamo_2020_harritarvainen.jpg.jpg\"}},{\"type\":\"slideshow_item\",\"props\":{\"title\":\"pyoraily-rukalla\",\"image\":\"wp-content\\\/uploads\\\/2021\\\/06\\\/pyoraily-rukalla.jpg\"}}]}]}]}],\"modified\":\"2021-06-14T07:47:39.655Z\",\"name\":\"slide\"},{\"type\":\"section\",\"props\":{\"style\":\"default\",\"width\":\"default\",\"vertical_align\":\"middle\",\"title_position\":\"top-left\",\"title_rotation\":\"left\",\"title_breakpoint\":\"xl\",\"image_position\":\"center-center\"},\"children\":[{\"type\":\"row\",\"children\":[{\"type\":\"column\",\"props\":{\"image_position\":\"center-center\",\"media_overlay_gradient\":\"\"},\"children\":[{\"type\":\"headline\",\"props\":{\"title_element\":\"h1\",\"content\":\"Activities\",\"title_style\":\"heading-small\"}},{\"type\":\"text\",\"props\":{\"margin\":\"default\",\"column_breakpoint\":\"m\",\"content\":\"\n\n<p>Rukaj\\u00e4rven Lomamajat is an ideal place for keeping fit and recharging your batteries.<\\\/p>\\n\n\n<p>The Ruka - Kuusamo area offers excellent opportunities for lots and lots of activities.<\\\/p>\\n\n\n<p><\\\/p>\"}},{\"type\":\"grid\",\"props\":{\"show_title\":true,\"show_meta\":true,\"show_content\":true,\"show_image\":true,\"show_link\":true,\"grid_default\":\"1\",\"grid_medium\":\"\",\"filter_style\":\"tab\",\"filter_all\":true,\"filter_position\":\"top\",\"filter_align\":\"left\",\"filter_grid_width\":\"auto\",\"filter_grid_breakpoint\":\"m\",\"title_hover_style\":\"reset\",\"title_element\":\"h3\",\"title_align\":\"top\",\"title_grid_width\":\"1-2\",\"title_grid_breakpoint\":\"m\",\"meta_style\":\"meta\",\"meta_align\":\"below-title\",\"meta_element\":\"div\",\"content_column_breakpoint\":\"m\",\"icon_width\":80,\"image_align\":\"top\",\"image_grid_width\":\"1-2\",\"image_grid_breakpoint\":\"m\",\"image_svg_color\":\"emphasis\",\"link_text\":\"Read more\",\"link_style\":\"primary\",\"margin\":\"default\",\"item_animation\":\"\",\"panel_style\":\"card-default\",\"panel_link\":true,\"panel_size\":\"small\",\"panel_card_image\":true,\"title_style\":\"h3\",\"content_margin\":\"small\",\"image_width\":\"800px\",\"image_height\":\"600px\",\"image_link\":true,\"grid_small\":\"2\",\"grid_column_gap\":\"small\",\"grid_row_gap\":\"small\",\"grid_large\":\"4\"},\"children\":[{\"type\":\"grid_item\",\"props\":{\"image\":\"https:\\\/\\\/rukajarvenlomamajat.fi\\\/wp-content\\\/uploads\\\/2021\\\/06\\\/rukajarvenlomamajat-rantatuolit.jpg\",\"title\":\"Summer\",\"content\":\"\n\n<p>Safe beach for children, a tranquil spot for some sunbathing, boats, fishing tackle, volleyball net and dartboard.<\\\/p>\\n\n\n<p>All the magnificent hiking and biking routes of Kuusamo. <span>Water rafting on a rubber raft on river Kitkajoki, <\\\/span>Nature photography and bird watching and much more!<\\\/p>\",\"link\":\"en\\\/activities\\\/summer\",\"image_alt\":\"Ranta\"}},{\"type\":\"grid_item\",\"props\":{\"title\":\"Winter\",\"image\":\"https:\\\/\\\/rukajarvenlomamajat.fi\\\/wp-content\\\/uploads\\\/2021\\\/06\\\/ruka-kuusamo_VillageExpress_VeeraVihervaara.jpg\",\"content\":\"\n\n<p><span>Ruka is a paradise for the snow enthusiast. There are dozens of different slalom slopes, suitable for the beginner as well as for the expert skier.\\u00a0<\\\/span><\\\/p>\\n\n\n<p><span>You can snowmobile independently on the Ruka area routes.\\u00a0 Or try ice fishing or cross-country skiing!<\\\/span><\\\/p>\\n\n\n<div id=\\\"tm-main\\\" class=\\\"tm-block-main uk-block uk-block-default\\\">\\n\n\n<div class=\\\"uk-container uk-container-center\\\">\\n\n\n<div class=\\\"tm-middle uk-grid\\\" data-uk-grid-match=\\\"\\\" data-uk-grid-margin=\\\"\\\">\\n\n\n<div class=\\\"tm-main uk-width-medium-1-1 uk-row-first\\\"><main id=\\\"tm-content\\\" class=\\\"tm-content\\\">\\n\n\n<article class=\\\"uk-article \\\">\\n\n\n<div class=\\\"tm-article-content uk-margin\\\">\\n\n\n<p>Our snow-covered wilderness is here waiting for you!<\\\/p>\\n<\\\/div>\\n<\\\/article>\\n<\\\/main><\\\/div>\\n<\\\/div>\\n<\\\/div>\\n<\\\/div>\",\"link\":\"en\\\/activities\\\/winter\\\/\"}},{\"type\":\"grid_item\",\"props\":{\"title\":\"Fishing\",\"image\":\"https:\\\/\\\/rukajarvenlomamajat.fi\\\/wp-content\\\/uploads\\\/2021\\\/06\\\/rukajarvenlomamajat-laavulla-kalalla.jpg\",\"content\":\"\n\n<p><span>Straight from your holiday cottage lakeshore, the clear waters of Lake Rukaj\\u00e4rvi or Lake Vuosselij\\u00e4rvi invite you to go for independent fishing trips all year round. The waters are abundant with fish which can be caught with rods, traps or nets. You can also try troll fishing from a boat.<\\\/span><\\\/p>\",\"link\":\"en\\\/activities\\\/fishing\"}},{\"type\":\"grid_item\",\"props\":{\"title\":\"Floating Sauna\",\"content\":\"\n\n<p><span>Have a sauna experience you will never forget! On floating sauna Rukan Rento you can enjoy the heat of a traditional Finnish sauna, dip for a swim and have a barbeque. On the top floor of the sauna you find the sun terrace, where you can relax and lay on the sun. Only summer time.<\\\/span><\\\/p>\",\"image\":\"https:\\\/\\\/rukajarvenlomamajat.fi\\\/wp-content\\\/uploads\\\/2021\\\/06\\\/rukajarvenlomamajat-saunalautta.jpg\",\"link\":\"floating-sauna\\\/\"}}]}]}]}]}],\"version\":\"2.4.10\"} --><\/p>\n","protected":false},"excerpt":{"rendered":"<p>rukajarvenlomamajat-saunalautta-iso ruka-kuusamo_konttainen_helmi21_sallakarhumaa lumikenkaily-ruka-kuusamo ruka-kuusamo_2020_harritarvainen.jpg pyoraily-rukalla Activities Rukaj\u00e4rven Lomamajat is an ideal place for keeping fit and recharging your batteries. The Ruka &#8211; Kuusamo area offers excellent opportunities for lots and lots of activities. Summer Safe beach for children, a tranquil spot for some sunbathing, boats, fishing tackle, volleyball net and dartboard. All the magnificent hiking [&hellip;]<\/p>\n","protected":false},"author":1,"featured_media":0,"parent":0,"menu_order":6,"comment_status":"closed","ping_status":"closed","template":"","meta":{"footnotes":""},"class_list":["post-2147","page","type-page","status-publish","hentry"],"yoast_head":"<!-- This site is optimized with the Yoast SEO plugin v27.3 - https:\/\/yoast.com\/product\/yoast-seo-wordpress\/ -->\n<title>Activities - Rukaj\u00e4rven lomamajat, Kuusamo<\/title>\n<meta name=\"description\" content=\"The Ruka - Kuusamo area offers excellent opportunities for lots and lots of activities and is an ideal place for recharging your batteries.\" \/>\n<meta name=\"robots\" content=\"index, follow, max-snippet:-1, max-image-preview:large, max-video-preview:-1\" \/>\n<link rel=\"canonical\" href=\"https:\/\/rukajarvenlomamajat.fi\/en\/activities\/\" \/>\n<meta property=\"og:locale\" content=\"en_US\" \/>\n<meta property=\"og:type\" content=\"article\" \/>\n<meta property=\"og:title\" content=\"Activities - Rukaj\u00e4rven lomamajat, Kuusamo\" \/>\n<meta property=\"og:description\" content=\"The Ruka - Kuusamo area offers excellent opportunities for lots and lots of activities and is an ideal place for recharging your batteries.\" \/>\n<meta property=\"og:url\" content=\"https:\/\/rukajarvenlomamajat.fi\/en\/activities\/\" \/>\n<meta property=\"og:site_name\" content=\"Rukaj\u00e4rven lomamajat, Kuusamo\" \/>\n<meta property=\"article:modified_time\" content=\"2021-08-12T12:40:56+00:00\" \/>\n<meta property=\"og:image\" content=\"https:\/\/rukajarvenlomamajat.fi\/wp-content\/uploads\/2021\/08\/rukajarvenlomamajat-saunalautta-iso.jpg\" \/>\n<meta name=\"twitter:card\" content=\"summary_large_image\" \/>\n<meta name=\"twitter:label1\" content=\"Est. reading time\" \/>\n\t<meta name=\"twitter:data1\" content=\"1 minute\" \/>\n<script type=\"application\/ld+json\" class=\"yoast-schema-graph\">{\"@context\":\"https:\\\/\\\/schema.org\",\"@graph\":[{\"@type\":\"WebPage\",\"@id\":\"https:\\\/\\\/rukajarvenlomamajat.fi\\\/en\\\/activities\\\/\",\"url\":\"https:\\\/\\\/rukajarvenlomamajat.fi\\\/en\\\/activities\\\/\",\"name\":\"Activities - Rukaj\u00e4rven lomamajat, Kuusamo\",\"isPartOf\":{\"@id\":\"https:\\\/\\\/rukajarvenlomamajat.fi\\\/en\\\/#website\"},\"primaryImageOfPage\":{\"@id\":\"https:\\\/\\\/rukajarvenlomamajat.fi\\\/en\\\/activities\\\/#primaryimage\"},\"image\":{\"@id\":\"https:\\\/\\\/rukajarvenlomamajat.fi\\\/en\\\/activities\\\/#primaryimage\"},\"thumbnailUrl\":\"https:\\\/\\\/rukajarvenlomamajat.fi\\\/wp-content\\\/uploads\\\/2021\\\/06\\\/rukajarvenlomamajat-rantatuolit.jpg\",\"datePublished\":\"2010-09-01T11:48:50+00:00\",\"dateModified\":\"2021-08-12T12:40:56+00:00\",\"description\":\"The Ruka - Kuusamo area offers excellent opportunities for lots and lots of activities and is an ideal place for recharging your batteries.\",\"breadcrumb\":{\"@id\":\"https:\\\/\\\/rukajarvenlomamajat.fi\\\/en\\\/activities\\\/#breadcrumb\"},\"inLanguage\":\"en-US\",\"potentialAction\":[{\"@type\":\"ReadAction\",\"target\":[\"https:\\\/\\\/rukajarvenlomamajat.fi\\\/en\\\/activities\\\/\"]}]},{\"@type\":\"ImageObject\",\"inLanguage\":\"en-US\",\"@id\":\"https:\\\/\\\/rukajarvenlomamajat.fi\\\/en\\\/activities\\\/#primaryimage\",\"url\":\"https:\\\/\\\/rukajarvenlomamajat.fi\\\/wp-content\\\/uploads\\\/2021\\\/06\\\/rukajarvenlomamajat-rantatuolit.jpg\",\"contentUrl\":\"https:\\\/\\\/rukajarvenlomamajat.fi\\\/wp-content\\\/uploads\\\/2021\\\/06\\\/rukajarvenlomamajat-rantatuolit.jpg\"},{\"@type\":\"BreadcrumbList\",\"@id\":\"https:\\\/\\\/rukajarvenlomamajat.fi\\\/en\\\/activities\\\/#breadcrumb\",\"itemListElement\":[{\"@type\":\"ListItem\",\"position\":1,\"name\":\"Etusivu\",\"item\":\"https:\\\/\\\/rukajarvenlomamajat.fi\\\/en\\\/\"},{\"@type\":\"ListItem\",\"position\":2,\"name\":\"Activities\"}]},{\"@type\":\"WebSite\",\"@id\":\"https:\\\/\\\/rukajarvenlomamajat.fi\\\/en\\\/#website\",\"url\":\"https:\\\/\\\/rukajarvenlomamajat.fi\\\/en\\\/\",\"name\":\"Rukaj\u00e4rven lomamajat, Kuusamo\",\"description\":\"Viihtyisi\u00e4 ja tasokkaita m\u00f6kkej\u00e4 Rukalla j\u00e4rven rannalla\",\"potentialAction\":[{\"@type\":\"SearchAction\",\"target\":{\"@type\":\"EntryPoint\",\"urlTemplate\":\"https:\\\/\\\/rukajarvenlomamajat.fi\\\/en\\\/?s={search_term_string}\"},\"query-input\":{\"@type\":\"PropertyValueSpecification\",\"valueRequired\":true,\"valueName\":\"search_term_string\"}}],\"inLanguage\":\"en-US\"}]}<\/script>\n<!-- \/ Yoast SEO plugin. -->","yoast_head_json":{"title":"Activities - Rukaj\u00e4rven lomamajat, Kuusamo","description":"The Ruka - Kuusamo area offers excellent opportunities for lots and lots of activities and is an ideal place for recharging your batteries.","robots":{"index":"index","follow":"follow","max-snippet":"max-snippet:-1","max-image-preview":"max-image-preview:large","max-video-preview":"max-video-preview:-1"},"canonical":"https:\/\/rukajarvenlomamajat.fi\/en\/activities\/","og_locale":"en_US","og_type":"article","og_title":"Activities - Rukaj\u00e4rven lomamajat, Kuusamo","og_description":"The Ruka - Kuusamo area offers excellent opportunities for lots and lots of activities and is an ideal place for recharging your batteries.","og_url":"https:\/\/rukajarvenlomamajat.fi\/en\/activities\/","og_site_name":"Rukaj\u00e4rven lomamajat, Kuusamo","article_modified_time":"2021-08-12T12:40:56+00:00","og_image":[{"url":"https:\/\/rukajarvenlomamajat.fi\/wp-content\/uploads\/2021\/08\/rukajarvenlomamajat-saunalautta-iso.jpg","type":"","width":"","height":""}],"twitter_card":"summary_large_image","twitter_misc":{"Est. reading time":"1 minute"},"schema":{"@context":"https:\/\/schema.org","@graph":[{"@type":"WebPage","@id":"https:\/\/rukajarvenlomamajat.fi\/en\/activities\/","url":"https:\/\/rukajarvenlomamajat.fi\/en\/activities\/","name":"Activities - Rukaj\u00e4rven lomamajat, Kuusamo","isPartOf":{"@id":"https:\/\/rukajarvenlomamajat.fi\/en\/#website"},"primaryImageOfPage":{"@id":"https:\/\/rukajarvenlomamajat.fi\/en\/activities\/#primaryimage"},"image":{"@id":"https:\/\/rukajarvenlomamajat.fi\/en\/activities\/#primaryimage"},"thumbnailUrl":"https:\/\/rukajarvenlomamajat.fi\/wp-content\/uploads\/2021\/06\/rukajarvenlomamajat-rantatuolit.jpg","datePublished":"2010-09-01T11:48:50+00:00","dateModified":"2021-08-12T12:40:56+00:00","description":"The Ruka - Kuusamo area offers excellent opportunities for lots and lots of activities and is an ideal place for recharging your batteries.","breadcrumb":{"@id":"https:\/\/rukajarvenlomamajat.fi\/en\/activities\/#breadcrumb"},"inLanguage":"en-US","potentialAction":[{"@type":"ReadAction","target":["https:\/\/rukajarvenlomamajat.fi\/en\/activities\/"]}]},{"@type":"ImageObject","inLanguage":"en-US","@id":"https:\/\/rukajarvenlomamajat.fi\/en\/activities\/#primaryimage","url":"https:\/\/rukajarvenlomamajat.fi\/wp-content\/uploads\/2021\/06\/rukajarvenlomamajat-rantatuolit.jpg","contentUrl":"https:\/\/rukajarvenlomamajat.fi\/wp-content\/uploads\/2021\/06\/rukajarvenlomamajat-rantatuolit.jpg"},{"@type":"BreadcrumbList","@id":"https:\/\/rukajarvenlomamajat.fi\/en\/activities\/#breadcrumb","itemListElement":[{"@type":"ListItem","position":1,"name":"Etusivu","item":"https:\/\/rukajarvenlomamajat.fi\/en\/"},{"@type":"ListItem","position":2,"name":"Activities"}]},{"@type":"WebSite","@id":"https:\/\/rukajarvenlomamajat.fi\/en\/#website","url":"https:\/\/rukajarvenlomamajat.fi\/en\/","name":"Rukaj\u00e4rven lomamajat, Kuusamo","description":"Viihtyisi\u00e4 ja tasokkaita m\u00f6kkej\u00e4 Rukalla j\u00e4rven rannalla","potentialAction":[{"@type":"SearchAction","target":{"@type":"EntryPoint","urlTemplate":"https:\/\/rukajarvenlomamajat.fi\/en\/?s={search_term_string}"},"query-input":{"@type":"PropertyValueSpecification","valueRequired":true,"valueName":"search_term_string"}}],"inLanguage":"en-US"}]}},"_links":{"self":[{"href":"https:\/\/rukajarvenlomamajat.fi\/en\/wp-json\/wp\/v2\/pages\/2147","targetHints":{"allow":["GET"]}}],"collection":[{"href":"https:\/\/rukajarvenlomamajat.fi\/en\/wp-json\/wp\/v2\/pages"}],"about":[{"href":"https:\/\/rukajarvenlomamajat.fi\/en\/wp-json\/wp\/v2\/types\/page"}],"author":[{"embeddable":true,"href":"https:\/\/rukajarvenlomamajat.fi\/en\/wp-json\/wp\/v2\/users\/1"}],"replies":[{"embeddable":true,"href":"https:\/\/rukajarvenlomamajat.fi\/en\/wp-json\/wp\/v2\/comments?post=2147"}],"version-history":[{"count":0,"href":"https:\/\/rukajarvenlomamajat.fi\/en\/wp-json\/wp\/v2\/pages\/2147\/revisions"}],"wp:attachment":[{"href":"https:\/\/rukajarvenlomamajat.fi\/en\/wp-json\/wp\/v2\/media?parent=2147"}],"curies":[{"name":"wp","href":"https:\/\/api.w.org\/{rel}","templated":true}]}}