{"id":2401,"date":"2016-03-17T13:11:07","date_gmt":"2016-03-17T11:11:07","guid":{"rendered":"https:\/\/rukajarvenlomamajat.fi\/uusi\/aktivitaten\/sommer\/lintulammen-laavu-kuusamo\/"},"modified":"2021-08-23T12:23:58","modified_gmt":"2021-08-23T09:23:58","slug":"rastplatz","status":"publish","type":"page","link":"https:\/\/rukajarvenlomamajat.fi\/de\/aktivitaten\/sommer\/rastplatz\/","title":{"rendered":"Rastplatz"},"content":{"rendered":"<h1>Rastplatz<\/h1>\n<div>\n<p><strong>Unseren Kunden steht unser eigener, leicht erreichbarer Rastplatz inmitten der Wildmarknatur zur Verf\u00fcgung.<\/strong><\/p>\n<p>Am Rastplatz befinden sich ein Schutzdach mit Feuerstelle, ein Teich (3 ha) mit Lachsbestand sowie ein WC.<\/p>\n<p>Der Rastplatz eignet sich hervorragend f\u00fcr Tagesausfl\u00fcge. Hier erleben Sie den stillen Frieden der Wildmark hautnah.<\/p>\n<p>An der Feuerstelle lassen sich W\u00fcrstchen grillen, Kaffee kochen oder frisch gefangener Lachs zubereiten.<\/p>\n<p>Hier erleben Sie die nordische Natur mit allen Sinnen!<\/p>\n<\/div>\n<p><!--more--><br \/>\n<!-- {\"type\":\"layout\",\"children\":[{\"type\":\"section\",\"props\":{\"style\":\"default\",\"width\":\"default\",\"vertical_align\":\"middle\",\"title_position\":\"top-left\",\"title_rotation\":\"left\",\"title_breakpoint\":\"xl\",\"image_position\":\"center-center\",\"image\":\"https:\\\/\\\/rukajarvenlomamajat.fi\\\/wp-content\\\/uploads\\\/2021\\\/04\\\/laavu4.jpg\",\"image_size\":\"cover\",\"height\":\"full\",\"padding\":\"none\"},\"children\":[{\"type\":\"row\",\"children\":[{\"type\":\"column\",\"props\":{\"image_position\":\"center-center\",\"media_overlay_gradient\":\"\"},\"children\":[]}]}]},{\"type\":\"section\",\"props\":{\"style\":\"default\",\"width\":\"default\",\"vertical_align\":\"middle\",\"title_position\":\"top-left\",\"title_rotation\":\"left\",\"title_breakpoint\":\"xl\",\"image_position\":\"center-center\"},\"children\":[{\"type\":\"row\",\"children\":[{\"type\":\"column\",\"props\":{\"image_position\":\"center-center\",\"media_overlay_gradient\":\"\"},\"children\":[{\"type\":\"headline\",\"props\":{\"title_element\":\"h1\",\"content\":\"Rastplatz\",\"title_style\":\"h1\"}},{\"type\":\"text\",\"props\":{\"margin\":\"default\",\"column_breakpoint\":\"m\",\"content\":\"\n\n<p><strong>Unseren Kunden steht unser eigener, leicht erreichbarer Rastplatz inmitten der Wildmarknatur zur Verf\\u00fcgung.<\\\/strong><\\\/p>\\n\n\n<p>Am Rastplatz befinden sich ein Schutzdach mit Feuerstelle, ein Teich (3 ha) mit Lachsbestand sowie ein WC.<\\\/p>\\n\n\n<p>Der Rastplatz eignet sich hervorragend f\\u00fcr Tagesausfl\\u00fcge. Hier erleben Sie den stillen Frieden der Wildmark hautnah.<\\\/p>\\n\n\n<p>An der Feuerstelle lassen sich W\\u00fcrstchen grillen, Kaffee kochen oder frisch gefangener Lachs zubereiten.<\\\/p>\\n\n\n<p>Hier erleben Sie die nordische Natur mit allen Sinnen!<\\\/p>\"}}]}]}]}],\"version\":\"2.5.10\"} --><\/p>\n","protected":false},"excerpt":{"rendered":"<p>Rastplatz Unseren Kunden steht unser eigener, leicht erreichbarer Rastplatz inmitten der Wildmarknatur zur Verf\u00fcgung. Am Rastplatz befinden sich ein Schutzdach mit Feuerstelle, ein Teich (3 ha) mit Lachsbestand sowie ein WC. Der Rastplatz eignet sich hervorragend f\u00fcr Tagesausfl\u00fcge. Hier erleben Sie den stillen Frieden der Wildmark hautnah. An der Feuerstelle lassen sich W\u00fcrstchen grillen, Kaffee [&hellip;]<\/p>\n","protected":false},"author":1,"featured_media":82,"parent":2386,"menu_order":1,"comment_status":"closed","ping_status":"closed","template":"","meta":{"footnotes":""},"class_list":["post-2401","page","type-page","status-publish","has-post-thumbnail","hentry"],"yoast_head":"<!-- This site is optimized with the Yoast SEO plugin v27.3 - https:\/\/yoast.com\/product\/yoast-seo-wordpress\/ -->\n<title>Rastplatz - Rukaj\u00e4rven lomamajat, Kuusamo<\/title>\n<meta name=\"description\" content=\"Unseren Kunden steht unser eigener, leicht erreichbarer Rastplatz inmitten der Wildmarknatur zur Verf\u00fcgung.\" \/>\n<meta name=\"robots\" content=\"index, follow, max-snippet:-1, max-image-preview:large, max-video-preview:-1\" \/>\n<link rel=\"canonical\" href=\"https:\/\/rukajarvenlomamajat.fi\/de\/aktivitaten\/sommer\/rastplatz\/\" \/>\n<meta property=\"og:locale\" content=\"de_DE\" \/>\n<meta property=\"og:type\" content=\"article\" \/>\n<meta property=\"og:title\" content=\"Rastplatz - Rukaj\u00e4rven lomamajat, Kuusamo\" \/>\n<meta property=\"og:description\" content=\"Unseren Kunden steht unser eigener, leicht erreichbarer Rastplatz inmitten der Wildmarknatur zur Verf\u00fcgung.\" \/>\n<meta property=\"og:url\" content=\"https:\/\/rukajarvenlomamajat.fi\/de\/aktivitaten\/sommer\/rastplatz\/\" \/>\n<meta property=\"og:site_name\" content=\"Rukaj\u00e4rven lomamajat, Kuusamo\" \/>\n<meta property=\"article:modified_time\" content=\"2021-08-23T09:23:58+00:00\" \/>\n<meta property=\"og:image\" content=\"https:\/\/rukajarvenlomamajat.fi\/wp-content\/uploads\/2016\/03\/laavu4-matala.jpg\" \/>\n\t<meta property=\"og:image:width\" content=\"1024\" \/>\n\t<meta property=\"og:image:height\" content=\"388\" \/>\n\t<meta property=\"og:image:type\" content=\"image\/jpeg\" \/>\n<meta name=\"twitter:card\" content=\"summary_large_image\" \/>\n<script type=\"application\/ld+json\" class=\"yoast-schema-graph\">{\"@context\":\"https:\\\/\\\/schema.org\",\"@graph\":[{\"@type\":\"WebPage\",\"@id\":\"https:\\\/\\\/rukajarvenlomamajat.fi\\\/de\\\/aktivitaten\\\/sommer\\\/rastplatz\\\/\",\"url\":\"https:\\\/\\\/rukajarvenlomamajat.fi\\\/de\\\/aktivitaten\\\/sommer\\\/rastplatz\\\/\",\"name\":\"Rastplatz - Rukaj\u00e4rven lomamajat, Kuusamo\",\"isPartOf\":{\"@id\":\"https:\\\/\\\/rukajarvenlomamajat.fi\\\/de\\\/#website\"},\"primaryImageOfPage\":{\"@id\":\"https:\\\/\\\/rukajarvenlomamajat.fi\\\/de\\\/aktivitaten\\\/sommer\\\/rastplatz\\\/#primaryimage\"},\"image\":{\"@id\":\"https:\\\/\\\/rukajarvenlomamajat.fi\\\/de\\\/aktivitaten\\\/sommer\\\/rastplatz\\\/#primaryimage\"},\"thumbnailUrl\":\"https:\\\/\\\/rukajarvenlomamajat.fi\\\/wp-content\\\/uploads\\\/2016\\\/03\\\/laavu4-matala.jpg\",\"datePublished\":\"2016-03-17T11:11:07+00:00\",\"dateModified\":\"2021-08-23T09:23:58+00:00\",\"description\":\"Unseren Kunden steht unser eigener, leicht erreichbarer Rastplatz inmitten der Wildmarknatur zur Verf\u00fcgung.\",\"breadcrumb\":{\"@id\":\"https:\\\/\\\/rukajarvenlomamajat.fi\\\/de\\\/aktivitaten\\\/sommer\\\/rastplatz\\\/#breadcrumb\"},\"inLanguage\":\"de\",\"potentialAction\":[{\"@type\":\"ReadAction\",\"target\":[\"https:\\\/\\\/rukajarvenlomamajat.fi\\\/de\\\/aktivitaten\\\/sommer\\\/rastplatz\\\/\"]}]},{\"@type\":\"ImageObject\",\"inLanguage\":\"de\",\"@id\":\"https:\\\/\\\/rukajarvenlomamajat.fi\\\/de\\\/aktivitaten\\\/sommer\\\/rastplatz\\\/#primaryimage\",\"url\":\"https:\\\/\\\/rukajarvenlomamajat.fi\\\/wp-content\\\/uploads\\\/2016\\\/03\\\/laavu4-matala.jpg\",\"contentUrl\":\"https:\\\/\\\/rukajarvenlomamajat.fi\\\/wp-content\\\/uploads\\\/2016\\\/03\\\/laavu4-matala.jpg\",\"width\":1024,\"height\":388},{\"@type\":\"BreadcrumbList\",\"@id\":\"https:\\\/\\\/rukajarvenlomamajat.fi\\\/de\\\/aktivitaten\\\/sommer\\\/rastplatz\\\/#breadcrumb\",\"itemListElement\":[{\"@type\":\"ListItem\",\"position\":1,\"name\":\"Etusivu\",\"item\":\"https:\\\/\\\/rukajarvenlomamajat.fi\\\/de\\\/\"},{\"@type\":\"ListItem\",\"position\":2,\"name\":\"Aktivit\u00e4ten\",\"item\":\"https:\\\/\\\/rukajarvenlomamajat.fi\\\/de\\\/aktivitaten\\\/\"},{\"@type\":\"ListItem\",\"position\":3,\"name\":\"Aktiviteten im Sommer\",\"item\":\"https:\\\/\\\/rukajarvenlomamajat.fi\\\/de\\\/aktivitaten\\\/sommer\\\/\"},{\"@type\":\"ListItem\",\"position\":4,\"name\":\"Rastplatz\"}]},{\"@type\":\"WebSite\",\"@id\":\"https:\\\/\\\/rukajarvenlomamajat.fi\\\/de\\\/#website\",\"url\":\"https:\\\/\\\/rukajarvenlomamajat.fi\\\/de\\\/\",\"name\":\"Rukaj\u00e4rven lomamajat, Kuusamo\",\"description\":\"Viihtyisi\u00e4 ja tasokkaita m\u00f6kkej\u00e4 Rukalla j\u00e4rven rannalla\",\"potentialAction\":[{\"@type\":\"SearchAction\",\"target\":{\"@type\":\"EntryPoint\",\"urlTemplate\":\"https:\\\/\\\/rukajarvenlomamajat.fi\\\/de\\\/?s={search_term_string}\"},\"query-input\":{\"@type\":\"PropertyValueSpecification\",\"valueRequired\":true,\"valueName\":\"search_term_string\"}}],\"inLanguage\":\"de\"}]}<\/script>\n<!-- \/ Yoast SEO plugin. -->","yoast_head_json":{"title":"Rastplatz - Rukaj\u00e4rven lomamajat, Kuusamo","description":"Unseren Kunden steht unser eigener, leicht erreichbarer Rastplatz inmitten der Wildmarknatur zur Verf\u00fcgung.","robots":{"index":"index","follow":"follow","max-snippet":"max-snippet:-1","max-image-preview":"max-image-preview:large","max-video-preview":"max-video-preview:-1"},"canonical":"https:\/\/rukajarvenlomamajat.fi\/de\/aktivitaten\/sommer\/rastplatz\/","og_locale":"de_DE","og_type":"article","og_title":"Rastplatz - Rukaj\u00e4rven lomamajat, Kuusamo","og_description":"Unseren Kunden steht unser eigener, leicht erreichbarer Rastplatz inmitten der Wildmarknatur zur Verf\u00fcgung.","og_url":"https:\/\/rukajarvenlomamajat.fi\/de\/aktivitaten\/sommer\/rastplatz\/","og_site_name":"Rukaj\u00e4rven lomamajat, Kuusamo","article_modified_time":"2021-08-23T09:23:58+00:00","og_image":[{"width":1024,"height":388,"url":"https:\/\/rukajarvenlomamajat.fi\/wp-content\/uploads\/2016\/03\/laavu4-matala.jpg","type":"image\/jpeg"}],"twitter_card":"summary_large_image","schema":{"@context":"https:\/\/schema.org","@graph":[{"@type":"WebPage","@id":"https:\/\/rukajarvenlomamajat.fi\/de\/aktivitaten\/sommer\/rastplatz\/","url":"https:\/\/rukajarvenlomamajat.fi\/de\/aktivitaten\/sommer\/rastplatz\/","name":"Rastplatz - Rukaj\u00e4rven lomamajat, Kuusamo","isPartOf":{"@id":"https:\/\/rukajarvenlomamajat.fi\/de\/#website"},"primaryImageOfPage":{"@id":"https:\/\/rukajarvenlomamajat.fi\/de\/aktivitaten\/sommer\/rastplatz\/#primaryimage"},"image":{"@id":"https:\/\/rukajarvenlomamajat.fi\/de\/aktivitaten\/sommer\/rastplatz\/#primaryimage"},"thumbnailUrl":"https:\/\/rukajarvenlomamajat.fi\/wp-content\/uploads\/2016\/03\/laavu4-matala.jpg","datePublished":"2016-03-17T11:11:07+00:00","dateModified":"2021-08-23T09:23:58+00:00","description":"Unseren Kunden steht unser eigener, leicht erreichbarer Rastplatz inmitten der Wildmarknatur zur Verf\u00fcgung.","breadcrumb":{"@id":"https:\/\/rukajarvenlomamajat.fi\/de\/aktivitaten\/sommer\/rastplatz\/#breadcrumb"},"inLanguage":"de","potentialAction":[{"@type":"ReadAction","target":["https:\/\/rukajarvenlomamajat.fi\/de\/aktivitaten\/sommer\/rastplatz\/"]}]},{"@type":"ImageObject","inLanguage":"de","@id":"https:\/\/rukajarvenlomamajat.fi\/de\/aktivitaten\/sommer\/rastplatz\/#primaryimage","url":"https:\/\/rukajarvenlomamajat.fi\/wp-content\/uploads\/2016\/03\/laavu4-matala.jpg","contentUrl":"https:\/\/rukajarvenlomamajat.fi\/wp-content\/uploads\/2016\/03\/laavu4-matala.jpg","width":1024,"height":388},{"@type":"BreadcrumbList","@id":"https:\/\/rukajarvenlomamajat.fi\/de\/aktivitaten\/sommer\/rastplatz\/#breadcrumb","itemListElement":[{"@type":"ListItem","position":1,"name":"Etusivu","item":"https:\/\/rukajarvenlomamajat.fi\/de\/"},{"@type":"ListItem","position":2,"name":"Aktivit\u00e4ten","item":"https:\/\/rukajarvenlomamajat.fi\/de\/aktivitaten\/"},{"@type":"ListItem","position":3,"name":"Aktiviteten im Sommer","item":"https:\/\/rukajarvenlomamajat.fi\/de\/aktivitaten\/sommer\/"},{"@type":"ListItem","position":4,"name":"Rastplatz"}]},{"@type":"WebSite","@id":"https:\/\/rukajarvenlomamajat.fi\/de\/#website","url":"https:\/\/rukajarvenlomamajat.fi\/de\/","name":"Rukaj\u00e4rven lomamajat, Kuusamo","description":"Viihtyisi\u00e4 ja tasokkaita m\u00f6kkej\u00e4 Rukalla j\u00e4rven rannalla","potentialAction":[{"@type":"SearchAction","target":{"@type":"EntryPoint","urlTemplate":"https:\/\/rukajarvenlomamajat.fi\/de\/?s={search_term_string}"},"query-input":{"@type":"PropertyValueSpecification","valueRequired":true,"valueName":"search_term_string"}}],"inLanguage":"de"}]}},"_links":{"self":[{"href":"https:\/\/rukajarvenlomamajat.fi\/de\/wp-json\/wp\/v2\/pages\/2401","targetHints":{"allow":["GET"]}}],"collection":[{"href":"https:\/\/rukajarvenlomamajat.fi\/de\/wp-json\/wp\/v2\/pages"}],"about":[{"href":"https:\/\/rukajarvenlomamajat.fi\/de\/wp-json\/wp\/v2\/types\/page"}],"author":[{"embeddable":true,"href":"https:\/\/rukajarvenlomamajat.fi\/de\/wp-json\/wp\/v2\/users\/1"}],"replies":[{"embeddable":true,"href":"https:\/\/rukajarvenlomamajat.fi\/de\/wp-json\/wp\/v2\/comments?post=2401"}],"version-history":[{"count":0,"href":"https:\/\/rukajarvenlomamajat.fi\/de\/wp-json\/wp\/v2\/pages\/2401\/revisions"}],"up":[{"embeddable":true,"href":"https:\/\/rukajarvenlomamajat.fi\/de\/wp-json\/wp\/v2\/pages\/2386"}],"wp:featuredmedia":[{"embeddable":true,"href":"https:\/\/rukajarvenlomamajat.fi\/de\/wp-json\/wp\/v2\/media\/82"}],"wp:attachment":[{"href":"https:\/\/rukajarvenlomamajat.fi\/de\/wp-json\/wp\/v2\/media?parent=2401"}],"curies":[{"name":"wp","href":"https:\/\/api.w.org\/{rel}","templated":true}]}}