{"id":2386,"date":"2010-09-02T12:56:11","date_gmt":"2010-09-02T09:56:11","guid":{"rendered":"https:\/\/rukajarvenlomamajat.fi\/uusi\/aktivitaten\/aktiviteetit-kesalla\/"},"modified":"2021-08-23T12:15:34","modified_gmt":"2021-08-23T09:15:34","slug":"sommer","status":"publish","type":"page","link":"https:\/\/rukajarvenlomamajat.fi\/de\/aktivitaten\/sommer\/","title":{"rendered":"Aktiviteten im Sommer"},"content":{"rendered":"<h1>\n<p class=\"tm-article-title uk-article-title\">AKTIVIT\u00c4TEN IM SOMMER<\/p>\n<\/h1>\n<div>\n<p>Safe beach for children, a tranquil spot for some sunbathing, boats, fishing tackle, volleyball net and dartboard.<\/p>\n<\/div>\n<p><a href=\"\/saunalautta-rukan-rento\/\"><img decoding=\"async\" src=\"\/wp-content\/uploads\/2021\/05\/rukajaerven_majat_uimassa.jpg\" alt=\"saunalautta\"><\/a><\/p>\n<div>\n<h3>Nature photography and bird watching<\/h3>\n<div>\n<div class=\"uk-margin-medium\" property=\"text\">\n<p>Nature photography and bird watching in Kuusamo is an experience beyond comparison!<\/p>\n<\/div>\n<\/div>\n<\/div>\n<div>\n<h3>HIKING<\/h3>\n<div>\n<div property=\"text\"><strong>All the magnificent hiking routes of Kuusamo.<\/strong><\/p>\n<div>\n<div property=\"text\">\n<ul>\n<li><a href=\"https:\/\/www.nationalparks.fi\/karhunkierros\" target=\"_blank\" rel=\"noopener\">Karhunkierros Trail in Oulanka National Park<\/a><\/li>\n<li><a href=\"https:\/\/www.nationalparks.fi\/oulankanp\/trails\/hikingtrails\" target=\"_blank\" rel=\"noopener\">the shorter Pieni Karhunkierros Trail<\/a><\/li>\n<li><a href=\"https:\/\/www.nationalparks.fi\/oulankanp\/sights\" target=\"_blank\" rel=\"noopener\">the thundering waterfalls Kiutak\u00f6ng\u00e4s and Jyr\u00e4v\u00e4<\/a><\/li>\n<li><a href=\"https:\/\/www.nationalparks.fi\/valtavaara\" target=\"_blank\" rel=\"noopener\">the trails of Ruka, Valtavaara and Pyh\u00e4vaara<\/a><\/li>\n<li><a href=\"https:\/\/www.nationalparks.fi\/riisitunturinp\" target=\"_blank\" rel=\"noopener\">Riisitunturi National Park<\/a><\/li>\n<li><a href=\"https:\/\/www.nationalparks.fi\/karhunkierros\/trailroutedescription\/sallantieparkingarearistikalliooulankavisitorcentre\" target=\"_blank\" rel=\"noopener\">Ristikallio Trail<\/a><\/li>\n<li><a href=\"https:\/\/www.nationalparks.fi\/oulankanp\/trails\/hikingtrails\" target=\"_blank\" rel=\"noopener\">Keroharju Trail<\/a><\/li>\n<li><a href=\"https:\/\/www.nationalparks.fi\/oulankanp\/trails\/hikingtrails\" target=\"_blank\" rel=\"noopener\">Ahmanpolku Trail<\/a><\/li>\n<\/ul>\n<\/div>\n<\/div>\n<\/div>\n<\/div>\n<\/div>\n<div>\n<h3>Biking<\/h3>\n<div>\n<div property=\"text\">\n<div>\n<div data-src=\"https:\/\/rukajarvenlomamajat.fi\/wp-content\/uploads\/2021\/06\/pyoraily-rukalla.jpg\" uk-img=\"\">\n<div>\n<div uk-grid=\"\">\n<div>\n<div>\n<div>\n<div property=\"text\">\n<p>For a biker the local roads are diverse and sometimes even challenging. However, the scenery makes all the effort worthwhile. With a bike you can explore the wilderness at your own liking. At Ruka, a breath-taking view opens in front of your eyes from the top of Ruka Fell.<\/p>\n<\/div>\n<\/div>\n<\/div>\n<\/div>\n<\/div>\n<\/div>\n<\/div>\n<\/div>\n<div>\n<div>\n<div uk-grid=\"\">\n<div>\n<div>\n<div uk-grid=\"\" uk-lightbox=\"toggle: a[data-type];\">\n<div><\/div>\n<\/div>\n<\/div>\n<\/div>\n<\/div>\n<\/div>\n<\/div>\n<\/div>\n<\/div>\n<\/div>\n<ul>\n<li>\n<p>        <img decoding=\"async\" src=\"\/wp-content\/uploads\/2021\/06\/poika-jyravalla_320.jpg\" alt=\"\"><\/p>\n<h3>poika-jyravalla_320<\/h3>\n<\/li>\n<li>\n<p>        <img decoding=\"async\" src=\"\/wp-content\/uploads\/2021\/06\/rukajarvenlomamajat-melonta-nuotiolla.jpg\" alt=\"\"><\/p>\n<h3>rukajarvenlomamajat-melonta-nuotiolla<\/h3>\n<\/li>\n<li>\n<p>        <img decoding=\"async\" src=\"\/wp-content\/uploads\/2021\/06\/rukajarvenlomamajat-melonta-oulankajoki.jpg\" alt=\"\"><\/p>\n<h3>rukajarvenlomamajat-melonta-oulankajoki<\/h3>\n<\/li>\n<li>\n<p>        <img decoding=\"async\" src=\"\/wp-content\/uploads\/2021\/06\/ruka_kuusamo_Myllykoski_summer_Veera_Vihervaara-5.jpg\" alt=\"\"><\/p>\n<h3>ruka_kuusamo_Myllykoski_summer_Veera_Vihervaara-5<\/h3>\n<\/li>\n<li>\n<p>        <img decoding=\"async\" src=\"\/wp-content\/uploads\/2021\/06\/rukajarvenlomamajat-koskenlaskua.jpg\" alt=\"\"><\/p>\n<h3>rukajarvenlomamajat-koskenlaskua<\/h3>\n<\/li>\n<li>\n<p>        <img decoding=\"async\" src=\"\/wp-content\/uploads\/2021\/06\/rukajarvenlomamajat-kesakelkkarata-rukalla.jpg\" alt=\"\"><\/p>\n<h3>rukajarvenlomamajat-kesakelkkarata-rukalla<\/h3>\n<\/li>\n<li>\n<p>        <img decoding=\"async\" src=\"\/wp-content\/uploads\/2021\/06\/rukajarvenlomamajat-pyoraily-rukalla1.jpg\" alt=\"\"><\/p>\n<h3>rukajarvenlomamajat-pyoraily-rukalla1<\/h3>\n<\/li>\n<li>\n<p>        <img decoding=\"async\" src=\"\/wp-content\/uploads\/2021\/06\/rukajarvenlomamajat-kalastus-kitkajoki.jpg\" alt=\"\"><\/p>\n<h3>rukajarvenlomamajat-kalastus-kitkajoki<\/h3>\n<\/li>\n<li>\n<p>        <img decoding=\"async\" src=\"\/wp-content\/uploads\/2021\/06\/rukajarvenlomamajat-riippusilta-oulanka.jpg\" alt=\"\"><\/p>\n<h3>rukajarvenlomamajat-riippusilta-oulanka<\/h3>\n<\/li>\n<li>\n<p>        <img decoding=\"async\" src=\"\/wp-content\/uploads\/2021\/06\/rukajarvenlomamajat-vaellus-kiutakongas.jpg\" alt=\"\"><\/p>\n<h3>rukajarvenlomamajat-vaellus-kiutakongas<\/h3>\n<\/li>\n<li>\n<p>        <img decoding=\"async\" src=\"\/wp-content\/uploads\/2021\/06\/ruka-kuusamo_paahkana_ruska_Veera_Vihervaara.jpg\" alt=\"\"><\/p>\n<h3>ruka-kuusamo_paahkana_ruska_Veera_Vihervaara<\/h3>\n<\/li>\n<li>\n<p>        <img decoding=\"async\" src=\"\/wp-content\/uploads\/2021\/06\/rukajarvenlomamajat-marjanpoiminta.jpg\" alt=\"\"><\/p>\n<h3>rukajarvenlomamajat-marjanpoiminta<\/h3>\n<\/li>\n<\/ul>\n<p><!--more--><br \/>\n<!-- {\"type\":\"layout\",\"children\":[{\"type\":\"section\",\"props\":{\"style\":\"default\",\"width\":\"\",\"vertical_align\":\"middle\",\"title_position\":\"top-left\",\"title_rotation\":\"left\",\"title_breakpoint\":\"xl\",\"image_position\":\"center-center\",\"padding\":\"xlarge\",\"image\":\"https:\\\/\\\/rukajarvenlomamajat.fi\\\/wp-content\\\/uploads\\\/2021\\\/05\\\/rantatuolit.jpg\",\"image_size\":\"cover\",\"text_color\":\"light\"},\"children\":[{\"type\":\"row\",\"children\":[{\"type\":\"column\",\"props\":{\"image_position\":\"center-center\",\"media_overlay_gradient\":\"\"},\"children\":[]}]}],\"modified\":\"2021-06-14T07:42:48.607Z\",\"name\":\"hero\"},{\"type\":\"section\",\"props\":{\"style\":\"default\",\"width\":\"default\",\"vertical_align\":\"middle\",\"title_position\":\"top-left\",\"title_rotation\":\"left\",\"title_breakpoint\":\"xl\",\"image_position\":\"center-center\"},\"children\":[{\"type\":\"row\",\"props\":{\"layout\":\"1-2,1-2\"},\"children\":[{\"type\":\"column\",\"props\":{\"image_position\":\"center-center\",\"media_overlay_gradient\":\"\",\"width_medium\":\"1-2\",\"vertical_align\":\"middle\"},\"children\":[{\"type\":\"headline\",\"props\":{\"title_element\":\"h1\",\"content\":\"\n\n<p class=\\\"tm-article-title uk-article-title\\\">AKTIVIT\\u00c4TEN IM SOMMER<\\\/p>\",\"title_style\":\"h1\",\"animation\":\"fade\"}},{\"type\":\"text\",\"props\":{\"margin\":\"default\",\"column_breakpoint\":\"m\",\"content\":\"\n\n<p>Safe beach for children, a tranquil spot for some sunbathing, boats, fishing tackle, volleyball net and dartboard.<\\\/p>\"}}]},{\"type\":\"column\",\"props\":{\"image_position\":\"center-center\",\"media_overlay_gradient\":\"\",\"width_medium\":\"1-2\"},\"children\":[{\"type\":\"image\",\"props\":{\"margin\":\"default\",\"image_svg_color\":\"emphasis\",\"image\":\"wp-content\\\/uploads\\\/2021\\\/05\\\/rukajaerven_majat_uimassa.jpg\",\"image_alt\":\"saunalautta\",\"link\":\"saunalautta-rukan-rento\\\/\"}}]}]}]},{\"type\":\"section\",\"props\":{\"style\":\"default\",\"width\":\"default\",\"vertical_align\":\"middle\",\"title_position\":\"top-left\",\"title_rotation\":\"left\",\"title_breakpoint\":\"xl\",\"image_position\":\"bottom-center\",\"image\":\"https:\\\/\\\/rukajarvenlomamajat.fi\\\/wp-content\\\/uploads\\\/2021\\\/06\\\/ruka-kuusamo_kajakki_oulankajoki.jpg\",\"image_size\":\"cover\",\"padding\":\"large\"},\"children\":[{\"type\":\"row\",\"children\":[{\"type\":\"column\",\"props\":{\"image_position\":\"center-center\",\"media_overlay_gradient\":\"\"},\"children\":[{\"type\":\"panel\",\"props\":{\"link_text\":\"Read more\",\"title_hover_style\":\"reset\",\"title_element\":\"h3\",\"title_align\":\"top\",\"title_grid_width\":\"1-2\",\"title_grid_breakpoint\":\"m\",\"meta_style\":\"meta\",\"meta_align\":\"below-title\",\"meta_element\":\"div\",\"content_column_breakpoint\":\"m\",\"icon_width\":80,\"image_align\":\"top\",\"image_grid_width\":\"1-2\",\"image_grid_breakpoint\":\"m\",\"image_svg_color\":\"emphasis\",\"link_style\":\"default\",\"margin\":\"default\",\"content\":\"\n\n<div class=\\\"uk-margin-medium\\\" property=\\\"text\\\">\\n\n\n<p>Nature photography and bird watching in Kuusamo is an experience beyond comparison!<\\\/p>\\n<\\\/div>\",\"title\":\"Nature photography and bird watching\",\"panel_style\":\"card-default\",\"maxwidth\":\"large\",\"panel_size\":\"small\"}}]}]}]},{\"type\":\"section\",\"props\":{\"style\":\"default\",\"width\":\"default\",\"vertical_align\":\"middle\",\"title_position\":\"top-left\",\"title_rotation\":\"left\",\"title_breakpoint\":\"xl\",\"image_position\":\"center-center\",\"image\":\"https:\\\/\\\/rukajarvenlomamajat.fi\\\/wp-content\\\/uploads\\\/2021\\\/06\\\/ruka-kuusamo-vaellukset.jpg\",\"image_size\":\"cover\",\"padding\":\"large\"},\"children\":[{\"type\":\"row\",\"children\":[{\"type\":\"column\",\"props\":{\"image_position\":\"center-center\",\"media_overlay_gradient\":\"\"},\"children\":[{\"type\":\"panel\",\"props\":{\"link_text\":\"Read more\",\"title_hover_style\":\"reset\",\"title_element\":\"h3\",\"title_align\":\"top\",\"title_grid_width\":\"1-2\",\"title_grid_breakpoint\":\"m\",\"meta_style\":\"meta\",\"meta_align\":\"below-title\",\"meta_element\":\"div\",\"content_column_breakpoint\":\"m\",\"icon_width\":80,\"image_align\":\"top\",\"image_grid_width\":\"1-2\",\"image_grid_breakpoint\":\"m\",\"image_svg_color\":\"emphasis\",\"link_style\":\"default\",\"margin\":\"default\",\"content\":\"\n\n<div property=\\\"text\\\"><strong>All the magnificent hiking routes of Kuusamo.<\\\/strong><br \\\/>\\n\n\n<div>\\n\n\n<div property=\\\"text\\\">\\n\n\n<ul>\\n\n\n<li><a href=\\\"https:\\\/\\\/www.nationalparks.fi\\\/karhunkierros\\\" target=\\\"_blank\\\" rel=\\\"noopener\\\">Karhunkierros Trail in Oulanka National Park<\\\/a><\\\/li>\\n\n\n<li><a href=\\\"https:\\\/\\\/www.nationalparks.fi\\\/oulankanp\\\/trails\\\/hikingtrails\\\" target=\\\"_blank\\\" rel=\\\"noopener\\\">the shorter Pieni Karhunkierros Trail<\\\/a><\\\/li>\\n\n\n<li><a href=\\\"https:\\\/\\\/www.nationalparks.fi\\\/oulankanp\\\/sights\\\" target=\\\"_blank\\\" rel=\\\"noopener\\\">the thundering waterfalls Kiutak\\u00f6ng\\u00e4s and Jyr\\u00e4v\\u00e4<\\\/a><\\\/li>\\n\n\n<li><a href=\\\"https:\\\/\\\/www.nationalparks.fi\\\/valtavaara\\\" target=\\\"_blank\\\" rel=\\\"noopener\\\">the trails of Ruka, Valtavaara and Pyh\\u00e4vaara<\\\/a><\\\/li>\\n\n\n<li><a href=\\\"https:\\\/\\\/www.nationalparks.fi\\\/riisitunturinp\\\" target=\\\"_blank\\\" rel=\\\"noopener\\\">Riisitunturi National Park<\\\/a><\\\/li>\\n\n\n<li><a href=\\\"https:\\\/\\\/www.nationalparks.fi\\\/karhunkierros\\\/trailroutedescription\\\/sallantieparkingarearistikalliooulankavisitorcentre\\\" target=\\\"_blank\\\" rel=\\\"noopener\\\">Ristikallio Trail<\\\/a><\\\/li>\\n\n\n<li><a href=\\\"https:\\\/\\\/www.nationalparks.fi\\\/oulankanp\\\/trails\\\/hikingtrails\\\" target=\\\"_blank\\\" rel=\\\"noopener\\\">Keroharju Trail<\\\/a><\\\/li>\\n\n\n<li><a href=\\\"https:\\\/\\\/www.nationalparks.fi\\\/oulankanp\\\/trails\\\/hikingtrails\\\" target=\\\"_blank\\\" rel=\\\"noopener\\\">Ahmanpolku Trail<\\\/a><\\\/li>\\n<\\\/ul>\\n<\\\/div>\\n<\\\/div>\\n<\\\/div>\",\"title\":\"HIKING\",\"panel_style\":\"card-default\",\"maxwidth\":\"large\",\"block_align\":\"right\",\"panel_size\":\"small\"}}]}]}]},{\"type\":\"section\",\"props\":{\"style\":\"default\",\"width\":\"default\",\"vertical_align\":\"middle\",\"title_position\":\"top-left\",\"title_rotation\":\"left\",\"title_breakpoint\":\"xl\",\"image_position\":\"bottom-center\",\"image\":\"https:\\\/\\\/rukajarvenlomamajat.fi\\\/wp-content\\\/uploads\\\/2021\\\/06\\\/pyoraily-rukalla.jpg\",\"image_size\":\"cover\",\"padding\":\"large\"},\"children\":[{\"type\":\"row\",\"children\":[{\"type\":\"column\",\"props\":{\"image_position\":\"center-center\",\"media_overlay_gradient\":\"\"},\"children\":[{\"type\":\"panel\",\"props\":{\"link_text\":\"Read more\",\"title_hover_style\":\"reset\",\"title_element\":\"h3\",\"title_align\":\"top\",\"title_grid_width\":\"1-2\",\"title_grid_breakpoint\":\"m\",\"meta_style\":\"meta\",\"meta_align\":\"below-title\",\"meta_element\":\"div\",\"content_column_breakpoint\":\"m\",\"icon_width\":80,\"image_align\":\"top\",\"image_grid_width\":\"1-2\",\"image_grid_breakpoint\":\"m\",\"image_svg_color\":\"emphasis\",\"link_style\":\"default\",\"margin\":\"default\",\"content\":\"\n\n<div property=\\\"text\\\">\\n\n\n<div>\\n\n\n<div data-src=\\\"https:\\\/\\\/rukajarvenlomamajat.fi\\\/wp-content\\\/uploads\\\/2021\\\/06\\\/pyoraily-rukalla.jpg\\\" uk-img=\\\"\\\">\\n\n\n<div>\\n\n\n<div uk-grid=\\\"\\\">\\n\n\n<div>\\n\n\n<div>\\n\n\n<div>\\n\n\n<div property=\\\"text\\\">\\n\n\n<p>For a biker the local roads are diverse and sometimes even challenging. However, the scenery makes all the effort worthwhile. With a bike you can explore the wilderness at your own liking. At Ruka, a breath-taking view opens in front of your eyes from the top of Ruka Fell.<\\\/p>\\n<\\\/div>\\n<\\\/div>\\n<\\\/div>\\n<\\\/div>\\n<\\\/div>\\n<\\\/div>\\n<\\\/div>\\n<\\\/div>\\n\n\n<div>\\n\n\n<div>\\n\n\n<div uk-grid=\\\"\\\">\\n\n\n<div>\\n\n\n<div>\\n\n\n<div uk-grid=\\\"\\\" uk-lightbox=\\\"toggle: a[data-type];\\\">\\n\n\n<div><\\\/div>\\n<\\\/div>\\n<\\\/div>\\n<\\\/div>\\n<\\\/div>\\n<\\\/div>\\n<\\\/div>\\n<\\\/div>\",\"title\":\"Biking\",\"panel_style\":\"card-default\",\"maxwidth\":\"large\"}}]}]}]},{\"type\":\"section\",\"props\":{\"style\":\"default\",\"width\":\"default\",\"vertical_align\":\"middle\",\"title_position\":\"top-left\",\"title_rotation\":\"left\",\"title_breakpoint\":\"xl\",\"image_position\":\"center-center\"},\"children\":[{\"type\":\"row\",\"children\":[{\"type\":\"column\",\"props\":{\"image_position\":\"center-center\",\"media_overlay_gradient\":\"\"},\"children\":[{\"type\":\"gallery\",\"props\":{\"show_title\":false,\"show_meta\":true,\"show_content\":true,\"show_link\":true,\"show_hover_image\":true,\"grid_default\":\"1\",\"grid_medium\":\"4\",\"filter_style\":\"tab\",\"filter_all\":true,\"filter_position\":\"top\",\"filter_align\":\"left\",\"filter_grid_width\":\"auto\",\"filter_grid_breakpoint\":\"m\",\"overlay_mode\":\"cover\",\"overlay_hover\":false,\"overlay_style\":\"\",\"text_color\":\"light\",\"overlay_position\":\"center\",\"overlay_transition\":\"fade\",\"title_hover_style\":\"reset\",\"title_element\":\"h3\",\"meta_style\":\"meta\",\"meta_align\":\"below-title\",\"meta_element\":\"div\",\"link_text\":\"\",\"link_style\":\"link-text\",\"text_align\":\"center\",\"margin\":\"default\",\"item_animation\":true,\"grid_column_gap\":\"small\",\"grid_row_gap\":\"small\",\"grid_small\":\"2\",\"grid_masonry\":false,\"image_width\":\"800\",\"image_height\":\"533\",\"image_transition\":\"scale-up\",\"lightbox\":true,\"overlay_link\":true},\"children\":[{\"type\":\"gallery_item\",\"props\":{\"title\":\"poika-jyravalla_320\",\"image\":\"wp-content\\\/uploads\\\/2021\\\/06\\\/poika-jyravalla_320.jpg\"}},{\"type\":\"gallery_item\",\"props\":{\"title\":\"rukajarvenlomamajat-melonta-nuotiolla\",\"image\":\"wp-content\\\/uploads\\\/2021\\\/06\\\/rukajarvenlomamajat-melonta-nuotiolla.jpg\"}},{\"type\":\"gallery_item\",\"props\":{\"title\":\"rukajarvenlomamajat-melonta-oulankajoki\",\"image\":\"wp-content\\\/uploads\\\/2021\\\/06\\\/rukajarvenlomamajat-melonta-oulankajoki.jpg\"}},{\"type\":\"gallery_item\",\"props\":{\"title\":\"ruka_kuusamo_Myllykoski_summer_Veera_Vihervaara-5\",\"image\":\"wp-content\\\/uploads\\\/2021\\\/06\\\/ruka_kuusamo_Myllykoski_summer_Veera_Vihervaara-5.jpg\"}},{\"type\":\"gallery_item\",\"props\":{\"title\":\"rukajarvenlomamajat-koskenlaskua\",\"image\":\"wp-content\\\/uploads\\\/2021\\\/06\\\/rukajarvenlomamajat-koskenlaskua.jpg\"}},{\"type\":\"gallery_item\",\"props\":{\"title\":\"rukajarvenlomamajat-kesakelkkarata-rukalla\",\"image\":\"wp-content\\\/uploads\\\/2021\\\/06\\\/rukajarvenlomamajat-kesakelkkarata-rukalla.jpg\"}},{\"type\":\"gallery_item\",\"props\":{\"title\":\"rukajarvenlomamajat-pyoraily-rukalla1\",\"image\":\"wp-content\\\/uploads\\\/2021\\\/06\\\/rukajarvenlomamajat-pyoraily-rukalla1.jpg\"}},{\"type\":\"gallery_item\",\"props\":{\"title\":\"rukajarvenlomamajat-kalastus-kitkajoki\",\"image\":\"wp-content\\\/uploads\\\/2021\\\/06\\\/rukajarvenlomamajat-kalastus-kitkajoki.jpg\"}},{\"type\":\"gallery_item\",\"props\":{\"title\":\"rukajarvenlomamajat-riippusilta-oulanka\",\"image\":\"wp-content\\\/uploads\\\/2021\\\/06\\\/rukajarvenlomamajat-riippusilta-oulanka.jpg\"}},{\"type\":\"gallery_item\",\"props\":{\"title\":\"rukajarvenlomamajat-vaellus-kiutakongas\",\"image\":\"wp-content\\\/uploads\\\/2021\\\/06\\\/rukajarvenlomamajat-vaellus-kiutakongas.jpg\"}},{\"type\":\"gallery_item\",\"props\":{\"title\":\"ruka-kuusamo_paahkana_ruska_Veera_Vihervaara\",\"image\":\"wp-content\\\/uploads\\\/2021\\\/06\\\/ruka-kuusamo_paahkana_ruska_Veera_Vihervaara.jpg\"}},{\"type\":\"gallery_item\",\"props\":{\"title\":\"rukajarvenlomamajat-marjanpoiminta\",\"image\":\"wp-content\\\/uploads\\\/2021\\\/06\\\/rukajarvenlomamajat-marjanpoiminta.jpg\"}}]}]}]}]}],\"version\":\"2.5.10\"} --><\/p>\n","protected":false},"excerpt":{"rendered":"<p>AKTIVIT\u00c4TEN IM SOMMER Safe beach for children, a tranquil spot for some sunbathing, boats, fishing tackle, volleyball net and dartboard. Nature photography and bird watching Nature photography and bird watching in Kuusamo is an experience beyond comparison! HIKING All the magnificent hiking routes of Kuusamo. Karhunkierros Trail in Oulanka National Park the shorter Pieni Karhunkierros [&hellip;]<\/p>\n","protected":false},"author":1,"featured_media":0,"parent":2351,"menu_order":7,"comment_status":"closed","ping_status":"closed","template":"","meta":{"footnotes":""},"class_list":["post-2386","page","type-page","status-publish","hentry"],"yoast_head":"<!-- This site is optimized with the Yoast SEO plugin v27.2 - https:\/\/yoast.com\/product\/yoast-seo-wordpress\/ -->\n<title>Aktiviteten im Sommer - Rukaj\u00e4rven lomamajat, Kuusamo<\/title>\n<meta name=\"description\" content=\"Safe beach for children, a tranquil spot for some sunbathing, boats, fishing tackle, volleyball net and dartboard.\" \/>\n<meta name=\"robots\" content=\"index, follow, max-snippet:-1, max-image-preview:large, max-video-preview:-1\" \/>\n<link rel=\"canonical\" href=\"https:\/\/rukajarvenlomamajat.fi\/de\/aktivitaten\/sommer\/\" \/>\n<meta property=\"og:locale\" content=\"de_DE\" \/>\n<meta property=\"og:type\" content=\"article\" \/>\n<meta property=\"og:title\" content=\"Aktiviteten im Sommer - Rukaj\u00e4rven lomamajat, Kuusamo\" \/>\n<meta property=\"og:description\" content=\"Safe beach for children, a tranquil spot for some sunbathing, boats, fishing tackle, volleyball net and dartboard.\" \/>\n<meta property=\"og:url\" content=\"https:\/\/rukajarvenlomamajat.fi\/de\/aktivitaten\/sommer\/\" \/>\n<meta property=\"og:site_name\" content=\"Rukaj\u00e4rven lomamajat, Kuusamo\" \/>\n<meta property=\"article:modified_time\" content=\"2021-08-23T09:15:34+00:00\" \/>\n<meta property=\"og:image\" content=\"https:\/\/rukajarvenlomamajat.fi\/wp-content\/uploads\/2021\/05\/rukajaerven_majat_uimassa.jpg\" \/>\n<meta name=\"twitter:card\" content=\"summary_large_image\" \/>\n<meta name=\"twitter:label1\" content=\"Gesch\u00e4tzte Lesezeit\" \/>\n\t<meta name=\"twitter:data1\" content=\"1\u00a0Minute\" \/>\n<script type=\"application\/ld+json\" class=\"yoast-schema-graph\">{\"@context\":\"https:\/\/schema.org\",\"@graph\":[{\"@type\":\"WebPage\",\"@id\":\"https:\/\/rukajarvenlomamajat.fi\/de\/aktivitaten\/sommer\/\",\"url\":\"https:\/\/rukajarvenlomamajat.fi\/de\/aktivitaten\/sommer\/\",\"name\":\"Aktiviteten im Sommer - Rukaj\u00e4rven lomamajat, Kuusamo\",\"isPartOf\":{\"@id\":\"https:\/\/rukajarvenlomamajat.fi\/de\/#website\"},\"datePublished\":\"2010-09-02T09:56:11+00:00\",\"dateModified\":\"2021-08-23T09:15:34+00:00\",\"description\":\"Safe beach for children, a tranquil spot for some sunbathing, boats, fishing tackle, volleyball net and dartboard.\",\"breadcrumb\":{\"@id\":\"https:\/\/rukajarvenlomamajat.fi\/de\/aktivitaten\/sommer\/#breadcrumb\"},\"inLanguage\":\"de\",\"potentialAction\":[{\"@type\":\"ReadAction\",\"target\":[\"https:\/\/rukajarvenlomamajat.fi\/de\/aktivitaten\/sommer\/\"]}]},{\"@type\":\"BreadcrumbList\",\"@id\":\"https:\/\/rukajarvenlomamajat.fi\/de\/aktivitaten\/sommer\/#breadcrumb\",\"itemListElement\":[{\"@type\":\"ListItem\",\"position\":1,\"name\":\"Etusivu\",\"item\":\"https:\/\/rukajarvenlomamajat.fi\/de\/\"},{\"@type\":\"ListItem\",\"position\":2,\"name\":\"Aktivit\u00e4ten\",\"item\":\"https:\/\/rukajarvenlomamajat.fi\/de\/aktivitaten\/\"},{\"@type\":\"ListItem\",\"position\":3,\"name\":\"Aktiviteten im Sommer\"}]},{\"@type\":\"WebSite\",\"@id\":\"https:\/\/rukajarvenlomamajat.fi\/de\/#website\",\"url\":\"https:\/\/rukajarvenlomamajat.fi\/de\/\",\"name\":\"Rukaj\u00e4rven lomamajat, Kuusamo\",\"description\":\"Viihtyisi\u00e4 ja tasokkaita m\u00f6kkej\u00e4 Rukalla j\u00e4rven rannalla\",\"potentialAction\":[{\"@type\":\"SearchAction\",\"target\":{\"@type\":\"EntryPoint\",\"urlTemplate\":\"https:\/\/rukajarvenlomamajat.fi\/de\/?s={search_term_string}\"},\"query-input\":{\"@type\":\"PropertyValueSpecification\",\"valueRequired\":true,\"valueName\":\"search_term_string\"}}],\"inLanguage\":\"de\"}]}<\/script>\n<!-- \/ Yoast SEO plugin. -->","yoast_head_json":{"title":"Aktiviteten im Sommer - Rukaj\u00e4rven lomamajat, Kuusamo","description":"Safe beach for children, a tranquil spot for some sunbathing, boats, fishing tackle, volleyball net and dartboard.","robots":{"index":"index","follow":"follow","max-snippet":"max-snippet:-1","max-image-preview":"max-image-preview:large","max-video-preview":"max-video-preview:-1"},"canonical":"https:\/\/rukajarvenlomamajat.fi\/de\/aktivitaten\/sommer\/","og_locale":"de_DE","og_type":"article","og_title":"Aktiviteten im Sommer - Rukaj\u00e4rven lomamajat, Kuusamo","og_description":"Safe beach for children, a tranquil spot for some sunbathing, boats, fishing tackle, volleyball net and dartboard.","og_url":"https:\/\/rukajarvenlomamajat.fi\/de\/aktivitaten\/sommer\/","og_site_name":"Rukaj\u00e4rven lomamajat, Kuusamo","article_modified_time":"2021-08-23T09:15:34+00:00","og_image":[{"url":"https:\/\/rukajarvenlomamajat.fi\/wp-content\/uploads\/2021\/05\/rukajaerven_majat_uimassa.jpg","type":"","width":"","height":""}],"twitter_card":"summary_large_image","twitter_misc":{"Gesch\u00e4tzte Lesezeit":"1\u00a0Minute"},"schema":{"@context":"https:\/\/schema.org","@graph":[{"@type":"WebPage","@id":"https:\/\/rukajarvenlomamajat.fi\/de\/aktivitaten\/sommer\/","url":"https:\/\/rukajarvenlomamajat.fi\/de\/aktivitaten\/sommer\/","name":"Aktiviteten im Sommer - Rukaj\u00e4rven lomamajat, Kuusamo","isPartOf":{"@id":"https:\/\/rukajarvenlomamajat.fi\/de\/#website"},"datePublished":"2010-09-02T09:56:11+00:00","dateModified":"2021-08-23T09:15:34+00:00","description":"Safe beach for children, a tranquil spot for some sunbathing, boats, fishing tackle, volleyball net and dartboard.","breadcrumb":{"@id":"https:\/\/rukajarvenlomamajat.fi\/de\/aktivitaten\/sommer\/#breadcrumb"},"inLanguage":"de","potentialAction":[{"@type":"ReadAction","target":["https:\/\/rukajarvenlomamajat.fi\/de\/aktivitaten\/sommer\/"]}]},{"@type":"BreadcrumbList","@id":"https:\/\/rukajarvenlomamajat.fi\/de\/aktivitaten\/sommer\/#breadcrumb","itemListElement":[{"@type":"ListItem","position":1,"name":"Etusivu","item":"https:\/\/rukajarvenlomamajat.fi\/de\/"},{"@type":"ListItem","position":2,"name":"Aktivit\u00e4ten","item":"https:\/\/rukajarvenlomamajat.fi\/de\/aktivitaten\/"},{"@type":"ListItem","position":3,"name":"Aktiviteten im Sommer"}]},{"@type":"WebSite","@id":"https:\/\/rukajarvenlomamajat.fi\/de\/#website","url":"https:\/\/rukajarvenlomamajat.fi\/de\/","name":"Rukaj\u00e4rven lomamajat, Kuusamo","description":"Viihtyisi\u00e4 ja tasokkaita m\u00f6kkej\u00e4 Rukalla j\u00e4rven rannalla","potentialAction":[{"@type":"SearchAction","target":{"@type":"EntryPoint","urlTemplate":"https:\/\/rukajarvenlomamajat.fi\/de\/?s={search_term_string}"},"query-input":{"@type":"PropertyValueSpecification","valueRequired":true,"valueName":"search_term_string"}}],"inLanguage":"de"}]}},"_links":{"self":[{"href":"https:\/\/rukajarvenlomamajat.fi\/de\/wp-json\/wp\/v2\/pages\/2386","targetHints":{"allow":["GET"]}}],"collection":[{"href":"https:\/\/rukajarvenlomamajat.fi\/de\/wp-json\/wp\/v2\/pages"}],"about":[{"href":"https:\/\/rukajarvenlomamajat.fi\/de\/wp-json\/wp\/v2\/types\/page"}],"author":[{"embeddable":true,"href":"https:\/\/rukajarvenlomamajat.fi\/de\/wp-json\/wp\/v2\/users\/1"}],"replies":[{"embeddable":true,"href":"https:\/\/rukajarvenlomamajat.fi\/de\/wp-json\/wp\/v2\/comments?post=2386"}],"version-history":[{"count":0,"href":"https:\/\/rukajarvenlomamajat.fi\/de\/wp-json\/wp\/v2\/pages\/2386\/revisions"}],"up":[{"embeddable":true,"href":"https:\/\/rukajarvenlomamajat.fi\/de\/wp-json\/wp\/v2\/pages\/2351"}],"wp:attachment":[{"href":"https:\/\/rukajarvenlomamajat.fi\/de\/wp-json\/wp\/v2\/media?parent=2386"}],"curies":[{"name":"wp","href":"https:\/\/api.w.org\/{rel}","templated":true}]}}