{"id":2351,"date":"2010-09-01T14:48:50","date_gmt":"2010-09-01T11:48:50","guid":{"rendered":"https:\/\/rukajarvenlomamajat.fi\/uusi\/aktiviteetit\/"},"modified":"2021-08-23T12:31:46","modified_gmt":"2021-08-23T09:31:46","slug":"aktivitaten","status":"publish","type":"page","link":"https:\/\/rukajarvenlomamajat.fi\/de\/aktivitaten\/","title":{"rendered":"Aktivit\u00e4ten"},"content":{"rendered":"<ul>\n<li>\n<p>        <img decoding=\"async\" src=\"\/wp-content\/uploads\/2021\/06\/ruka-kuusamo_konttainen_helmi21_sallakarhumaa.jpg\" alt=\"\"><\/p>\n<h3>ruka-kuusamo_konttainen_helmi21_sallakarhumaa<\/h3>\n<\/li>\n<li>\n<p>        <img decoding=\"async\" src=\"\/wp-content\/uploads\/2021\/08\/lumikenkaily-ruka-kuusamo.jpg\" alt=\"\"><\/p>\n<h3>lumikenkaily-ruka-kuusamo<\/h3>\n<\/li>\n<li>\n<p>        <img decoding=\"async\" src=\"\/wp-content\/uploads\/2021\/06\/ruka-kuusamo_2020_harritarvainen.jpg.jpg\" alt=\"\"><\/p>\n<h3>ruka-kuusamo_2020_harritarvainen.jpg<\/h3>\n<\/li>\n<li>\n<p>        <img decoding=\"async\" src=\"\/wp-content\/uploads\/2021\/06\/pyoraily-rukalla.jpg\" alt=\"\"><\/p>\n<h3>pyoraily-rukalla<\/h3>\n<\/li>\n<\/ul>\n<h1>Aktivit\u00e4ten<\/h1>\n<div>\n<p><strong>Rukaj\u00e4rven Lomamajat on ihanteellinen paikka kunnon kohentamiseen ja &#8222;akkujen lataukseen&#8220;.<\/strong><\/p>\n<p>Ruka ja Kuusamo ymp\u00e4rist\u00f6ineen tarjoavat mainiot mahdollisuudet mit\u00e4 moninaisimpiin harrastuksiin.<\/p>\n<\/div>\n<ul>\n<li>\n<p>        <img decoding=\"async\" src=\"https:\/\/rukajarvenlomamajat.fi\/wp-content\/uploads\/2021\/06\/rukajarvenlomamajat-rantatuolit.jpg\" alt=\"Ranta\"><\/p>\n<h3>Aktivit\u00e4ten im sommer<\/h3>\n<div>\n<p>Sicherer Strand f\u00fcr Kinder, ein ruhiger Ort zum Sonnenbaden, Boote, Angelger\u00e4te, Volleyballnetz und Dartscheibe.<\/p>\n<p>Alle herrlichen Wanderrouten von Kuusamo.<\/p>\n<p>Auch Radfahren, Kanufahren, Wasserrafting, Naturfotografie und Vogelbeobachtung<\/p>\n<\/div>\n<p><a href=\"\/de\/aktivitaten\/sommer\/\">Lesen Sie Mehr<\/a><\/p>\n<\/li>\n<li>\n<p>        <img decoding=\"async\" src=\"https:\/\/rukajarvenlomamajat.fi\/wp-content\/uploads\/2021\/06\/ruka-kuusamo_VillageExpress_VeeraVihervaara.jpg\" alt=\"\"><\/p>\n<h3>Aktivit\u00e4ten im Winter<\/h3>\n<div>\n<p>Ruka ist ein Paradies f\u00fcr Schneeliebhaber. Sehr gut pr\u00e4parierte Langlaufloipen stehen Ihnen zur Verf\u00fcgung.<\/p>\n<p>Auf den Routen des Ruka-Gebiets k\u00f6nnen Sie selbstst\u00e4ndig Schneemobil fahren.<\/p>\n<p>Auch Eisfischen und Schneeschuhwandern.<\/p>\n<\/div>\n<p><a href=\"\/de\/aktivitaten\/im-winter\/\">Lesen Sie Mehr<\/a><\/p>\n<\/li>\n<li>\n<p>        <img decoding=\"async\" src=\"https:\/\/rukajarvenlomamajat.fi\/wp-content\/uploads\/2021\/06\/rukajarvenlomamajat-laavulla-kalalla.jpg\" alt=\"\"><\/p>\n<h3>ANGELN<\/h3>\n<div>\n<p><span>Straight from your holiday cottage lakeshore, the clear waters of Lake Rukaj\u00e4rvi or Lake Vuosselij\u00e4rvi invite you to go for independent fishing trips.\u00a0<\/span><\/p>\n<div id=\"tm-main\" class=\"tm-block-main uk-block uk-block-default\">\n<div class=\"uk-container uk-container-center\">\n<div class=\"tm-middle uk-grid\" data-uk-grid-match=\"\" data-uk-grid-margin=\"\">\n<div class=\"tm-main uk-width-medium-1-1 uk-row-first\"><main id=\"tm-content\" class=\"tm-content\"><\/p>\n<article class=\"uk-article \">\n<div class=\"tm-article-content uk-margin\">\n<p>There is an opportunity to grill the day&#8217;s catch. A separate smoking box with wood chips can be used in the grills.<\/p>\n<\/div>\n<\/article>\n<p><\/main><\/div>\n<\/div>\n<\/div>\n<\/div>\n<\/div>\n<p><a href=\"\/de\/aktivitaten\/sommer\/angeln\/\">Lesen Sie Mehr<\/a><\/p>\n<\/li>\n<\/ul>\n<p><!--more--><br \/>\n<!-- {\"type\":\"layout\",\"children\":[{\"type\":\"section\",\"props\":{\"style\":\"secondary\",\"width\":\"\",\"vertical_align\":\"middle\",\"title_position\":\"top-left\",\"title_rotation\":\"left\",\"title_breakpoint\":\"xl\",\"image_position\":\"center-center\",\"padding\":\"none\"},\"children\":[{\"type\":\"row\",\"children\":[{\"type\":\"column\",\"props\":{\"image_position\":\"center-center\",\"media_overlay_gradient\":\"\"},\"children\":[{\"type\":\"slideshow\",\"props\":{\"show_title\":false,\"show_meta\":true,\"show_content\":true,\"show_link\":true,\"show_thumbnail\":true,\"slideshow_min_height\":\"\",\"slideshow_autoplay_pause\":false,\"nav\":\"\",\"nav_position\":\"bottom-center\",\"nav_position_margin\":\"medium\",\"nav_align\":\"center\",\"nav_breakpoint\":\"s\",\"thumbnav_width\":\"100\",\"thumbnav_height\":\"75\",\"thumbnav_svg_color\":\"emphasis\",\"slidenav\":\"default\",\"slidenav_margin\":\"medium\",\"slidenav_breakpoint\":\"s\",\"slidenav_outside_breakpoint\":\"xl\",\"overlay_position\":\"center-left\",\"overlay_animation\":\"parallax\",\"title_element\":\"h3\",\"meta_style\":\"meta\",\"meta_align\":\"below-title\",\"meta_element\":\"div\",\"link_text\":\"Read more\",\"link_style\":\"default\",\"margin\":\"default\",\"slideshow_max_height\":\"\",\"slideshow_autoplay\":true,\"slidenav_hover\":true,\"slidenav_large\":true,\"slideshow_height\":\"full\",\"visibility\":\"m\",\"slideshow_animation\":\"fade\",\"slideshow_velocity\":\"0.3\"},\"children\":[{\"type\":\"slideshow_item\",\"props\":{\"title\":\"ruka-kuusamo_konttainen_helmi21_sallakarhumaa\",\"image\":\"wp-content\\\/uploads\\\/2021\\\/06\\\/ruka-kuusamo_konttainen_helmi21_sallakarhumaa.jpg\"}},{\"type\":\"slideshow_item\",\"props\":{\"title\":\"lumikenkaily-ruka-kuusamo\",\"image\":\"wp-content\\\/uploads\\\/2021\\\/08\\\/lumikenkaily-ruka-kuusamo.jpg\"}},{\"type\":\"slideshow_item\",\"props\":{\"title\":\"ruka-kuusamo_2020_harritarvainen.jpg\",\"image\":\"wp-content\\\/uploads\\\/2021\\\/06\\\/ruka-kuusamo_2020_harritarvainen.jpg.jpg\"}},{\"type\":\"slideshow_item\",\"props\":{\"title\":\"pyoraily-rukalla\",\"image\":\"wp-content\\\/uploads\\\/2021\\\/06\\\/pyoraily-rukalla.jpg\"}}]}]}]}],\"modified\":\"2021-06-14T07:47:39.655Z\",\"name\":\"slide\"},{\"type\":\"section\",\"props\":{\"style\":\"default\",\"width\":\"default\",\"vertical_align\":\"middle\",\"title_position\":\"top-left\",\"title_rotation\":\"left\",\"title_breakpoint\":\"xl\",\"image_position\":\"center-center\"},\"children\":[{\"type\":\"row\",\"children\":[{\"type\":\"column\",\"props\":{\"image_position\":\"center-center\",\"media_overlay_gradient\":\"\"},\"children\":[{\"type\":\"headline\",\"props\":{\"title_element\":\"h1\",\"content\":\"Aktivit\\u00e4ten\",\"title_style\":\"heading-small\"}},{\"type\":\"text\",\"props\":{\"margin\":\"default\",\"column_breakpoint\":\"m\",\"content\":\"\n\n<p><strong>Rukaj\\u00e4rven Lomamajat on ihanteellinen paikka kunnon kohentamiseen ja \\\"akkujen lataukseen\\\".<\\\/strong><\\\/p>\\n\n\n<p>Ruka ja Kuusamo ymp\\u00e4rist\\u00f6ineen tarjoavat mainiot mahdollisuudet mit\\u00e4 moninaisimpiin harrastuksiin.<\\\/p>\"}},{\"type\":\"grid\",\"props\":{\"show_title\":true,\"show_meta\":true,\"show_content\":true,\"show_image\":true,\"show_link\":true,\"grid_default\":\"1\",\"grid_medium\":\"3\",\"filter_style\":\"tab\",\"filter_all\":true,\"filter_position\":\"top\",\"filter_align\":\"left\",\"filter_grid_width\":\"auto\",\"filter_grid_breakpoint\":\"m\",\"title_hover_style\":\"reset\",\"title_element\":\"h3\",\"title_align\":\"top\",\"title_grid_width\":\"1-2\",\"title_grid_breakpoint\":\"m\",\"meta_style\":\"meta\",\"meta_align\":\"below-title\",\"meta_element\":\"div\",\"content_column_breakpoint\":\"m\",\"icon_width\":80,\"image_align\":\"top\",\"image_grid_width\":\"1-2\",\"image_grid_breakpoint\":\"m\",\"image_svg_color\":\"emphasis\",\"link_text\":\"Lesen Sie Mehr\",\"link_style\":\"primary\",\"margin\":\"default\",\"item_animation\":true,\"panel_style\":\"card-default\",\"panel_link\":true,\"panel_size\":\"small\",\"panel_card_image\":true,\"title_style\":\"h3\",\"content_margin\":\"small\",\"image_width\":\"800px\",\"image_height\":\"600px\",\"image_link\":true,\"grid_small\":\"2\",\"grid_column_gap\":\"small\",\"grid_row_gap\":\"small\",\"grid_large\":\"3\"},\"children\":[{\"type\":\"grid_item\",\"props\":{\"image\":\"https:\\\/\\\/rukajarvenlomamajat.fi\\\/wp-content\\\/uploads\\\/2021\\\/06\\\/rukajarvenlomamajat-rantatuolit.jpg\",\"title\":\"Aktivit\\u00e4ten im sommer\",\"content\":\"\n\n<p>Sicherer Strand f\\u00fcr Kinder, ein ruhiger Ort zum Sonnenbaden, Boote, Angelger\\u00e4te, Volleyballnetz und Dartscheibe.<\\\/p>\\n\n\n<p>Alle herrlichen Wanderrouten von Kuusamo.<\\\/p>\\n\n\n<p>Auch Radfahren, Kanufahren, Wasserrafting, Naturfotografie und Vogelbeobachtung<\\\/p>\",\"link\":\"de\\\/aktivitaten\\\/sommer\\\/\",\"image_alt\":\"Ranta\"}},{\"type\":\"grid_item\",\"props\":{\"title\":\"Aktivit\\u00e4ten im Winter\",\"image\":\"https:\\\/\\\/rukajarvenlomamajat.fi\\\/wp-content\\\/uploads\\\/2021\\\/06\\\/ruka-kuusamo_VillageExpress_VeeraVihervaara.jpg\",\"content\":\"\n\n<p>Ruka ist ein Paradies f\\u00fcr Schneeliebhaber. Sehr gut pr\\u00e4parierte Langlaufloipen stehen Ihnen zur Verf\\u00fcgung.<\\\/p>\\n\n\n<p>Auf den Routen des Ruka-Gebiets k\\u00f6nnen Sie selbstst\\u00e4ndig Schneemobil fahren.<\\\/p>\\n\n\n<p>Auch Eisfischen und Schneeschuhwandern.<\\\/p>\",\"link\":\"de\\\/aktivitaten\\\/im-winter\\\/\"}},{\"type\":\"grid_item\",\"props\":{\"title\":\"ANGELN\",\"image\":\"https:\\\/\\\/rukajarvenlomamajat.fi\\\/wp-content\\\/uploads\\\/2021\\\/06\\\/rukajarvenlomamajat-laavulla-kalalla.jpg\",\"content\":\"\n\n<p><span>Straight from your holiday cottage lakeshore, the clear waters of Lake Rukaj\\u00e4rvi or Lake Vuosselij\\u00e4rvi invite you to go for independent fishing trips.\\u00a0<\\\/span><\\\/p>\\n\n\n<div id=\\\"tm-main\\\" class=\\\"tm-block-main uk-block uk-block-default\\\">\\n\n\n<div class=\\\"uk-container uk-container-center\\\">\\n\n\n<div class=\\\"tm-middle uk-grid\\\" data-uk-grid-match=\\\"\\\" data-uk-grid-margin=\\\"\\\">\\n\n\n<div class=\\\"tm-main uk-width-medium-1-1 uk-row-first\\\"><main id=\\\"tm-content\\\" class=\\\"tm-content\\\">\\n\n\n<article class=\\\"uk-article \\\">\\n\n\n<div class=\\\"tm-article-content uk-margin\\\">\\n\n\n<p>There is an opportunity to grill the day's catch. A separate smoking box with wood chips can be used in the grills.<\\\/p>\\n<\\\/div>\\n<\\\/article>\\n<\\\/main><\\\/div>\\n<\\\/div>\\n<\\\/div>\\n<\\\/div>\",\"link\":\"de\\\/aktivitaten\\\/sommer\\\/angeln\\\/\"}}]}]}]}]}],\"version\":\"2.5.10\"} --><\/p>\n","protected":false},"excerpt":{"rendered":"<p>ruka-kuusamo_konttainen_helmi21_sallakarhumaa lumikenkaily-ruka-kuusamo ruka-kuusamo_2020_harritarvainen.jpg pyoraily-rukalla Aktivit\u00e4ten Rukaj\u00e4rven Lomamajat on ihanteellinen paikka kunnon kohentamiseen ja &#8222;akkujen lataukseen&#8220;. Ruka ja Kuusamo ymp\u00e4rist\u00f6ineen tarjoavat mainiot mahdollisuudet mit\u00e4 moninaisimpiin harrastuksiin. Aktivit\u00e4ten im sommer Sicherer Strand f\u00fcr Kinder, ein ruhiger Ort zum Sonnenbaden, Boote, Angelger\u00e4te, Volleyballnetz und Dartscheibe. Alle herrlichen Wanderrouten von Kuusamo. Auch Radfahren, Kanufahren, Wasserrafting, Naturfotografie und Vogelbeobachtung Lesen [&hellip;]<\/p>\n","protected":false},"author":1,"featured_media":0,"parent":0,"menu_order":6,"comment_status":"closed","ping_status":"closed","template":"","meta":{"footnotes":""},"class_list":["post-2351","page","type-page","status-publish","hentry"],"yoast_head":"<!-- This site is optimized with the Yoast SEO plugin v27.3 - https:\/\/yoast.com\/product\/yoast-seo-wordpress\/ -->\n<title>Aktivit\u00e4ten - Rukaj\u00e4rven lomamajat, Kuusamo<\/title>\n<meta name=\"description\" content=\"Die Gegend Ruka - Kuusamo bietet hervorragende M\u00f6glichkeiten f\u00fcr viele, viele Aktivit\u00e4ten.\" \/>\n<meta name=\"robots\" content=\"index, follow, max-snippet:-1, max-image-preview:large, max-video-preview:-1\" \/>\n<link rel=\"canonical\" href=\"https:\/\/rukajarvenlomamajat.fi\/de\/aktivitaten\/\" \/>\n<meta property=\"og:locale\" content=\"de_DE\" \/>\n<meta property=\"og:type\" content=\"article\" \/>\n<meta property=\"og:title\" content=\"Aktivit\u00e4ten - Rukaj\u00e4rven lomamajat, Kuusamo\" \/>\n<meta property=\"og:description\" content=\"Die Gegend Ruka - Kuusamo bietet hervorragende M\u00f6glichkeiten f\u00fcr viele, viele Aktivit\u00e4ten.\" \/>\n<meta property=\"og:url\" content=\"https:\/\/rukajarvenlomamajat.fi\/de\/aktivitaten\/\" \/>\n<meta property=\"og:site_name\" content=\"Rukaj\u00e4rven lomamajat, Kuusamo\" \/>\n<meta property=\"article:modified_time\" content=\"2021-08-23T09:31:46+00:00\" \/>\n<meta property=\"og:image\" content=\"https:\/\/rukajarvenlomamajat.fi\/wp-content\/uploads\/2021\/06\/ruka-kuusamo_konttainen_helmi21_sallakarhumaa.jpg\" \/>\n<meta name=\"twitter:card\" content=\"summary_large_image\" \/>\n<meta name=\"twitter:label1\" content=\"Gesch\u00e4tzte Lesezeit\" \/>\n\t<meta name=\"twitter:data1\" content=\"1\u00a0Minute\" \/>\n<script type=\"application\/ld+json\" class=\"yoast-schema-graph\">{\"@context\":\"https:\\\/\\\/schema.org\",\"@graph\":[{\"@type\":\"WebPage\",\"@id\":\"https:\\\/\\\/rukajarvenlomamajat.fi\\\/de\\\/aktivitaten\\\/\",\"url\":\"https:\\\/\\\/rukajarvenlomamajat.fi\\\/de\\\/aktivitaten\\\/\",\"name\":\"Aktivit\u00e4ten - Rukaj\u00e4rven lomamajat, Kuusamo\",\"isPartOf\":{\"@id\":\"https:\\\/\\\/rukajarvenlomamajat.fi\\\/de\\\/#website\"},\"primaryImageOfPage\":{\"@id\":\"https:\\\/\\\/rukajarvenlomamajat.fi\\\/de\\\/aktivitaten\\\/#primaryimage\"},\"image\":{\"@id\":\"https:\\\/\\\/rukajarvenlomamajat.fi\\\/de\\\/aktivitaten\\\/#primaryimage\"},\"thumbnailUrl\":\"https:\\\/\\\/rukajarvenlomamajat.fi\\\/wp-content\\\/uploads\\\/2021\\\/06\\\/rukajarvenlomamajat-rantatuolit.jpg\",\"datePublished\":\"2010-09-01T11:48:50+00:00\",\"dateModified\":\"2021-08-23T09:31:46+00:00\",\"description\":\"Die Gegend Ruka - Kuusamo bietet hervorragende M\u00f6glichkeiten f\u00fcr viele, viele Aktivit\u00e4ten.\",\"breadcrumb\":{\"@id\":\"https:\\\/\\\/rukajarvenlomamajat.fi\\\/de\\\/aktivitaten\\\/#breadcrumb\"},\"inLanguage\":\"de\",\"potentialAction\":[{\"@type\":\"ReadAction\",\"target\":[\"https:\\\/\\\/rukajarvenlomamajat.fi\\\/de\\\/aktivitaten\\\/\"]}]},{\"@type\":\"ImageObject\",\"inLanguage\":\"de\",\"@id\":\"https:\\\/\\\/rukajarvenlomamajat.fi\\\/de\\\/aktivitaten\\\/#primaryimage\",\"url\":\"https:\\\/\\\/rukajarvenlomamajat.fi\\\/wp-content\\\/uploads\\\/2021\\\/06\\\/rukajarvenlomamajat-rantatuolit.jpg\",\"contentUrl\":\"https:\\\/\\\/rukajarvenlomamajat.fi\\\/wp-content\\\/uploads\\\/2021\\\/06\\\/rukajarvenlomamajat-rantatuolit.jpg\"},{\"@type\":\"BreadcrumbList\",\"@id\":\"https:\\\/\\\/rukajarvenlomamajat.fi\\\/de\\\/aktivitaten\\\/#breadcrumb\",\"itemListElement\":[{\"@type\":\"ListItem\",\"position\":1,\"name\":\"Etusivu\",\"item\":\"https:\\\/\\\/rukajarvenlomamajat.fi\\\/de\\\/\"},{\"@type\":\"ListItem\",\"position\":2,\"name\":\"Aktivit\u00e4ten\"}]},{\"@type\":\"WebSite\",\"@id\":\"https:\\\/\\\/rukajarvenlomamajat.fi\\\/de\\\/#website\",\"url\":\"https:\\\/\\\/rukajarvenlomamajat.fi\\\/de\\\/\",\"name\":\"Rukaj\u00e4rven lomamajat, Kuusamo\",\"description\":\"Viihtyisi\u00e4 ja tasokkaita m\u00f6kkej\u00e4 Rukalla j\u00e4rven rannalla\",\"potentialAction\":[{\"@type\":\"SearchAction\",\"target\":{\"@type\":\"EntryPoint\",\"urlTemplate\":\"https:\\\/\\\/rukajarvenlomamajat.fi\\\/de\\\/?s={search_term_string}\"},\"query-input\":{\"@type\":\"PropertyValueSpecification\",\"valueRequired\":true,\"valueName\":\"search_term_string\"}}],\"inLanguage\":\"de\"}]}<\/script>\n<!-- \/ Yoast SEO plugin. -->","yoast_head_json":{"title":"Aktivit\u00e4ten - Rukaj\u00e4rven lomamajat, Kuusamo","description":"Die Gegend Ruka - Kuusamo bietet hervorragende M\u00f6glichkeiten f\u00fcr viele, viele Aktivit\u00e4ten.","robots":{"index":"index","follow":"follow","max-snippet":"max-snippet:-1","max-image-preview":"max-image-preview:large","max-video-preview":"max-video-preview:-1"},"canonical":"https:\/\/rukajarvenlomamajat.fi\/de\/aktivitaten\/","og_locale":"de_DE","og_type":"article","og_title":"Aktivit\u00e4ten - Rukaj\u00e4rven lomamajat, Kuusamo","og_description":"Die Gegend Ruka - Kuusamo bietet hervorragende M\u00f6glichkeiten f\u00fcr viele, viele Aktivit\u00e4ten.","og_url":"https:\/\/rukajarvenlomamajat.fi\/de\/aktivitaten\/","og_site_name":"Rukaj\u00e4rven lomamajat, Kuusamo","article_modified_time":"2021-08-23T09:31:46+00:00","og_image":[{"url":"https:\/\/rukajarvenlomamajat.fi\/wp-content\/uploads\/2021\/06\/ruka-kuusamo_konttainen_helmi21_sallakarhumaa.jpg","type":"","width":"","height":""}],"twitter_card":"summary_large_image","twitter_misc":{"Gesch\u00e4tzte Lesezeit":"1\u00a0Minute"},"schema":{"@context":"https:\/\/schema.org","@graph":[{"@type":"WebPage","@id":"https:\/\/rukajarvenlomamajat.fi\/de\/aktivitaten\/","url":"https:\/\/rukajarvenlomamajat.fi\/de\/aktivitaten\/","name":"Aktivit\u00e4ten - Rukaj\u00e4rven lomamajat, Kuusamo","isPartOf":{"@id":"https:\/\/rukajarvenlomamajat.fi\/de\/#website"},"primaryImageOfPage":{"@id":"https:\/\/rukajarvenlomamajat.fi\/de\/aktivitaten\/#primaryimage"},"image":{"@id":"https:\/\/rukajarvenlomamajat.fi\/de\/aktivitaten\/#primaryimage"},"thumbnailUrl":"https:\/\/rukajarvenlomamajat.fi\/wp-content\/uploads\/2021\/06\/rukajarvenlomamajat-rantatuolit.jpg","datePublished":"2010-09-01T11:48:50+00:00","dateModified":"2021-08-23T09:31:46+00:00","description":"Die Gegend Ruka - Kuusamo bietet hervorragende M\u00f6glichkeiten f\u00fcr viele, viele Aktivit\u00e4ten.","breadcrumb":{"@id":"https:\/\/rukajarvenlomamajat.fi\/de\/aktivitaten\/#breadcrumb"},"inLanguage":"de","potentialAction":[{"@type":"ReadAction","target":["https:\/\/rukajarvenlomamajat.fi\/de\/aktivitaten\/"]}]},{"@type":"ImageObject","inLanguage":"de","@id":"https:\/\/rukajarvenlomamajat.fi\/de\/aktivitaten\/#primaryimage","url":"https:\/\/rukajarvenlomamajat.fi\/wp-content\/uploads\/2021\/06\/rukajarvenlomamajat-rantatuolit.jpg","contentUrl":"https:\/\/rukajarvenlomamajat.fi\/wp-content\/uploads\/2021\/06\/rukajarvenlomamajat-rantatuolit.jpg"},{"@type":"BreadcrumbList","@id":"https:\/\/rukajarvenlomamajat.fi\/de\/aktivitaten\/#breadcrumb","itemListElement":[{"@type":"ListItem","position":1,"name":"Etusivu","item":"https:\/\/rukajarvenlomamajat.fi\/de\/"},{"@type":"ListItem","position":2,"name":"Aktivit\u00e4ten"}]},{"@type":"WebSite","@id":"https:\/\/rukajarvenlomamajat.fi\/de\/#website","url":"https:\/\/rukajarvenlomamajat.fi\/de\/","name":"Rukaj\u00e4rven lomamajat, Kuusamo","description":"Viihtyisi\u00e4 ja tasokkaita m\u00f6kkej\u00e4 Rukalla j\u00e4rven rannalla","potentialAction":[{"@type":"SearchAction","target":{"@type":"EntryPoint","urlTemplate":"https:\/\/rukajarvenlomamajat.fi\/de\/?s={search_term_string}"},"query-input":{"@type":"PropertyValueSpecification","valueRequired":true,"valueName":"search_term_string"}}],"inLanguage":"de"}]}},"_links":{"self":[{"href":"https:\/\/rukajarvenlomamajat.fi\/de\/wp-json\/wp\/v2\/pages\/2351","targetHints":{"allow":["GET"]}}],"collection":[{"href":"https:\/\/rukajarvenlomamajat.fi\/de\/wp-json\/wp\/v2\/pages"}],"about":[{"href":"https:\/\/rukajarvenlomamajat.fi\/de\/wp-json\/wp\/v2\/types\/page"}],"author":[{"embeddable":true,"href":"https:\/\/rukajarvenlomamajat.fi\/de\/wp-json\/wp\/v2\/users\/1"}],"replies":[{"embeddable":true,"href":"https:\/\/rukajarvenlomamajat.fi\/de\/wp-json\/wp\/v2\/comments?post=2351"}],"version-history":[{"count":0,"href":"https:\/\/rukajarvenlomamajat.fi\/de\/wp-json\/wp\/v2\/pages\/2351\/revisions"}],"wp:attachment":[{"href":"https:\/\/rukajarvenlomamajat.fi\/de\/wp-json\/wp\/v2\/media?parent=2351"}],"curies":[{"name":"wp","href":"https:\/\/api.w.org\/{rel}","templated":true}]}}