{"id":2344,"date":"2021-06-14T14:55:22","date_gmt":"2021-06-14T11:55:22","guid":{"rendered":"https:\/\/rukajarvenlomamajat.fi\/uusi\/yhteystiedot\/"},"modified":"2023-12-07T09:54:54","modified_gmt":"2023-12-07T07:54:54","slug":"kontakt","status":"publish","type":"page","link":"https:\/\/rukajarvenlomamajat.fi\/de\/kontakt\/","title":{"rendered":"Kontakt"},"content":{"rendered":"<h4>Unterk\u00fcnfte suchen (en)<\/h4>\n<div>\n<form action=\"https:\/\/rukajarvenlomamajat.bookingonline.fi\/?haku=1683\" method=\"get\" target=\"blank\"><input name=\"kieli\" type=\"hidden\" value=\"UKN\" \/> <input name=\"haku\" type=\"hidden\" value=\"1683\" \/> <input id=\"alku\" style=\"width: 160px; height: 30px; margin: 10px 0 10px 0;\" name=\"alku\" size=\"auto\" type=\"date\" value=\"pp.kk.vvvv\" \/> \u00a0<input id=\"loppu\" style=\"width: 160px; height: 30px; margin: 10px 0 10px 0;\" name=\"loppu\" size=\"auto\" type=\"date\" value=\"pp.kk.vvvv\" \/><span style=\"color: #fff;\">\u00a0 <strong>Personenzahl\u00a0<\/strong><\/span>\u00a0\u00a0<select id=\"hlo style=\" name=\"hlo\" style=\"height: 30px; width: 40px; margin: 10px 0 10px 0;\">\u00a0<option value=\"2\">2<\/option>\u00a0<option value=\"3\">3<\/option>\u00a0<option value=\"4\">4<\/option>\u00a0<option value=\"5\">5<\/option>\u00a0<option value=\"6\">6<\/option>\u00a0<option value=\"7\">7<\/option>\u00a0<option value=\"8\">8<\/option><\/select>\u00a0 \u00a0 <button class=\"el-content uk-button uk-button-primary uk-button-small\" type=\"Submit\">Suche<\/button><\/form>\n<\/div>\n<h1>Rukaj\u00e4rven lomamajat<\/h1>\n<div>\n<p>Rukaj\u00e4rventie 60,<br \/>93830 RUKATUNTURI<br \/>Finnland<\/p>\n<p>Wir sprechen Finnisch und Englisch.<\/p>\n<\/div>\n<ul>\n<li>\n        <a href=\"tel:+358400389621\">+358 400 389 621<\/a>\n    <\/li>\n<li>\n        <a href=\"mailto:info@rukajarvenlomamajat.fi\">info@rukajarvenlomamajat.fi<\/a>\n    <\/li>\n<\/ul>\n<div>\n<p><iframe width=\"100%\" height=\"450\" style=\"border: 0;\" src=\"https:\/\/www.google.com\/maps\/embed?pb=!1m14!1m8!1m3!1d103306.44211755127!2d29.201588000000005!3d66.135779!3m2!1i1024!2i768!4f13.1!3m3!1m2!1s0x0%3A0x8ae806c1accb2af1!2sRukaj%C3%A4rven%20Lomamajat!5e0!3m2!1sfi!2sfi!4v1623671970459!5m2!1sfi!2sfi\" allowfullscreen=\"allowfullscreen\" loading=\"lazy\"><\/iframe><\/p>\n<\/div>\n<p><!--more--><br \/>\n<!-- {\"type\":\"layout\",\"children\":[{\"type\":\"section\",\"props\":{\"image_position\":\"center-center\",\"padding\":\"small\",\"preserve_color\":false,\"style\":\"secondary\",\"title_breakpoint\":\"xl\",\"title_position\":\"top-left\",\"title_rotation\":\"left\",\"vertical_align\":\"middle\",\"width\":\"default\"},\"children\":[{\"type\":\"row\",\"children\":[{\"type\":\"column\",\"props\":{\"image_position\":\"center-center\",\"position_sticky_breakpoint\":\"m\"},\"children\":[{\"type\":\"headline\",\"props\":{\"content\":\"Unterk\\u00fcnfte suchen (en)\",\"text_align\":\"center\",\"title_element\":\"h4\",\"title_style\":\"h4\"}},{\"type\":\"text\",\"props\":{\"column_breakpoint\":\"m\",\"content\":\"\n\n<form action=\\\"https:\\\/\\\/rukajarvenlomamajat.bookingonline.fi\\\/?haku=1683\\\" method=\\\"get\\\" target=\\\"blank\\\"><input name=\\\"kieli\\\" type=\\\"hidden\\\" value=\\\"UKN\\\" \\\/> <input name=\\\"haku\\\" type=\\\"hidden\\\" value=\\\"1683\\\" \\\/> <input id=\\\"alku\\\" style=\\\"width: 160px; height: 30px; margin: 10px 0 10px 0;\\\" name=\\\"alku\\\" size=\\\"auto\\\" type=\\\"date\\\" value=\\\"pp.kk.vvvv\\\" \\\/> \\u00a0<input id=\\\"loppu\\\" style=\\\"width: 160px; height: 30px; margin: 10px 0 10px 0;\\\" name=\\\"loppu\\\" size=\\\"auto\\\" type=\\\"date\\\" value=\\\"pp.kk.vvvv\\\" \\\/><span style=\\\"color: #fff;\\\">\\u00a0 <strong>Personenzahl\\u00a0<\\\/strong><\\\/span>\\u00a0\\u00a0<select id=\\\"hlo style=\\\" name=\\\"hlo\\\" style=\\\"height: 30px; width: 40px; margin: 10px 0 10px 0;\\\">\\u00a0\\n<option value=\\\"2\\\">2<\\\/option>\\n\\u00a0\\n<option value=\\\"3\\\">3<\\\/option>\\n\\u00a0\\n<option value=\\\"4\\\">4<\\\/option>\\n\\u00a0\\n<option value=\\\"5\\\">5<\\\/option>\\n\\u00a0\\n<option value=\\\"6\\\">6<\\\/option>\\n\\u00a0\\n<option value=\\\"7\\\">7<\\\/option>\\n\\u00a0\\n<option value=\\\"8\\\">8<\\\/option>\\n<\\\/select>\\u00a0 \\u00a0 <button class=\\\"el-content uk-button uk-button-primary uk-button-small\\\" type=\\\"Submit\\\">Suche<\\\/button><\\\/form>\",\"margin\":\"default\",\"text_align\":\"center\"}}]}]}],\"modified\":\"2021-05-20T08:31:50.123Z\",\"name\":\"Varaus section fi\"},{\"type\":\"section\",\"props\":{\"image_position\":\"center-center\",\"style\":\"default\",\"title_breakpoint\":\"xl\",\"title_position\":\"top-left\",\"title_rotation\":\"left\",\"vertical_align\":\"middle\",\"width\":\"default\"},\"children\":[{\"type\":\"row\",\"props\":{\"layout\":\"1-2,1-2\"},\"children\":[{\"type\":\"column\",\"props\":{\"image_position\":\"center-center\",\"position_sticky_breakpoint\":\"m\",\"width_medium\":\"1-2\"},\"children\":[{\"type\":\"headline\",\"props\":{\"content\":\"Rukaj\\u00e4rven lomamajat\",\"title_element\":\"h1\",\"title_style\":\"h2\"}},{\"type\":\"text\",\"props\":{\"column_breakpoint\":\"m\",\"content\":\"\n\n<p>Rukaj\\u00e4rventie 60,<br \\\/>93830 RUKATUNTURI<br \\\/>Finnland<\\\/p>\\n\n\n<p>Wir sprechen Finnisch und Englisch.<\\\/p>\",\"margin\":\"default\"}},{\"type\":\"button\",\"props\":{\"grid_column_gap\":\"small\",\"grid_row_gap\":\"small\",\"margin\":\"default\"},\"children\":[{\"type\":\"button_item\",\"props\":{\"button_style\":\"default\",\"content\":\"+358 400 389 621\",\"icon\":\"\",\"icon_align\":\"left\",\"link\":\"tel:+358400389621\"}},{\"type\":\"button_item\",\"props\":{\"button_style\":\"default\",\"content\":\"info@rukajarvenlomamajat.fi\",\"icon\":\"\",\"icon_align\":\"left\",\"link\":\"mailto:info@rukajarvenlomamajat.fi\"}}]}]},{\"type\":\"column\",\"props\":{\"image_position\":\"center-center\",\"position_sticky_breakpoint\":\"m\",\"width_medium\":\"1-2\"},\"children\":[{\"type\":\"text\",\"props\":{\"column_breakpoint\":\"m\",\"content\":\"\n\n<p><iframe width=\\\"100%\\\" height=\\\"450\\\" style=\\\"border: 0;\\\" src=\\\"https:\\\/\\\/www.google.com\\\/maps\\\/embed?pb=!1m14!1m8!1m3!1d103306.44211755127!2d29.201588000000005!3d66.135779!3m2!1i1024!2i768!4f13.1!3m3!1m2!1s0x0%3A0x8ae806c1accb2af1!2sRukaj%C3%A4rven%20Lomamajat!5e0!3m2!1sfi!2sfi!4v1623671970459!5m2!1sfi!2sfi\\\" allowfullscreen=\\\"allowfullscreen\\\" loading=\\\"lazy\\\"><\\\/iframe><\\\/p>\",\"margin\":\"default\"}}]}]}]}],\"version\":\"4.1.2\"} --><\/p>\n","protected":false},"excerpt":{"rendered":"<p>Unterk\u00fcnfte suchen (en) \u00a0\u00a0 Personenzahl\u00a0\u00a0\u00a0\u00a02\u00a03\u00a04\u00a05\u00a06\u00a07\u00a08\u00a0 \u00a0 Suche Rukaj\u00e4rven lomamajat Rukaj\u00e4rventie 60,93830 RUKATUNTURIFinnland Wir sprechen Finnisch und Englisch. +358 400 389 621 info@rukajarvenlomamajat.fi<\/p>\n","protected":false},"author":1,"featured_media":0,"parent":0,"menu_order":0,"comment_status":"closed","ping_status":"closed","template":"","meta":{"footnotes":""},"class_list":["post-2344","page","type-page","status-publish","hentry"],"yoast_head":"<!-- This site is optimized with the Yoast SEO plugin v27.3 - https:\/\/yoast.com\/product\/yoast-seo-wordpress\/ -->\n<title>Kontakt - Rukaj\u00e4rven lomamajat, Kuusamo<\/title>\n<meta name=\"robots\" content=\"index, follow, max-snippet:-1, max-image-preview:large, max-video-preview:-1\" \/>\n<link rel=\"canonical\" href=\"https:\/\/rukajarvenlomamajat.fi\/de\/kontakt\/\" \/>\n<meta property=\"og:locale\" content=\"de_DE\" \/>\n<meta property=\"og:type\" content=\"article\" \/>\n<meta property=\"og:title\" content=\"Kontakt - Rukaj\u00e4rven lomamajat, Kuusamo\" \/>\n<meta property=\"og:description\" content=\"Unterk\u00fcnfte suchen (en) \u00a0\u00a0 Personenzahl\u00a0\u00a0\u00a0\u00a02\u00a03\u00a04\u00a05\u00a06\u00a07\u00a08\u00a0 \u00a0 Suche Rukaj\u00e4rven lomamajat Rukaj\u00e4rventie 60,93830 RUKATUNTURIFinnland Wir sprechen Finnisch und Englisch. +358 400 389 621 info@rukajarvenlomamajat.fi\" \/>\n<meta property=\"og:url\" content=\"https:\/\/rukajarvenlomamajat.fi\/de\/kontakt\/\" \/>\n<meta property=\"og:site_name\" content=\"Rukaj\u00e4rven lomamajat, Kuusamo\" \/>\n<meta property=\"article:modified_time\" content=\"2023-12-07T07:54:54+00:00\" \/>\n<meta name=\"twitter:card\" content=\"summary_large_image\" \/>\n<script type=\"application\/ld+json\" class=\"yoast-schema-graph\">{\"@context\":\"https:\\\/\\\/schema.org\",\"@graph\":[{\"@type\":\"WebPage\",\"@id\":\"https:\\\/\\\/rukajarvenlomamajat.fi\\\/de\\\/kontakt\\\/\",\"url\":\"https:\\\/\\\/rukajarvenlomamajat.fi\\\/de\\\/kontakt\\\/\",\"name\":\"Kontakt - Rukaj\u00e4rven lomamajat, Kuusamo\",\"isPartOf\":{\"@id\":\"https:\\\/\\\/rukajarvenlomamajat.fi\\\/de\\\/#website\"},\"datePublished\":\"2021-06-14T11:55:22+00:00\",\"dateModified\":\"2023-12-07T07:54:54+00:00\",\"breadcrumb\":{\"@id\":\"https:\\\/\\\/rukajarvenlomamajat.fi\\\/de\\\/kontakt\\\/#breadcrumb\"},\"inLanguage\":\"de\",\"potentialAction\":[{\"@type\":\"ReadAction\",\"target\":[\"https:\\\/\\\/rukajarvenlomamajat.fi\\\/de\\\/kontakt\\\/\"]}]},{\"@type\":\"BreadcrumbList\",\"@id\":\"https:\\\/\\\/rukajarvenlomamajat.fi\\\/de\\\/kontakt\\\/#breadcrumb\",\"itemListElement\":[{\"@type\":\"ListItem\",\"position\":1,\"name\":\"Etusivu\",\"item\":\"https:\\\/\\\/rukajarvenlomamajat.fi\\\/de\\\/\"},{\"@type\":\"ListItem\",\"position\":2,\"name\":\"Kontakt\"}]},{\"@type\":\"WebSite\",\"@id\":\"https:\\\/\\\/rukajarvenlomamajat.fi\\\/de\\\/#website\",\"url\":\"https:\\\/\\\/rukajarvenlomamajat.fi\\\/de\\\/\",\"name\":\"Rukaj\u00e4rven lomamajat, Kuusamo\",\"description\":\"Viihtyisi\u00e4 ja tasokkaita m\u00f6kkej\u00e4 Rukalla j\u00e4rven rannalla\",\"potentialAction\":[{\"@type\":\"SearchAction\",\"target\":{\"@type\":\"EntryPoint\",\"urlTemplate\":\"https:\\\/\\\/rukajarvenlomamajat.fi\\\/de\\\/?s={search_term_string}\"},\"query-input\":{\"@type\":\"PropertyValueSpecification\",\"valueRequired\":true,\"valueName\":\"search_term_string\"}}],\"inLanguage\":\"de\"}]}<\/script>\n<!-- \/ Yoast SEO plugin. -->","yoast_head_json":{"title":"Kontakt - Rukaj\u00e4rven lomamajat, Kuusamo","robots":{"index":"index","follow":"follow","max-snippet":"max-snippet:-1","max-image-preview":"max-image-preview:large","max-video-preview":"max-video-preview:-1"},"canonical":"https:\/\/rukajarvenlomamajat.fi\/de\/kontakt\/","og_locale":"de_DE","og_type":"article","og_title":"Kontakt - Rukaj\u00e4rven lomamajat, Kuusamo","og_description":"Unterk\u00fcnfte suchen (en) \u00a0\u00a0 Personenzahl\u00a0\u00a0\u00a0\u00a02\u00a03\u00a04\u00a05\u00a06\u00a07\u00a08\u00a0 \u00a0 Suche Rukaj\u00e4rven lomamajat Rukaj\u00e4rventie 60,93830 RUKATUNTURIFinnland Wir sprechen Finnisch und Englisch. +358 400 389 621 info@rukajarvenlomamajat.fi","og_url":"https:\/\/rukajarvenlomamajat.fi\/de\/kontakt\/","og_site_name":"Rukaj\u00e4rven lomamajat, Kuusamo","article_modified_time":"2023-12-07T07:54:54+00:00","twitter_card":"summary_large_image","schema":{"@context":"https:\/\/schema.org","@graph":[{"@type":"WebPage","@id":"https:\/\/rukajarvenlomamajat.fi\/de\/kontakt\/","url":"https:\/\/rukajarvenlomamajat.fi\/de\/kontakt\/","name":"Kontakt - Rukaj\u00e4rven lomamajat, Kuusamo","isPartOf":{"@id":"https:\/\/rukajarvenlomamajat.fi\/de\/#website"},"datePublished":"2021-06-14T11:55:22+00:00","dateModified":"2023-12-07T07:54:54+00:00","breadcrumb":{"@id":"https:\/\/rukajarvenlomamajat.fi\/de\/kontakt\/#breadcrumb"},"inLanguage":"de","potentialAction":[{"@type":"ReadAction","target":["https:\/\/rukajarvenlomamajat.fi\/de\/kontakt\/"]}]},{"@type":"BreadcrumbList","@id":"https:\/\/rukajarvenlomamajat.fi\/de\/kontakt\/#breadcrumb","itemListElement":[{"@type":"ListItem","position":1,"name":"Etusivu","item":"https:\/\/rukajarvenlomamajat.fi\/de\/"},{"@type":"ListItem","position":2,"name":"Kontakt"}]},{"@type":"WebSite","@id":"https:\/\/rukajarvenlomamajat.fi\/de\/#website","url":"https:\/\/rukajarvenlomamajat.fi\/de\/","name":"Rukaj\u00e4rven lomamajat, Kuusamo","description":"Viihtyisi\u00e4 ja tasokkaita m\u00f6kkej\u00e4 Rukalla j\u00e4rven rannalla","potentialAction":[{"@type":"SearchAction","target":{"@type":"EntryPoint","urlTemplate":"https:\/\/rukajarvenlomamajat.fi\/de\/?s={search_term_string}"},"query-input":{"@type":"PropertyValueSpecification","valueRequired":true,"valueName":"search_term_string"}}],"inLanguage":"de"}]}},"_links":{"self":[{"href":"https:\/\/rukajarvenlomamajat.fi\/de\/wp-json\/wp\/v2\/pages\/2344","targetHints":{"allow":["GET"]}}],"collection":[{"href":"https:\/\/rukajarvenlomamajat.fi\/de\/wp-json\/wp\/v2\/pages"}],"about":[{"href":"https:\/\/rukajarvenlomamajat.fi\/de\/wp-json\/wp\/v2\/types\/page"}],"author":[{"embeddable":true,"href":"https:\/\/rukajarvenlomamajat.fi\/de\/wp-json\/wp\/v2\/users\/1"}],"replies":[{"embeddable":true,"href":"https:\/\/rukajarvenlomamajat.fi\/de\/wp-json\/wp\/v2\/comments?post=2344"}],"version-history":[{"count":1,"href":"https:\/\/rukajarvenlomamajat.fi\/de\/wp-json\/wp\/v2\/pages\/2344\/revisions"}],"predecessor-version":[{"id":4001,"href":"https:\/\/rukajarvenlomamajat.fi\/de\/wp-json\/wp\/v2\/pages\/2344\/revisions\/4001"}],"wp:attachment":[{"href":"https:\/\/rukajarvenlomamajat.fi\/de\/wp-json\/wp\/v2\/media?parent=2344"}],"curies":[{"name":"wp","href":"https:\/\/api.w.org\/{rel}","templated":true}]}}